{"id":1094,"date":"2025-10-16T06:48:13","date_gmt":"2025-10-16T06:48:13","guid":{"rendered":"https:\/\/www.new.iboo-formation.fr\/?page_id=1094"},"modified":"2025-10-16T06:49:20","modified_gmt":"2025-10-16T06:49:20","slug":"a-propos-centre-formation-angers","status":"publish","type":"page","link":"https:\/\/www.new.iboo-formation.fr\/index.php\/a-propos-centre-formation-angers\/","title":{"rendered":"\u00c0 propos \/ Le centre"},"content":{"rendered":"\t\t<div data-elementor-type=\"wp-page\" data-elementor-id=\"1094\" class=\"elementor elementor-1094\">\n\t\t\t\t\t\t<section class=\"elementor-section elementor-top-section elementor-element elementor-element-650460c2 elementor-section-stretched elementor-section-full_width elementor-section-height-full elementor-section-height-default elementor-section-items-middle elementor-invisible\" data-id=\"650460c2\" data-element_type=\"section\" data-settings=\"{&quot;stretch_section&quot;:&quot;section-stretched&quot;,&quot;background_background&quot;:&quot;classic&quot;,&quot;animation&quot;:&quot;slideInDown&quot;}\">\n\t\t\t\t\t\t<div class=\"elementor-container elementor-column-gap-default\">\n\t\t\t\t\t<div class=\"elementor-column elementor-col-100 elementor-top-column elementor-element elementor-element-5d7f7f65\" data-id=\"5d7f7f65\" data-element_type=\"column\">\n\t\t\t<div class=\"elementor-widget-wrap elementor-element-populated\">\n\t\t\t\t\t\t<div class=\"elementor-element elementor-element-71ffc60 elementor-widget elementor-widget-text-editor\" data-id=\"71ffc60\" data-element_type=\"widget\" data-widget_type=\"text-editor.default\">\n\t\t\t\t\t\t\t\t\t<div class=\"w-full flex items-center justify-center py-12 md:py-16\">\n  <div class=\"text-center p-4 max-w-4xl mx-auto\">\n    <h2 class=\"text-3xl sm:text-4xl md:text-5xl font-bold leading-tight\" style=\"color: #ffffff;\">\n      PR\u00c9SENTATION D&#8217;IBOO FORMATION\n    <\/h2>\n  <\/div>\n<\/div>\n\t\t\t\t\t\t\t\t<\/div>\n\t\t\t\t\t<\/div>\n\t\t<\/div>\n\t\t\t\t\t<\/div>\n\t\t<\/section>\n\t\t\t\t<section class=\"elementor-section elementor-top-section elementor-element elementor-element-5911381e elementor-section-boxed elementor-section-height-default elementor-section-height-default\" data-id=\"5911381e\" data-element_type=\"section\">\n\t\t\t\t\t\t<div class=\"elementor-container elementor-column-gap-default\">\n\t\t\t\t\t<div class=\"elementor-column elementor-col-100 elementor-top-column elementor-element elementor-element-46d2959d\" data-id=\"46d2959d\" data-element_type=\"column\">\n\t\t\t<div class=\"elementor-widget-wrap elementor-element-populated\">\n\t\t\t\t\t\t<div class=\"elementor-element elementor-element-4d2561b elementor-widget elementor-widget-heading\" data-id=\"4d2561b\" data-element_type=\"widget\" data-widget_type=\"heading.default\">\n\t\t\t\t\t<h2 class=\"elementor-heading-title elementor-size-default\">iBoo FORMATION depuis 2005\ncon\u00e7oit et organise des actions de formation pour r\u00e9pondre aux besoins sp\u00e9cifiques des apprenants.<\/h2>\t\t\t\t<\/div>\n\t\t\t\t<div class=\"elementor-element elementor-element-6af51e40 elementor-widget-divider--view-line elementor-widget elementor-widget-divider\" data-id=\"6af51e40\" data-element_type=\"widget\" data-widget_type=\"divider.default\">\n\t\t\t\t\t\t\t<div class=\"elementor-divider\">\n\t\t\t<span class=\"elementor-divider-separator\">\n\t\t\t\t\t\t<\/span>\n\t\t<\/div>\n\t\t\t\t\t\t<\/div>\n\t\t\t\t\t<\/div>\n\t\t<\/div>\n\t\t\t\t\t<\/div>\n\t\t<\/section>\n\t\t\t\t<section class=\"elementor-section elementor-top-section elementor-element elementor-element-70c74479 elementor-section-boxed elementor-section-height-default elementor-section-height-default\" data-id=\"70c74479\" data-element_type=\"section\">\n\t\t\t\t\t\t<div class=\"elementor-container elementor-column-gap-default\">\n\t\t\t\t\t<div class=\"elementor-column elementor-col-33 elementor-top-column elementor-element elementor-element-4c16873c\" data-id=\"4c16873c\" data-element_type=\"column\">\n\t\t\t<div class=\"elementor-widget-wrap elementor-element-populated\">\n\t\t\t\t\t\t<div class=\"elementor-element elementor-element-21137bc3 elementor-widget elementor-widget-heading\" data-id=\"21137bc3\" data-element_type=\"widget\" data-widget_type=\"heading.default\">\n\t\t\t\t\t<h3 class=\"elementor-heading-title elementor-size-default\">QUI SOMMES-NOUS<\/h3>\t\t\t\t<\/div>\n\t\t\t\t<div class=\"elementor-element elementor-element-63792599 elementor-widget elementor-widget-text-editor\" data-id=\"63792599\" data-element_type=\"widget\" data-widget_type=\"text-editor.default\">\n\t\t\t\t\t\t\t\t\t<p>iBoo FORMATION s&#8217;est engag\u00e9, d\u00e8s sa cr\u00e9ation en 2005, aux services des personnes ne maitrisant pas l&#8217;outil informatique. Sa vocation premi\u00e8re est de privil\u00e9gier une offre de formation principalement centr\u00e9e sur l&#8217;\u00e9panouissement de la personne sur son poste et environnement de travail. Nous sommes convaincus que la productivit\u00e9 ne s&#8217;improvise pas, elle s&#8217;apprend avec la transmission d&#8217;un savoir-faire pratique des technologies informatiques.<\/p>\n<p>Notre statut de prestataire de service num\u00e9rique nous permet d&#8217;\u00eatre en permanence au contact des r\u00e9alit\u00e9s terrain des besoins professionnels du march\u00e9 de la formation. L&#8217;exercice de ce m\u00e9tier au quotidien nous am\u00e8ne \u00e0 partager notre exp\u00e9rience \u00e0 des utilisateurs finaux sur des th\u00e8mes riches et vari\u00e9s.<\/p>\t\t\t\t\t\t\t\t<\/div>\n\t\t\t\t\t<\/div>\n\t\t<\/div>\n\t\t\t\t<div class=\"elementor-column elementor-col-33 elementor-top-column elementor-element elementor-element-40811dc8\" data-id=\"40811dc8\" data-element_type=\"column\">\n\t\t\t<div class=\"elementor-widget-wrap\">\n\t\t\t\t\t\t\t<\/div>\n\t\t<\/div>\n\t\t\t\t<div class=\"elementor-column elementor-col-33 elementor-top-column elementor-element elementor-element-70269285\" data-id=\"70269285\" data-element_type=\"column\">\n\t\t\t<div class=\"elementor-widget-wrap elementor-element-populated\">\n\t\t\t\t\t\t<div class=\"elementor-element elementor-element-33c5b6ec elementor-widget elementor-widget-heading\" data-id=\"33c5b6ec\" data-element_type=\"widget\" data-widget_type=\"heading.default\">\n\t\t\t\t\t<h3 class=\"elementor-heading-title elementor-size-default\">QUE FAISONS-NOUS<\/h3>\t\t\t\t<\/div>\n\t\t\t\t<div class=\"elementor-element elementor-element-611b64a4 elementor-widget elementor-widget-text-editor\" data-id=\"611b64a4\" data-element_type=\"widget\" data-widget_type=\"text-editor.default\">\n\t\t\t\t\t\t\t\t\t<p>Notre mission principale est de vous accompagner dans vos dispositifs de formation gr\u00e2ce \u00e0\u00a0des sessions de formation de courte dur\u00e9e sous forme inter-entreprise ou sur site dans le cadre de formations intra-entreprises.<\/p><p>Nous \u00e9laborons des programmes qui s&#8217;\u00e9largissent chaque ann\u00e9e et qui englobent diff\u00e9rentes activit\u00e9s et domaines :<\/p><ul><li><strong>Formation en comptabilit\u00e9<\/strong><\/li><li><strong>Formation bureautique<\/strong><\/li><li><strong>Formation en conduite de projet<\/strong><\/li><li><strong>Formation communication commerciale<\/strong><\/li><\/ul>\t\t\t\t\t\t\t\t<\/div>\n\t\t\t\t\t<\/div>\n\t\t<\/div>\n\t\t\t\t\t<\/div>\n\t\t<\/section>\n\t\t\t\t<section class=\"elementor-section elementor-top-section elementor-element elementor-element-2dcc528 elementor-section-boxed elementor-section-height-default elementor-section-height-default\" data-id=\"2dcc528\" data-element_type=\"section\">\n\t\t\t\t\t\t<div class=\"elementor-container elementor-column-gap-default\">\n\t\t\t\t\t<div class=\"elementor-column elementor-col-33 elementor-top-column elementor-element elementor-element-9b6cde7\" data-id=\"9b6cde7\" data-element_type=\"column\">\n\t\t\t<div class=\"elementor-widget-wrap elementor-element-populated\">\n\t\t\t\t\t\t<div class=\"elementor-element elementor-element-7c3a650 elementor-widget elementor-widget-heading\" data-id=\"7c3a650\" data-element_type=\"widget\" data-widget_type=\"heading.default\">\n\t\t\t\t\t<h3 class=\"elementor-heading-title elementor-size-default\">QUELS SONT NOS OBJECTIFS<\/h3>\t\t\t\t<\/div>\n\t\t\t\t<div class=\"elementor-element elementor-element-6da3f1c5 elementor-widget elementor-widget-text-editor\" data-id=\"6da3f1c5\" data-element_type=\"widget\" data-widget_type=\"text-editor.default\">\n\t\t\t\t\t\t\t\t\t<ul><li>Dispenser une formation qui<strong>\u00a0r\u00e9ponde aux besoins actuels<\/strong>.<\/li><li>Proposer\u00a0<strong>un\u00a0contenu p\u00e9dagogique\u00a0adapt\u00e9 \u00e0 la r\u00e9alit\u00e9 professionnelle quotidienne<\/strong>\u00a0par une approche concr\u00e8te bas\u00e9e sur des exp\u00e9riences de terrain.<\/li><li>Favoriser ainsi les transferts de connaissances et l\u2019optimisation des acquis et faciliter leur mise en application pratique.<\/li><li><strong>Encadrer et consolider vos dispositifs de formation<\/strong> en vous accompagnant sur le terrain au c\u0153ur de vos projets.<\/li><li>Int\u00e9grer notre d\u00e9marche qualit\u00e9 \u00e0 tous les stades de ce processus.<\/li><\/ul>\t\t\t\t\t\t\t\t<\/div>\n\t\t\t\t\t<\/div>\n\t\t<\/div>\n\t\t\t\t<div class=\"elementor-column elementor-col-33 elementor-top-column elementor-element elementor-element-d1dc211\" data-id=\"d1dc211\" data-element_type=\"column\">\n\t\t\t<div class=\"elementor-widget-wrap\">\n\t\t\t\t\t\t\t<\/div>\n\t\t<\/div>\n\t\t\t\t<div class=\"elementor-column elementor-col-33 elementor-top-column elementor-element elementor-element-67feb6f6\" data-id=\"67feb6f6\" data-element_type=\"column\">\n\t\t\t<div class=\"elementor-widget-wrap elementor-element-populated\">\n\t\t\t\t\t\t<div class=\"elementor-element elementor-element-6ab3d819 elementor-widget elementor-widget-heading\" data-id=\"6ab3d819\" data-element_type=\"widget\" data-widget_type=\"heading.default\">\n\t\t\t\t\t<h3 class=\"elementor-heading-title elementor-size-default\">QUELLE EST NOTRE APPROCHE<\/h3>\t\t\t\t<\/div>\n\t\t\t\t<div class=\"elementor-element elementor-element-e7bb444 elementor-widget elementor-widget-text-editor\" data-id=\"e7bb444\" data-element_type=\"widget\" data-widget_type=\"text-editor.default\">\n\t\t\t\t\t\t\t\t\t<ul><li>Une\u00a0<strong>anticipation des besoins par une veille permanente<\/strong>\u00a0des \u00e9volutions scientifiques, r\u00e9glementaires et organisationnelles dans ces secteurs d\u2019activit\u00e9.<\/li><li>Une<strong>\u00a0r\u00e9actualisation permanente<\/strong>\u00a0de nos programmes et de leur contenu.<\/li><li>Une <strong>d\u00e9marche soutenue et valid\u00e9e<\/strong>\u00a0gr\u00e2ce \u00e0 une collaboration \u00e9troite avec un grand nombre de professionnels (consultants ou intervenants sp\u00e9cialis\u00e9s dans chaque discipline) pour les domaines de formation propos\u00e9s.<\/li><li>Une p\u00e9dagogie orignale et percutante.<\/li><\/ul>\t\t\t\t\t\t\t\t<\/div>\n\t\t\t\t\t<\/div>\n\t\t<\/div>\n\t\t\t\t\t<\/div>\n\t\t<\/section>\n\t\t\t\t<section class=\"elementor-section elementor-top-section elementor-element elementor-element-72506a40 elementor-section-boxed elementor-section-height-default elementor-section-height-default\" data-id=\"72506a40\" data-element_type=\"section\">\n\t\t\t\t\t\t<div class=\"elementor-container elementor-column-gap-default\">\n\t\t\t\t\t<div class=\"elementor-column elementor-col-100 elementor-top-column elementor-element elementor-element-2a680971\" data-id=\"2a680971\" data-element_type=\"column\">\n\t\t\t<div class=\"elementor-widget-wrap elementor-element-populated\">\n\t\t\t\t\t\t<div class=\"elementor-element elementor-element-3eacad6d elementor-widget elementor-widget-heading\" data-id=\"3eacad6d\" data-element_type=\"widget\" data-widget_type=\"heading.default\">\n\t\t\t\t\t<h3 class=\"elementor-heading-title elementor-size-default\">FORMATIONS <\/h3>\t\t\t\t<\/div>\n\t\t\t\t<div class=\"elementor-element elementor-element-3b083c5e elementor-widget elementor-widget-text-editor\" data-id=\"3b083c5e\" data-element_type=\"widget\" data-widget_type=\"text-editor.default\">\n\t\t\t\t\t\t\t\t\t<p>Chez iBoo TECHNOLOGIES , nous nous engageons \u00e0 offrir des formations de haute qualit\u00e9 adapt\u00e9es aux besoins sp\u00e9cifiques de votre entreprise.<br \/>Nous organisons des formations en intra-entreprise, nos experts viennent animer dans de vos locaux, pour une exp\u00e9rience personnalis\u00e9e et adapt\u00e9e \u00e0 votre environnement de travail.<br \/>Pour les formations n\u00e9cessitant des locaux externes, nous s\u00e9lectionnons rigoureusement des lieux conformes aux exigences d&#8217;accessibilit\u00e9 et parfaitement adapt\u00e9s aux besoins de chaque session. Nos lieux de formation respectent les normes en vigueur et assurent un environnement d&#8217;apprentissage optimal, en accord avec les crit\u00e8res Qualiopi.<\/p>\t\t\t\t\t\t\t\t<\/div>\n\t\t\t\t\t<\/div>\n\t\t<\/div>\n\t\t\t\t\t<\/div>\n\t\t<\/section>\n\t\t\t\t<section class=\"elementor-section elementor-top-section elementor-element elementor-element-937fec1 elementor-section-stretched elementor-section-full_width elementor-section-height-min-height elementor-section-height-default elementor-section-items-middle\" data-id=\"937fec1\" data-element_type=\"section\" data-settings=\"{&quot;stretch_section&quot;:&quot;section-stretched&quot;,&quot;background_background&quot;:&quot;classic&quot;}\">\n\t\t\t\t\t\t<div class=\"elementor-container elementor-column-gap-no\">\n\t\t\t\t\t<div class=\"elementor-column elementor-col-100 elementor-top-column elementor-element elementor-element-5cd5c19b\" data-id=\"5cd5c19b\" data-element_type=\"column\">\n\t\t\t<div class=\"elementor-widget-wrap\">\n\t\t\t\t\t\t\t<\/div>\n\t\t<\/div>\n\t\t\t\t\t<\/div>\n\t\t<\/section>\n\t\t\t\t<section class=\"elementor-section elementor-top-section elementor-element elementor-element-59d15141 elementor-section-boxed elementor-section-height-default elementor-section-height-default\" data-id=\"59d15141\" data-element_type=\"section\">\n\t\t\t\t\t\t<div class=\"elementor-container elementor-column-gap-default\">\n\t\t\t\t\t<div class=\"elementor-column elementor-col-100 elementor-top-column elementor-element elementor-element-1eb43405\" data-id=\"1eb43405\" data-element_type=\"column\">\n\t\t\t<div class=\"elementor-widget-wrap elementor-element-populated\">\n\t\t\t\t\t\t<div class=\"elementor-element elementor-element-308aba78 elementor-align-center elementor-widget elementor-widget-button\" data-id=\"308aba78\" data-element_type=\"widget\" data-widget_type=\"button.default\">\n\t\t\t\t\t\t\t\t\t\t<a class=\"elementor-button elementor-button-link elementor-size-sm\" href=\"https:\/\/iboo-formation.fr\/demande-information-formation-angers-a-distance\/\">\n\t\t\t\t\t\t<span class=\"elementor-button-content-wrapper\">\n\t\t\t\t\t\t\t\t\t<span class=\"elementor-button-text\">REJOIGNER NOTRE \u00c9QUIPE<\/span>\n\t\t\t\t\t<\/span>\n\t\t\t\t\t<\/a>\n\t\t\t\t\t\t\t\t<\/div>\n\t\t\t\t<div class=\"elementor-element elementor-element-4378564a elementor-widget elementor-widget-image\" data-id=\"4378564a\" data-element_type=\"widget\" data-widget_type=\"image.default\">\n\t\t\t\t\t\t\t\t\t\t\t\t\t\t\t<img fetchpriority=\"high\" decoding=\"async\" width=\"768\" height=\"512\" src=\"https:\/\/www.new.iboo-formation.fr\/wp-content\/uploads\/2025\/10\/Equipe-au-complet21-768x512.png\" class=\"attachment-medium_large size-medium_large wp-image-521\" alt=\"\" srcset=\"https:\/\/www.new.iboo-formation.fr\/wp-content\/uploads\/2025\/10\/Equipe-au-complet21-768x512.png 768w, https:\/\/www.new.iboo-formation.fr\/wp-content\/uploads\/2025\/10\/Equipe-au-complet21-300x200.png 300w, https:\/\/www.new.iboo-formation.fr\/wp-content\/uploads\/2025\/10\/Equipe-au-complet21.png 891w\" sizes=\"(max-width: 768px) 100vw, 768px\" \/>\t\t\t\t\t\t\t\t\t\t\t\t\t\t\t<\/div>\n\t\t\t\t\t<\/div>\n\t\t<\/div>\n\t\t\t\t\t<\/div>\n\t\t<\/section>\n\t\t\t\t<\/div>\n\t\t","protected":false},"excerpt":{"rendered":"<p>PR\u00c9SENTATION D&#8217;IBOO FORMATION iBoo FORMATION depuis 2005 con\u00e7oit et organise des actions de formation pour r\u00e9pondre aux besoins sp\u00e9cifiques des apprenants. QUI SOMMES-NOUS iBoo FORMATION s&#8217;est engag\u00e9, d\u00e8s sa cr\u00e9ation en 2005, aux services des personnes ne maitrisant pas l&#8217;outil informatique. Sa vocation premi\u00e8re est de privil\u00e9gier une offre de formation principalement centr\u00e9e sur l&#8217;\u00e9panouissement&#8230;<\/p>\n","protected":false},"author":1,"featured_media":0,"parent":0,"menu_order":0,"comment_status":"closed","ping_status":"closed","template":"elementor_header_footer","meta":{"_kad_post_transparent":"","_kad_post_title":"hide","_kad_post_layout":"fullwidth","_kad_post_sidebar_id":"","_kad_post_content_style":"unboxed","_kad_post_vertical_padding":"hide","_kad_post_feature":"hide","_kad_post_feature_position":"","_kad_post_header":false,"_kad_post_footer":false,"footnotes":""},"class_list":["post-1094","page","type-page","status-publish","hentry"],"_links":{"self":[{"href":"https:\/\/www.new.iboo-formation.fr\/index.php\/wp-json\/wp\/v2\/pages\/1094","targetHints":{"allow":["GET"]}}],"collection":[{"href":"https:\/\/www.new.iboo-formation.fr\/index.php\/wp-json\/wp\/v2\/pages"}],"about":[{"href":"https:\/\/www.new.iboo-formation.fr\/index.php\/wp-json\/wp\/v2\/types\/page"}],"author":[{"embeddable":true,"href":"https:\/\/www.new.iboo-formation.fr\/index.php\/wp-json\/wp\/v2\/users\/1"}],"replies":[{"embeddable":true,"href":"https:\/\/www.new.iboo-formation.fr\/index.php\/wp-json\/wp\/v2\/comments?post=1094"}],"version-history":[{"count":4,"href":"https:\/\/www.new.iboo-formation.fr\/index.php\/wp-json\/wp\/v2\/pages\/1094\/revisions"}],"predecessor-version":[{"id":1098,"href":"https:\/\/www.new.iboo-formation.fr\/index.php\/wp-json\/wp\/v2\/pages\/1094\/revisions\/1098"}],"wp:attachment":[{"href":"https:\/\/www.new.iboo-formation.fr\/index.php\/wp-json\/wp\/v2\/media?parent=1094"}],"curies":[{"name":"wp","href":"https:\/\/api.w.org\/{rel}","templated":true}]}}