{"id":1162,"date":"2025-10-17T16:38:11","date_gmt":"2025-10-17T16:38:11","guid":{"rendered":"https:\/\/www.new.iboo-formation.fr\/?page_id=1162"},"modified":"2025-10-17T17:05:06","modified_gmt":"2025-10-17T17:05:06","slug":"toutes-nos-formations-2","status":"publish","type":"page","link":"https:\/\/www.new.iboo-formation.fr\/index.php\/toutes-nos-formations-2\/","title":{"rendered":"Toutes nos formations"},"content":{"rendered":"\t\t<div data-elementor-type=\"wp-page\" data-elementor-id=\"1162\" class=\"elementor elementor-1162\">\n\t\t\t\t<div class=\"elementor-element elementor-element-47b7992 e-con-full e-flex e-con e-parent\" data-id=\"47b7992\" data-element_type=\"container\">\n\t\t\t\t<div class=\"elementor-element elementor-element-4089226 elementor-widget elementor-widget-html\" data-id=\"4089226\" data-element_type=\"widget\" data-widget_type=\"html.default\">\n\t\t\t\t\t<!-- Copiez et collez tout ce code dans un widget HTML ou Texte d'Elementor -->\r\n<div class=\"iboo-landing-container\">\r\n    <main>\r\n        <!-- Section 1 \u2013 Hero -->\r\n        <section class=\"relative py-20 md:py-32 bg-blue-50\">\r\n            <div class=\"w-full px-6 text-center relative z-10\">\r\n                <h1 class=\"text-4xl md:text-6xl font-extrabold text-gray-800\">7 domaines d'intervention, choisissez le v\u00f4tre !<\/h1>\r\n                <p class=\"mt-4 text-lg md:text-xl text-gray-600 max-w-3xl mx-auto\">D\u00e9couvrez nos p\u00f4les d'expertise et trouvez la formation adapt\u00e9e \u00e0 vos besoins.<\/p>\r\n            <\/div>\r\n        <\/section>\r\n\r\n        <!-- Section 2 \u2013 Domaines de formation -->\r\n        <section class=\"py-16 md:py-24 bg-white\">\r\n            <div class=\"container mx-auto px-6\">\r\n                <div class=\"grid md:grid-cols-2 lg:grid-cols-3 gap-8\">\r\n                    \r\n                    <!-- Bureautique -->\r\n                    <a href=\"https:\/\/www.new.iboo-formation.fr\/index.php\/formations-bureautique-2\/\" class=\"bg-gray-50 p-8 rounded-lg shadow-md transform hover:shadow-xl hover:-translate-y-2 transition-all duration-300 flex flex-col no-underline\">\r\n                        <div class=\"flex-shrink-0\"><svg xmlns=\"http:\/\/www.w3.org\/2000\/svg\" class=\"h-12 w-12 text-blue-600 mb-4\" fill=\"none\" viewBox=\"0 0 24 24\" stroke=\"currentColor\" stroke-width=\"2\" width=\"48\" height=\"48\"><path stroke-linecap=\"round\" stroke-linejoin=\"round\" d=\"M9 17v-2m3 2v-4m3 4v-6m2 10H7a2 2 0 01-2-2V5a2 2 0 012-2h5.586a1 1 0 01.707.293l5.414 5.414a1 1 0 01.293.707V19a2 2 0 01-2 2z\" \/><\/svg><\/div>\r\n                        <h3 class=\"text-2xl font-bold text-gray-800\">Gagnez en bureautique<\/h3>\r\n                        <p class=\"mt-2 text-gray-600 flex-grow\">Apprenez \u00e0 maitriser les logiciels : Word, Excel, PowerPoint, Outlook, Access, \u2026 de d\u00e9butant \u00e0 expert. Formules sur mesure\u2026<\/p>\r\n                    <\/a>\r\n\r\n                    <!-- IA -->\r\n                    <a href=\"https:\/\/www.new.iboo-formation.fr\/index.php\/formations-intelligence-artificielle\" class=\"bg-gray-50 p-8 rounded-lg shadow-md transform hover:shadow-xl hover:-translate-y-2 transition-all duration-300 flex flex-col no-underline\">\r\n                        <div class=\"flex-shrink-0\"><svg xmlns=\"http:\/\/www.w3.org\/2000\/svg\" class=\"h-12 w-12 text-blue-600 mb-4\" fill=\"none\" viewBox=\"0 0 24 24\" stroke=\"currentColor\" stroke-width=\"2\" width=\"48\" height=\"48\"><path stroke-linecap=\"round\" stroke-linejoin=\"round\" d=\"M9.75 17L9 20l-1 1h8l-1-1-.75-3M3 13h18M5 17h14a2 2 0 002-2V5a2 2 0 00-2-2H5a2 2 0 00-2 2v10a2 2 0 002 2z\" \/><\/svg><\/div>\r\n                        <h3 class=\"text-2xl font-bold text-gray-800\">Boostez avec l'IA<\/h3>\r\n                        <p class=\"mt-2 text-gray-600 flex-grow\">Devenez ma\u00eetre de l\u2019IA : Apprenez \u00e0 exploiter son potentiel pour votre carri\u00e8re et votre entreprise. Boostez vos comp\u00e9tences avec\u2026<\/p>\r\n                    <\/a>\r\n\r\n                    <!-- Gestion -->\r\n                    <a href=\"https:\/\/www.new.iboo-formation.fr\/index.php\/formations-gestion-comptabilite\" class=\"bg-gray-50 p-8 rounded-lg shadow-md transform hover:shadow-xl hover:-translate-y-2 transition-all duration-300 flex flex-col no-underline\">\r\n                        <div class=\"flex-shrink-0\"><svg xmlns=\"http:\/\/www.w3.org\/2000\/svg\" class=\"h-12 w-12 text-blue-600 mb-4\" fill=\"none\" viewBox=\"0 0 24 24\" stroke=\"currentColor\" stroke-width=\"2\" width=\"48\" height=\"48\"><path stroke-linecap=\"round\" stroke-linejoin=\"round\" d=\"M9 7h6m0 10v-3m-3 3h.01M9 17h.01M9 14h.01M12 14h.01M15 11h.01M12 11h.01M9 11h.01M7 21h10a2 2 0 002-2V5a2 2 0 00-2-2H7a2 2 0 00-2 2v14a2 2 0 002 2z\" \/><\/svg><\/div>\r\n                        <h3 class=\"text-2xl font-bold text-gray-800\">Gestion Commerciale et Comptabilit\u00e9<\/h3>\r\n                        <p class=\"mt-2 text-gray-600 flex-grow\">Parmi les logiciels de gestion, formez vous au plus adapt\u00e9 \u00e0 votre activit\u00e9. Simplifiez votre gestion & comptabilit\u00e9 gr\u00e2ce \u00e0 nos formations\u2026<\/p>\r\n                    <\/a>\r\n\r\n                    <!-- Management -->\r\n                    <a href=\"https:\/\/www.new.iboo-formation.fr\/index.php\/formations-management-communication\/\" class=\"bg-gray-50 p-8 rounded-lg shadow-md transform hover:shadow-xl hover:-translate-y-2 transition-all duration-300 flex flex-col no-underline\">\r\n                        <div class=\"flex-shrink-0\"><svg xmlns=\"http:\/\/www.w3.org\/2000\/svg\" class=\"h-12 w-12 text-blue-600 mb-4\" fill=\"none\" viewBox=\"0 0 24 24\" stroke=\"currentColor\" stroke-width=\"2\" width=\"48\" height=\"48\"><path stroke-linecap=\"round\" stroke-linejoin=\"round\" d=\"M17 20h5v-2a3 3 0 00-5.356-1.857M17 20H7m10 0v-2c0-.656-.126-1.283-.356-1.857M7 20H2v-2a3 3 0 015.356-1.857M7 20v-2c0-.656.126-1.283.356-1.857m0 0a5.002 5.002 0 019.288 0M15 7a3 3 0 11-6 0 3 3 0 016 0zm6 3a2 2 0 11-4 0 2 2 0 014 0zM7 10a2 2 0 11-4 0 2 2 0 014 0z\" \/><\/svg><\/div>\r\n                        <h3 class=\"text-2xl font-bold text-gray-800\">Management & Gestion de Projet<\/h3>\r\n                        <p class=\"mt-2 text-gray-600 flex-grow\">Comprendre, ma\u00eetriser la configuration, la gestion de donn\u00e9es en gestion de projet. M\u00e9thode, planification, \u2026<\/p>\r\n                    <\/a>\r\n\r\n                    <!-- PAO -->\r\n                    <a href=\"https:\/\/www.new.iboo-formation.fr\/index.php\/formations-web-creation-digitale\/\" class=\"bg-gray-50 p-8 rounded-lg shadow-md transform hover:shadow-xl hover:-translate-y-2 transition-all duration-300 flex flex-col no-underline\">\r\n                        <div class=\"flex-shrink-0\"><svg xmlns=\"http:\/\/www.w3.org\/2000\/svg\" class=\"h-12 w-12 text-blue-600 mb-4\" fill=\"none\" viewBox=\"0 0 24 24\" stroke=\"currentColor\" stroke-width=\"2\" width=\"48\" height=\"48\"><path stroke-linecap=\"round\" stroke-linejoin=\"round\" d=\"M15.232 5.232l3.536 3.536m-2.036-5.036a2.5 2.5 0 113.536 3.536L6.5 21.036H3v-3.572L16.732 3.732z\" \/><\/svg><\/div>\r\n                        <h3 class=\"text-2xl font-bold text-gray-800\">PAO & Conception Graphique<\/h3>\r\n                        <p class=\"mt-2 text-gray-600 flex-grow\">Formation Photoshop, Illustrator, Indesign, Acrobat Pro. Mise en page, cr\u00e9ation de support visuel, retouche photo\u2026<\/p>\r\n                    <\/a>\r\n\r\n                    <!-- WEB -->\r\n                    <a href=\"https:\/\/www.new.iboo-formation.fr\/index.php\/formations-web-creation-digitale-6\" class=\"bg-gray-50 p-8 rounded-lg shadow-md transform hover:shadow-xl hover:-translate-y-2 transition-all duration-300 flex flex-col no-underline\">\r\n                        <div class=\"flex-shrink-0\"><svg xmlns=\"http:\/\/www.w3.org\/2000\/svg\" class=\"h-12 w-12 text-blue-600 mb-4\" fill=\"none\" viewBox=\"0 0 24 24\" stroke=\"currentColor\" stroke-width=\"2\" width=\"48\" height=\"48\"><path stroke-linecap=\"round\" stroke-linejoin=\"round\" d=\"M10 20l4-16m4 4l4 4-4 4M6 16l-4-4 4-4\" \/><\/svg><\/div>\r\n                        <h3 class=\"text-2xl font-bold text-gray-800\">Cr\u00e9ation Web & R\u00e9f\u00e9rencement<\/h3>\r\n                        <p class=\"mt-2 text-gray-600 flex-grow\">Rejoignez-nous \u00e0 la formation cr\u00e9ation de votre site web \u00b7 R\u00e9f\u00e9rencement naturel, payant \u00b7 Webmarketing \u00b7 Web design \u00b7 Communication<\/p>\r\n                    <\/a>\r\n                <\/div>\r\n            <\/div>\r\n        <\/section>\r\n\r\n        <!-- Section centr\u00e9e pour la derni\u00e8re formation -->\r\n        <section class=\"py-16 md:py-24 bg-white\">\r\n            <div class=\"container mx-auto px-6 flex justify-center\">\r\n                <!-- Communication & Strat\u00e9gie -->\r\n                <a href=\"https:\/\/www.new.iboo-formation.fr\/index.php\/formations-management-communication-5\/\" class=\"bg-gray-50 p-8 rounded-lg shadow-md transform hover:shadow-xl hover:-translate-y-2 transition-all duration-300 flex flex-col md:w-1\/2 lg:w-1\/3 no-underline\">\r\n                    <div class=\"flex-shrink-0\"><svg xmlns=\"http:\/\/www.w3.org\/2000\/svg\" class=\"h-12 w-12 text-blue-600 mb-4\" fill=\"none\" viewBox=\"0 0 24 24\" stroke=\"currentColor\" stroke-width=\"2\" width=\"48\" height=\"48\"><path stroke-linecap=\"round\" stroke-linejoin=\"round\" d=\"M8 12h.01M12 12h.01M16 12h.01M21 12c0 4.418-4.03 8-9 8a9.863 9.863 0 01-4.255-.949L3 20l1.395-3.72C3.512 15.042 3 13.574 3 12c0-4.418 4.03-8 9-8s9 3.582 9 8z\" \/><\/svg><\/div>\r\n                    <h3 class=\"text-2xl font-bold text-gray-800\">Prise de Parole & Strat\u00e9gie<\/h3>\r\n                    <p class=\"mt-2 text-gray-600 flex-grow\">D\u00e9veloppez votre impact : am\u00e9liorez votre aisance \u00e0 l\u2019oral et votre communication percutante.<\/p>\r\n                <\/a>\r\n            <\/div>\r\n        <\/section>\r\n\r\n        <!-- Section Call to Action final -->\r\n        <section id=\"contact\" class=\"py-20 md:py-32 bg-blue-50\">\r\n            <div class=\"container mx-auto px-6 text-center\">\r\n                 <h2 class=\"text-3xl md:text-5xl font-extrabold text-gray-900\">Pr\u00eat \u00e0 booster vos comp\u00e9tences ?<\/h2>\r\n                 <p class=\"mt-4 text-lg md:text-xl text-gray-600 max-w-2xl mx-auto\">Contactez notre \u00e9quipe pour un devis rapide ou une inscription imm\u00e9diate.<\/p>\r\n                <div class=\"mt-8 flex justify-center gap-4 flex-wrap\">\r\n                     <a href=\"https:\/\/www.new.iboo-formation.fr\/index.php\/inscription-formation\/\" class=\"bg-blue-600 hover:bg-blue-700 text-white font-bold py-3 px-8 rounded-lg shadow-lg transform hover:-translate-y-1 hover:scale-105 hover:shadow-2xl transition-all duration-300 ease-in-out\">Contactez-nous<\/a>\r\n                     <a href=\"https:\/\/www.new.iboo-formation.fr\/index.php\/demande-dinformation-ou-devis\/\" class=\"bg-transparent hover:bg-blue-50 text-blue-600 border-2 border-blue-600 font-bold py-3 px-8 rounded-lg transform hover:-translate-y-1 hover:scale-105 hover:shadow-xl transition-all duration-300 ease-in-out\">Demander un devis gratuit<\/a>\r\n                <\/div>\r\n            <\/div>\r\n        <\/section>\r\n    <\/main>\r\n<\/div>\r\n\t\t\t\t<\/div>\n\t\t\t\t<\/div>\n\t\t\t\t<\/div>\n\t\t","protected":false},"excerpt":{"rendered":"<p>7 domaines d&#8217;intervention, choisissez le v\u00f4tre ! D\u00e9couvrez nos p\u00f4les d&#8217;expertise et trouvez la formation adapt\u00e9e \u00e0 vos besoins. Gagnez en bureautique Apprenez \u00e0 maitriser les logiciels : Word, Excel, PowerPoint, Outlook, Access, \u2026 de d\u00e9butant \u00e0 expert. Formules sur mesure\u2026 Boostez avec l&#8217;IA Devenez ma\u00eetre de l\u2019IA : Apprenez \u00e0 exploiter son potentiel pour&#8230;<\/p>\n","protected":false},"author":1,"featured_media":0,"parent":0,"menu_order":0,"comment_status":"closed","ping_status":"closed","template":"elementor_header_footer","meta":{"_kad_post_transparent":"","_kad_post_title":"hide","_kad_post_layout":"fullwidth","_kad_post_sidebar_id":"","_kad_post_content_style":"unboxed","_kad_post_vertical_padding":"hide","_kad_post_feature":"hide","_kad_post_feature_position":"","_kad_post_header":false,"_kad_post_footer":false,"footnotes":""},"class_list":["post-1162","page","type-page","status-publish","hentry"],"_links":{"self":[{"href":"https:\/\/www.new.iboo-formation.fr\/index.php\/wp-json\/wp\/v2\/pages\/1162","targetHints":{"allow":["GET"]}}],"collection":[{"href":"https:\/\/www.new.iboo-formation.fr\/index.php\/wp-json\/wp\/v2\/pages"}],"about":[{"href":"https:\/\/www.new.iboo-formation.fr\/index.php\/wp-json\/wp\/v2\/types\/page"}],"author":[{"embeddable":true,"href":"https:\/\/www.new.iboo-formation.fr\/index.php\/wp-json\/wp\/v2\/users\/1"}],"replies":[{"embeddable":true,"href":"https:\/\/www.new.iboo-formation.fr\/index.php\/wp-json\/wp\/v2\/comments?post=1162"}],"version-history":[{"count":10,"href":"https:\/\/www.new.iboo-formation.fr\/index.php\/wp-json\/wp\/v2\/pages\/1162\/revisions"}],"predecessor-version":[{"id":1175,"href":"https:\/\/www.new.iboo-formation.fr\/index.php\/wp-json\/wp\/v2\/pages\/1162\/revisions\/1175"}],"wp:attachment":[{"href":"https:\/\/www.new.iboo-formation.fr\/index.php\/wp-json\/wp\/v2\/media?parent=1162"}],"curies":[{"name":"wp","href":"https:\/\/api.w.org\/{rel}","templated":true}]}}