{"id":605,"date":"2025-10-15T13:23:30","date_gmt":"2025-10-15T13:23:30","guid":{"rendered":"https:\/\/www.new.iboo-formation.fr\/?page_id=605"},"modified":"2025-10-15T15:14:56","modified_gmt":"2025-10-15T15:14:56","slug":"demande-dinformation-ou-devis","status":"publish","type":"page","link":"https:\/\/www.new.iboo-formation.fr\/index.php\/demande-dinformation-ou-devis\/","title":{"rendered":"Demande d&#8217;information ou devis"},"content":{"rendered":"\t\t<div data-elementor-type=\"wp-page\" data-elementor-id=\"605\" class=\"elementor elementor-605\">\n\t\t\t\t\t\t<section class=\"elementor-section elementor-top-section elementor-element elementor-element-781dbd4c elementor-section-stretched elementor-section-full_width elementor-section-height-full elementor-section-height-default elementor-section-items-middle elementor-invisible\" data-id=\"781dbd4c\" data-element_type=\"section\" data-settings=\"{&quot;stretch_section&quot;:&quot;section-stretched&quot;,&quot;background_background&quot;:&quot;classic&quot;,&quot;animation&quot;:&quot;slideInDown&quot;}\">\n\t\t\t\t\t\t<div class=\"elementor-container elementor-column-gap-default\">\n\t\t\t\t\t<div class=\"elementor-column elementor-col-100 elementor-top-column elementor-element elementor-element-7a63cd80\" data-id=\"7a63cd80\" data-element_type=\"column\">\n\t\t\t<div class=\"elementor-widget-wrap elementor-element-populated\">\n\t\t\t\t\t\t<div class=\"elementor-element elementor-element-34956d63 elementor-widget elementor-widget-text-editor\" data-id=\"34956d63\" data-element_type=\"widget\" data-widget_type=\"text-editor.default\">\n\t\t\t\t\t\t\t\t\t<div class=\"w-full flex items-center justify-center py-12 md:py-16\">\n  <div class=\"text-center p-4 max-w-4xl mx-auto\">\n    <h1 class=\"text-3xl sm:text-4xl md:text-5xl font-bold leading-tight\" style=\"color: #ffffff;\">\n      DEMANDE D&#8217;INFORMATION <span style=\"font-weight: normal;\">OU UN DEVIS<\/span>\n    <\/h1>\n  <\/div>\n<\/div>\n\t\t\t\t\t\t\t\t<\/div>\n\t\t\t\t\t<\/div>\n\t\t<\/div>\n\t\t\t\t\t<\/div>\n\t\t<\/section>\n\t\t\t\t<section class=\"elementor-section elementor-top-section elementor-element elementor-element-734f4e55 elementor-section-boxed elementor-section-height-default elementor-section-height-default\" data-id=\"734f4e55\" data-element_type=\"section\">\n\t\t\t\t\t\t<div class=\"elementor-container elementor-column-gap-default\">\n\t\t\t\t\t<div class=\"elementor-column elementor-col-100 elementor-top-column elementor-element elementor-element-3aea476c\" data-id=\"3aea476c\" data-element_type=\"column\">\n\t\t\t<div class=\"elementor-widget-wrap elementor-element-populated\">\n\t\t\t\t\t\t<div class=\"elementor-element elementor-element-7d292182 elementor-widget elementor-widget-heading\" data-id=\"7d292182\" data-element_type=\"widget\" data-widget_type=\"heading.default\">\n\t\t\t\t\t<h1 class=\"elementor-heading-title elementor-size-default\">Contactez-nous<\/h1>\t\t\t\t<\/div>\n\t\t\t\t<div class=\"elementor-element elementor-element-5fc65f7 elementor-widget elementor-widget-text-editor\" data-id=\"5fc65f7\" data-element_type=\"widget\" data-widget_type=\"text-editor.default\">\n\t\t\t\t\t\t\t\t\t<p><span style=\"font-size: 10pt;\">Votre adresse email ne sera pas publi\u00e9e. Les champs requis sont indiqu\u00e9s.<\/span><\/p><p><span style=\"font-size: 10pt;\">Vous souhaitez des renseignements sur notre organisme, ses offres de formation, ou souhaitez b\u00e9n\u00e9ficier de conseils sur un parcours de formation ou sur votre plan de d\u00e9veloppement des comp\u00e9tences ? Nous vous invitons \u00e0 remplir le formulaire ci-contre :<\/span><\/p>\t\t\t\t\t\t\t\t<\/div>\n\t\t\t\t<div class=\"elementor-element elementor-element-e6bc5e9 elementor-widget elementor-widget-html\" data-id=\"e6bc5e9\" data-element_type=\"widget\" data-widget_type=\"html.default\">\n\t\t\t\t\t<!-- D\u00e9but du Widget -->\r\n    <div class=\"font-inter max-w-md w-full bg-white p-4 rounded-lg border border-purple-300\">\r\n        <div class=\"flex items-center\">\r\n            <!-- Ic\u00f4ne de localisation -->\r\n            <div class=\"flex-shrink-0 mr-4\">\r\n                <svg xmlns=\"http:\/\/www.w3.org\/2000\/svg\" class=\"h-8 w-8\" style=\"color: #FFC107;\" viewBox=\"0 0 20 20\" fill=\"currentColor\">\r\n                  <path fill-rule=\"evenodd\" d=\"M5.05 4.05a7 7 0 119.9 9.9L10 18.9l-4.95-4.95a7 7 0 010-9.9zM10 11a2 2 0 100-4 2 2 0 000 4z\" clip-rule=\"evenodd\" \/>\r\n                <\/svg>\r\n            <\/div>\r\n            <!-- Contenu texte -->\r\n            <div>\r\n                <p class=\"font-bold text-gray-800 text-base leading-tight\">Adresse<\/p>\r\n                <p class=\"text-gray-600 text-sm\">20, rue de G\u00e9ricault - 49000 ANGERS - 02.41.76.04.98<\/p>\r\n            <\/div>\r\n        <\/div>\r\n    <\/div>\r\n    <!-- Fin du Widget -->\t\t\t\t<\/div>\n\t\t\t\t<div class=\"elementor-element elementor-element-3b4a4d66 elementor-widget__width-initial elementor-widget elementor-widget-shortcode\" data-id=\"3b4a4d66\" data-element_type=\"widget\" data-widget_type=\"shortcode.default\">\n\t\t\t\t\t\t\t<div class=\"elementor-shortcode\">\n<div class=\"wpcf7 no-js\" id=\"wpcf7-f659-o1\" lang=\"en-US\" dir=\"ltr\" data-wpcf7-id=\"659\">\n<div class=\"screen-reader-response\"><p role=\"status\" aria-live=\"polite\" aria-atomic=\"true\"><\/p> <ul><\/ul><\/div>\n<form action=\"\/index.php\/wp-json\/wp\/v2\/pages\/605#wpcf7-f659-o1\" method=\"post\" class=\"wpcf7-form init\" aria-label=\"Contact form\" novalidate=\"novalidate\" data-status=\"init\">\n<fieldset class=\"hidden-fields-container\"><input type=\"hidden\" name=\"_wpcf7\" value=\"659\" \/><input type=\"hidden\" name=\"_wpcf7_version\" value=\"6.1.2\" \/><input type=\"hidden\" name=\"_wpcf7_locale\" value=\"en_US\" \/><input type=\"hidden\" name=\"_wpcf7_unit_tag\" value=\"wpcf7-f659-o1\" \/><input type=\"hidden\" name=\"_wpcf7_container_post\" value=\"0\" \/><input type=\"hidden\" name=\"_wpcf7_posted_data_hash\" value=\"\" \/>\n<\/fieldset>\n<p><label> Nom *<br \/>\n<span class=\"wpcf7-form-control-wrap\" data-name=\"votre-nom\"><input size=\"40\" maxlength=\"400\" class=\"wpcf7-form-control wpcf7-text wpcf7-validates-as-required\" aria-required=\"true\" aria-invalid=\"false\" value=\"\" type=\"text\" name=\"votre-nom\" \/><\/span> <\/label>\n<\/p>\n<p><label> E-mail *<br \/>\n<span class=\"wpcf7-form-control-wrap\" data-name=\"votre-email\"><input size=\"40\" maxlength=\"400\" class=\"wpcf7-form-control wpcf7-email wpcf7-validates-as-required wpcf7-text wpcf7-validates-as-email\" aria-required=\"true\" aria-invalid=\"false\" value=\"\" type=\"email\" name=\"votre-email\" \/><\/span> <\/label>\n<\/p>\n<p><label> Soci\u00e9t\u00e9 *<br \/>\n<span class=\"wpcf7-form-control-wrap\" data-name=\"votre-societe\"><input size=\"40\" maxlength=\"400\" class=\"wpcf7-form-control wpcf7-text wpcf7-validates-as-required\" aria-required=\"true\" aria-invalid=\"false\" value=\"\" type=\"text\" name=\"votre-societe\" \/><\/span> <\/label>\n<\/p>\n<p><label> Fonction *<br \/>\n<span class=\"wpcf7-form-control-wrap\" data-name=\"votre-fonction\"><input size=\"40\" maxlength=\"400\" class=\"wpcf7-form-control wpcf7-text wpcf7-validates-as-required\" aria-required=\"true\" aria-invalid=\"false\" value=\"\" type=\"text\" name=\"votre-fonction\" \/><\/span> <\/label>\n<\/p>\n<p><label> T\u00e9l\u00e9phone<br \/>\n<span class=\"wpcf7-form-control-wrap\" data-name=\"votre-telephone\"><input size=\"40\" maxlength=\"400\" class=\"wpcf7-form-control wpcf7-tel wpcf7-text wpcf7-validates-as-tel\" aria-invalid=\"false\" value=\"\" type=\"tel\" name=\"votre-telephone\" \/><\/span> <\/label>\n<\/p>\n<p><label> Objet<br \/>\n<span class=\"wpcf7-form-control-wrap\" data-name=\"votre-objet\"><input size=\"40\" maxlength=\"400\" class=\"wpcf7-form-control wpcf7-text\" aria-invalid=\"false\" value=\"\" type=\"text\" name=\"votre-objet\" \/><\/span> <\/label>\n<\/p>\n<p><label> Votre message<br \/>\n<span class=\"wpcf7-form-control-wrap\" data-name=\"votre-message\"><textarea cols=\"40\" rows=\"10\" maxlength=\"2000\" class=\"wpcf7-form-control wpcf7-textarea\" aria-invalid=\"false\" name=\"votre-message\"><\/textarea><\/span> <\/label>\n<\/p>\n<p><input class=\"wpcf7-form-control wpcf7-submit has-spinner\" type=\"submit\" value=\"ENVOYER\" \/>\n<\/p><div class=\"wpcf7-response-output\" aria-hidden=\"true\"><\/div>\n<\/form>\n<\/div>\n<\/div>\n\t\t\t\t\t\t<\/div>\n\t\t\t\t\t<\/div>\n\t\t<\/div>\n\t\t\t\t\t<\/div>\n\t\t<\/section>\n\t\t\t\t<section class=\"elementor-section elementor-top-section elementor-element elementor-element-79d48a29 elementor-section-boxed elementor-section-height-default elementor-section-height-default\" data-id=\"79d48a29\" data-element_type=\"section\">\n\t\t\t\t\t\t<div class=\"elementor-container elementor-column-gap-default\">\n\t\t\t\t\t<div class=\"elementor-column elementor-col-100 elementor-top-column elementor-element elementor-element-242a1ebc\" data-id=\"242a1ebc\" data-element_type=\"column\">\n\t\t\t<div class=\"elementor-widget-wrap elementor-element-populated\">\n\t\t\t\t\t\t<div class=\"elementor-element elementor-element-3d7fbf31 elementor-widget elementor-widget-heading\" data-id=\"3d7fbf31\" data-element_type=\"widget\" data-widget_type=\"heading.default\">\n\t\t\t\t\t<h1 class=\"elementor-heading-title elementor-size-default\">Politique de protection des donn\u00e9es personnelles d'iBoo FORMATION<\/h1>\t\t\t\t<\/div>\n\t\t\t\t<div class=\"elementor-element elementor-element-474fe006 elementor-widget elementor-widget-text-editor\" data-id=\"474fe006\" data-element_type=\"widget\" data-widget_type=\"text-editor.default\">\n\t\t\t\t\t\t\t\t\t<span style=\"font-size: 10pt;\">\n&#8211; iBoo collecte vos donn\u00e9es uniquement pour g\u00e9rer votre demande et la relation commerciale.<br>\n&#8211; Vos donn\u00e9es sont gard\u00e9es 3 ans et accessibles uniquement par les services internes.<br>\n&#8211; Vous pouvez demander \u00e0 acc\u00e9der, corriger ou effacer vos donn\u00e9es \u00e0 tout moment, ou vous opposer au traitement pour motif l\u00e9gitime.<br>\n&#8211; Pour exercer vos droits : <a href=\"mailto:dpd@ibooservices.com\">dpd@ibooservices.com<\/a> ou la CNIL si besoin.\n<\/span>\n\t\t\t\t\t\t\t\t<\/div>\n\t\t\t\t\t<\/div>\n\t\t<\/div>\n\t\t\t\t\t<\/div>\n\t\t<\/section>\n\t\t\t\t<\/div>\n\t\t","protected":false},"excerpt":{"rendered":"<p>DEMANDE D&#8217;INFORMATION OU UN DEVIS Contactez-nous Votre adresse email ne sera pas publi\u00e9e. Les champs requis sont indiqu\u00e9s. Vous souhaitez des renseignements sur notre organisme, ses offres de formation, ou souhaitez b\u00e9n\u00e9ficier de conseils sur un parcours de formation ou sur votre plan de d\u00e9veloppement des comp\u00e9tences ? Nous vous invitons \u00e0 remplir le formulaire&#8230;<\/p>\n","protected":false},"author":1,"featured_media":0,"parent":0,"menu_order":0,"comment_status":"closed","ping_status":"closed","template":"elementor_header_footer","meta":{"_kad_post_transparent":"","_kad_post_title":"hide","_kad_post_layout":"fullwidth","_kad_post_sidebar_id":"","_kad_post_content_style":"unboxed","_kad_post_vertical_padding":"hide","_kad_post_feature":"hide","_kad_post_feature_position":"","_kad_post_header":false,"_kad_post_footer":false,"footnotes":""},"class_list":["post-605","page","type-page","status-publish","hentry"],"_links":{"self":[{"href":"https:\/\/www.new.iboo-formation.fr\/index.php\/wp-json\/wp\/v2\/pages\/605","targetHints":{"allow":["GET"]}}],"collection":[{"href":"https:\/\/www.new.iboo-formation.fr\/index.php\/wp-json\/wp\/v2\/pages"}],"about":[{"href":"https:\/\/www.new.iboo-formation.fr\/index.php\/wp-json\/wp\/v2\/types\/page"}],"author":[{"embeddable":true,"href":"https:\/\/www.new.iboo-formation.fr\/index.php\/wp-json\/wp\/v2\/users\/1"}],"replies":[{"embeddable":true,"href":"https:\/\/www.new.iboo-formation.fr\/index.php\/wp-json\/wp\/v2\/comments?post=605"}],"version-history":[{"count":10,"href":"https:\/\/www.new.iboo-formation.fr\/index.php\/wp-json\/wp\/v2\/pages\/605\/revisions"}],"predecessor-version":[{"id":668,"href":"https:\/\/www.new.iboo-formation.fr\/index.php\/wp-json\/wp\/v2\/pages\/605\/revisions\/668"}],"wp:attachment":[{"href":"https:\/\/www.new.iboo-formation.fr\/index.php\/wp-json\/wp\/v2\/media?parent=605"}],"curies":[{"name":"wp","href":"https:\/\/api.w.org\/{rel}","templated":true}]}}