{"id":611,"date":"2025-10-15T13:26:10","date_gmt":"2025-10-15T13:26:10","guid":{"rendered":"https:\/\/www.new.iboo-formation.fr\/?page_id=611"},"modified":"2025-10-15T15:28:26","modified_gmt":"2025-10-15T15:28:26","slug":"inscription-formation","status":"publish","type":"page","link":"https:\/\/www.new.iboo-formation.fr\/index.php\/inscription-formation\/","title":{"rendered":"Contact \/ inscription"},"content":{"rendered":"\t\t<div data-elementor-type=\"wp-page\" data-elementor-id=\"611\" class=\"elementor elementor-611\">\n\t\t\t\t\t\t<section class=\"elementor-section elementor-top-section elementor-element elementor-element-1b75145b elementor-section-stretched elementor-section-full_width elementor-section-height-full elementor-section-height-default elementor-section-items-middle\" data-id=\"1b75145b\" data-element_type=\"section\" data-settings=\"{&quot;stretch_section&quot;:&quot;section-stretched&quot;,&quot;background_background&quot;:&quot;classic&quot;,&quot;animation&quot;:&quot;none&quot;}\">\n\t\t\t\t\t\t<div class=\"elementor-container elementor-column-gap-default\">\n\t\t\t\t\t<div class=\"elementor-column elementor-col-100 elementor-top-column elementor-element elementor-element-52dc7dd\" data-id=\"52dc7dd\" data-element_type=\"column\">\n\t\t\t<div class=\"elementor-widget-wrap elementor-element-populated\">\n\t\t\t\t\t\t<div class=\"elementor-element elementor-element-4ffbe7b7 elementor-widget elementor-widget-text-editor\" data-id=\"4ffbe7b7\" data-element_type=\"widget\" data-widget_type=\"text-editor.default\">\n\t\t\t\t\t\t\t\t\t<div class=\"w-full flex items-center justify-center py-12 md:py-16\">\n\n  <div class=\"text-center p-4 max-w-4xl mx-auto\">\n    <h1 class=\"text-3xl sm:text-4xl md:text-5xl font-bold leading-tight\" style=\"color: #6EC1E4;\">\n      INSCRIPTION \u00c0 UNE SESSION DE FORMATION\n    <\/h1>\n  <\/div>\n\n<\/div>\t\t\t\t\t\t\t\t<\/div>\n\t\t\t\t\t<\/div>\n\t\t<\/div>\n\t\t\t\t\t<\/div>\n\t\t<\/section>\n\t\t\t\t<section class=\"elementor-section elementor-top-section elementor-element elementor-element-7edf5a47 elementor-section-boxed elementor-section-height-default elementor-section-height-default elementor-invisible\" data-id=\"7edf5a47\" data-element_type=\"section\" data-settings=\"{&quot;animation&quot;:&quot;slideInDown&quot;}\">\n\t\t\t\t\t\t<div class=\"elementor-container elementor-column-gap-default\">\n\t\t\t\t\t<div class=\"elementor-column elementor-col-100 elementor-top-column elementor-element elementor-element-157eb2db\" data-id=\"157eb2db\" data-element_type=\"column\">\n\t\t\t<div class=\"elementor-widget-wrap elementor-element-populated\">\n\t\t\t\t\t\t<div class=\"elementor-element elementor-element-20272d1a elementor-widget elementor-widget-spacer\" data-id=\"20272d1a\" data-element_type=\"widget\" data-widget_type=\"spacer.default\">\n\t\t\t\t\t\t\t<div class=\"elementor-spacer\">\n\t\t\t<div class=\"elementor-spacer-inner\"><\/div>\n\t\t<\/div>\n\t\t\t\t\t\t<\/div>\n\t\t\t\t\t<\/div>\n\t\t<\/div>\n\t\t\t\t\t<\/div>\n\t\t<\/section>\n\t\t\t\t<section class=\"elementor-section elementor-top-section elementor-element elementor-element-6c1f44cd elementor-section-boxed elementor-section-height-default elementor-section-height-default\" data-id=\"6c1f44cd\" data-element_type=\"section\" data-settings=\"{&quot;animation&quot;:&quot;none&quot;}\">\n\t\t\t\t\t\t<div class=\"elementor-container elementor-column-gap-default\">\n\t\t\t\t\t<div class=\"elementor-column elementor-col-33 elementor-top-column elementor-element elementor-element-43ee2319 contactSection\" data-id=\"43ee2319\" data-element_type=\"column\">\n\t\t\t<div class=\"elementor-widget-wrap elementor-element-populated\">\n\t\t\t\t\t\t<div class=\"elementor-element elementor-element-558c3ad5 elementor-icon-list--layout-traditional elementor-list-item-link-full_width elementor-widget elementor-widget-icon-list\" data-id=\"558c3ad5\" data-element_type=\"widget\" data-widget_type=\"icon-list.default\">\n\t\t\t\t\t\t\t<ul class=\"elementor-icon-list-items\">\n\t\t\t\t\t\t\t<li class=\"elementor-icon-list-item\">\n\t\t\t\t\t\t\t\t\t\t\t<span class=\"elementor-icon-list-icon\">\n\t\t\t\t\t\t\t<svg aria-hidden=\"true\" class=\"e-font-icon-svg e-fas-phone\" viewBox=\"0 0 512 512\" xmlns=\"http:\/\/www.w3.org\/2000\/svg\"><path d=\"M493.4 24.6l-104-24c-11.3-2.6-22.9 3.3-27.5 13.9l-48 112c-4.2 9.8-1.4 21.3 6.9 28l60.6 49.6c-36 76.7-98.9 140.5-177.2 177.2l-49.6-60.6c-6.8-8.3-18.2-11.1-28-6.9l-112 48C3.9 366.5-2 378.1.6 389.4l24 104C27.1 504.2 36.7 512 48 512c256.1 0 464-207.5 464-464 0-11.2-7.7-20.9-18.6-23.4z\"><\/path><\/svg>\t\t\t\t\t\t<\/span>\n\t\t\t\t\t\t\t\t\t\t<span class=\"elementor-icon-list-text\">Par t\u00e9l\u00e9phone<\/span>\n\t\t\t\t\t\t\t\t\t<\/li>\n\t\t\t\t\t\t<\/ul>\n\t\t\t\t\t\t<\/div>\n\t\t\t\t<div class=\"elementor-element elementor-element-1cd72e0c elementor-widget elementor-widget-text-editor\" data-id=\"1cd72e0c\" data-element_type=\"widget\" data-widget_type=\"text-editor.default\">\n\t\t\t\t\t\t\t\t\t<p>02 41 76 04 98<br \/><span style=\"color: var( --e-global-color-text ); font-family: var( --e-global-typography-text-font-family ), Sans-serif; font-weight: var( --e-global-typography-text-font-weight );\">Du lundi au vendredi<br \/><\/span>9h00-12h30 et 14h00-17h30<\/p>\t\t\t\t\t\t\t\t<\/div>\n\t\t\t\t<div class=\"elementor-element elementor-element-19e54d0 elementor-widget-divider--view-line elementor-widget elementor-widget-divider\" data-id=\"19e54d0\" data-element_type=\"widget\" data-widget_type=\"divider.default\">\n\t\t\t\t\t\t\t<div class=\"elementor-divider\">\n\t\t\t<span class=\"elementor-divider-separator\">\n\t\t\t\t\t\t<\/span>\n\t\t<\/div>\n\t\t\t\t\t\t<\/div>\n\t\t\t\t<div class=\"elementor-element elementor-element-474eb66f elementor-icon-list--layout-traditional elementor-list-item-link-full_width elementor-widget elementor-widget-icon-list\" data-id=\"474eb66f\" data-element_type=\"widget\" data-widget_type=\"icon-list.default\">\n\t\t\t\t\t\t\t<ul class=\"elementor-icon-list-items\">\n\t\t\t\t\t\t\t<li class=\"elementor-icon-list-item\">\n\t\t\t\t\t\t\t\t\t\t\t<span class=\"elementor-icon-list-icon\">\n\t\t\t\t\t\t\t<svg aria-hidden=\"true\" class=\"e-font-icon-svg e-fas-map-marker-alt\" viewBox=\"0 0 384 512\" xmlns=\"http:\/\/www.w3.org\/2000\/svg\"><path d=\"M172.268 501.67C26.97 291.031 0 269.413 0 192 0 85.961 85.961 0 192 0s192 85.961 192 192c0 77.413-26.97 99.031-172.268 309.67-9.535 13.774-29.93 13.773-39.464 0zM192 272c44.183 0 80-35.817 80-80s-35.817-80-80-80-80 35.817-80 80 35.817 80 80 80z\"><\/path><\/svg>\t\t\t\t\t\t<\/span>\n\t\t\t\t\t\t\t\t\t\t<span class=\"elementor-icon-list-text\">Par courrier<\/span>\n\t\t\t\t\t\t\t\t\t<\/li>\n\t\t\t\t\t\t<\/ul>\n\t\t\t\t\t\t<\/div>\n\t\t\t\t<div class=\"elementor-element elementor-element-64957d4e elementor-widget elementor-widget-text-editor\" data-id=\"64957d4e\" data-element_type=\"widget\" data-widget_type=\"text-editor.default\">\n\t\t\t\t\t\t\t\t\t<p>iBoo TECHNOLOGIES<br>20 Rue de G\u00e9ricault<br><span style=\"color: var( --e-global-color-text ); font-family: var( --e-global-typography-text-font-family ), Sans-serif; font-weight: var( --e-global-typography-text-font-weight );\">49000&nbsp;<\/span><span style=\"color: var( --e-global-color-text ); font-family: var( --e-global-typography-text-font-family ), Sans-serif; font-weight: var( --e-global-typography-text-font-weight );\">Angers<\/span><\/p>\t\t\t\t\t\t\t\t<\/div>\n\t\t\t\t<div class=\"elementor-element elementor-element-384dd5e8 elementor-widget-divider--view-line elementor-widget elementor-widget-divider\" data-id=\"384dd5e8\" data-element_type=\"widget\" data-widget_type=\"divider.default\">\n\t\t\t\t\t\t\t<div class=\"elementor-divider\">\n\t\t\t<span class=\"elementor-divider-separator\">\n\t\t\t\t\t\t<\/span>\n\t\t<\/div>\n\t\t\t\t\t\t<\/div>\n\t\t\t\t<div class=\"elementor-element elementor-element-3314403c elementor-icon-list--layout-traditional elementor-list-item-link-full_width elementor-widget elementor-widget-icon-list\" data-id=\"3314403c\" data-element_type=\"widget\" data-widget_type=\"icon-list.default\">\n\t\t\t\t\t\t\t<ul class=\"elementor-icon-list-items\">\n\t\t\t\t\t\t\t<li class=\"elementor-icon-list-item\">\n\t\t\t\t\t\t\t\t\t\t\t<span class=\"elementor-icon-list-icon\">\n\t\t\t\t\t\t\t<svg aria-hidden=\"true\" class=\"e-font-icon-svg e-fas-envelope\" viewBox=\"0 0 512 512\" xmlns=\"http:\/\/www.w3.org\/2000\/svg\"><path d=\"M502.3 190.8c3.9-3.1 9.7-.2 9.7 4.7V400c0 26.5-21.5 48-48 48H48c-26.5 0-48-21.5-48-48V195.6c0-5 5.7-7.8 9.7-4.7 22.4 17.4 52.1 39.5 154.1 113.6 21.1 15.4 56.7 47.8 92.2 47.6 35.7.3 72-32.8 92.3-47.6 102-74.1 131.6-96.3 154-113.7zM256 320c23.2.4 56.6-29.2 73.4-41.4 132.7-96.3 142.8-104.7 173.4-128.7 5.8-4.5 9.2-11.5 9.2-18.9v-19c0-26.5-21.5-48-48-48H48C21.5 64 0 85.5 0 112v19c0 7.4 3.4 14.3 9.2 18.9 30.6 23.9 40.7 32.4 173.4 128.7 16.8 12.2 50.2 41.8 73.4 41.4z\"><\/path><\/svg>\t\t\t\t\t\t<\/span>\n\t\t\t\t\t\t\t\t\t\t<span class=\"elementor-icon-list-text\">Par mail<\/span>\n\t\t\t\t\t\t\t\t\t<\/li>\n\t\t\t\t\t\t<\/ul>\n\t\t\t\t\t\t<\/div>\n\t\t\t\t<div class=\"elementor-element elementor-element-7ac7e19d elementor-widget elementor-widget-text-editor\" data-id=\"7ac7e19d\" data-element_type=\"widget\" data-widget_type=\"text-editor.default\">\n\t\t\t\t\t\t\t\t\t<p><a href=\"mailto:formation@ibooservices.com\"><span data-teams=\"true\">formation@ibooservices.com<\/span><\/a><\/p><p>\u00a0<\/p><div id=\"gtx-trans\" style=\"position: absolute; left: -34px; top: 37.8px;\"><div class=\"gtx-trans-icon\">\u00a0<\/div><\/div>\t\t\t\t\t\t\t\t<\/div>\n\t\t\t\t<div class=\"elementor-element elementor-element-52cecbbe elementor-widget-divider--view-line elementor-widget elementor-widget-divider\" data-id=\"52cecbbe\" data-element_type=\"widget\" data-widget_type=\"divider.default\">\n\t\t\t\t\t\t\t<div class=\"elementor-divider\">\n\t\t\t<span class=\"elementor-divider-separator\">\n\t\t\t\t\t\t<\/span>\n\t\t<\/div>\n\t\t\t\t\t\t<\/div>\n\t\t\t\t<div class=\"elementor-element elementor-element-11fccb9a elementor-icon-list--layout-traditional elementor-list-item-link-full_width elementor-widget elementor-widget-icon-list\" data-id=\"11fccb9a\" data-element_type=\"widget\" data-widget_type=\"icon-list.default\">\n\t\t\t\t\t\t\t<ul class=\"elementor-icon-list-items\">\n\t\t\t\t\t\t\t<li class=\"elementor-icon-list-item\">\n\t\t\t\t\t\t\t\t\t\t\t<span class=\"elementor-icon-list-icon\">\n\t\t\t\t\t\t\t<svg aria-hidden=\"true\" class=\"e-font-icon-svg e-fas-map-signs\" viewBox=\"0 0 512 512\" xmlns=\"http:\/\/www.w3.org\/2000\/svg\"><path d=\"M507.31 84.69L464 41.37c-6-6-14.14-9.37-22.63-9.37H288V16c0-8.84-7.16-16-16-16h-32c-8.84 0-16 7.16-16 16v16H56c-13.25 0-24 10.75-24 24v80c0 13.25 10.75 24 24 24h385.37c8.49 0 16.62-3.37 22.63-9.37l43.31-43.31c6.25-6.26 6.25-16.38 0-22.63zM224 496c0 8.84 7.16 16 16 16h32c8.84 0 16-7.16 16-16V384h-64v112zm232-272H288v-32h-64v32H70.63c-8.49 0-16.62 3.37-22.63 9.37L4.69 276.69c-6.25 6.25-6.25 16.38 0 22.63L48 342.63c6 6 14.14 9.37 22.63 9.37H456c13.25 0 24-10.75 24-24v-80c0-13.25-10.75-24-24-24z\"><\/path><\/svg>\t\t\t\t\t\t<\/span>\n\t\t\t\t\t\t\t\t\t\t<span class=\"elementor-icon-list-text\">Venir nous voir<\/span>\n\t\t\t\t\t\t\t\t\t<\/li>\n\t\t\t\t\t\t<\/ul>\n\t\t\t\t\t\t<\/div>\n\t\t\t\t<div class=\"elementor-element elementor-element-18b5f285 elementor-widget elementor-widget-html\" data-id=\"18b5f285\" data-element_type=\"widget\" data-widget_type=\"html.default\">\n\t\t\t\t\t<iframe src=\"https:\/\/www.google.com\/maps\/embed?pb=!1m18!1m12!1m3!1d2697.578994952931!2d-0.5275950236153536!3d47.45914557117667!2m3!1f0!2f0!3f0!3m2!1i1024!2i768!4f13.1!3m3!1m2!1s0x48087918bac47ff1%3A0x11a28b1b260b41b3!2siBoo%20formation!5e0!3m2!1sfr!2sfr!4v1695577616209!5m2!1sfr!2sfr\" width=\"100\" height=\"150\" style=\"border:0;\" allowfullscreen=\"\" loading=\"lazy\" referrerpolicy=\"no-referrer-when-downgrade\"><\/iframe>\t\t\t\t<\/div>\n\t\t\t\t\t<\/div>\n\t\t<\/div>\n\t\t\t\t<div class=\"elementor-column elementor-col-66 elementor-top-column elementor-element elementor-element-a93146d\" data-id=\"a93146d\" data-element_type=\"column\">\n\t\t\t<div class=\"elementor-widget-wrap elementor-element-populated\">\n\t\t\t\t\t\t<div class=\"elementor-element elementor-element-3897569b elementor-widget elementor-widget-text-editor\" data-id=\"3897569b\" data-element_type=\"widget\" data-settings=\"{&quot;_animation&quot;:&quot;none&quot;}\" data-widget_type=\"text-editor.default\">\n\t\t\t\t\t\t\t\t\t\n<div class=\"wpcf7 no-js\" id=\"wpcf7-f661-o1\" lang=\"en-US\" dir=\"ltr\" data-wpcf7-id=\"661\">\n<div class=\"screen-reader-response\"><p role=\"status\" aria-live=\"polite\" aria-atomic=\"true\"><\/p> <ul><\/ul><\/div>\n<form action=\"\/index.php\/wp-json\/wp\/v2\/pages\/611#wpcf7-f661-o1\" method=\"post\" class=\"wpcf7-form init\" aria-label=\"Contact form\" enctype=\"multipart\/form-data\" novalidate=\"novalidate\" data-status=\"init\">\n<fieldset class=\"hidden-fields-container\"><input type=\"hidden\" name=\"_wpcf7\" value=\"661\" \/><input type=\"hidden\" name=\"_wpcf7_version\" value=\"6.1.2\" \/><input type=\"hidden\" name=\"_wpcf7_locale\" value=\"en_US\" \/><input type=\"hidden\" name=\"_wpcf7_unit_tag\" value=\"wpcf7-f661-o1\" \/><input type=\"hidden\" name=\"_wpcf7_container_post\" value=\"0\" \/><input type=\"hidden\" name=\"_wpcf7_posted_data_hash\" value=\"\" \/>\n<\/fieldset>\n<fieldset class=\"hidden-fields-container\">\n\t<p><input type=\"hidden\" name=\"_wpcf7\" value=\"9268\" \/><br \/>\n<input type=\"hidden\" name=\"_wpcf7_version\" value=\"6.1.1\" \/><br \/>\n<input type=\"hidden\" name=\"_wpcf7_locale\" value=\"fr_FR\" \/><br \/>\n<input type=\"hidden\" name=\"_wpcf7_unit_tag\" value=\"wpcf7-f9268-p20619-o1\" \/><br \/>\n<input type=\"hidden\" name=\"_wpcf7_container_post\" value=\"20619\" \/><br \/>\n<input type=\"hidden\" name=\"_wpcf7_posted_data_hash\" value=\"\" \/>\n\t<\/p>\n<\/fieldset>\n<div class=\"iboocontactForm\">\n\t<h3 style=\"margin-top:0px;\">Votre projet\n\t<\/h3>\n\t<div class=\"column one\">\n\t\t<p><label>Objet de votre projet de formation :<\/label>\n\t\t<\/p>\n\t\t<p><input type=\"radio\" id=\"inter\" name=\"projectPurpose\" value=\"Inter-entreprise\" checked \/><br \/>\n<label for=\"inter\">Inter-entreprise<\/label>\n\t\t<\/p>\n\t\t<p><input type=\"radio\" id=\"intra\" name=\"projectPurpose\" value=\"Intra-entreprise\" \/><br \/>\n<label for=\"intra\">Intra-entreprise<\/label>\n\t\t<\/p>\n\t\t<p><input type=\"radio\" id=\"surMesure\" name=\"projectPurpose\" value=\"Sur mesure\" \/><br \/>\n<label for=\"surMesure\">Sur mesure<\/label>\n\t\t<\/p>\n\t\t<p><input type=\"radio\" id=\"diplomante\" name=\"projectPurpose\" value=\"Dipl\u00f4mante\" \/><br \/>\n<label for=\"diplomante\">Dipl\u00f4mante<\/label>\n\t\t<\/p>\n\t\t<p><input type=\"radio\" id=\"autre\" name=\"projectPurpose\" value=\"Autre\" \/><br \/>\n<label for=\"autre\">Autre<\/label>\n\t\t<\/p>\n\t<\/div>\n\t<div class=\"column one formMarginBotm\">\n\t\t<p><br \/>\n<label>Intitul\u00e9 de votre formation identifi\u00e9e sur notre site internet :<\/label><br \/>\n<span class=\"wpcf7-form-control-wrap\" data-name=\"txtSelectedTrainingIntraName\"><input size=\"40\" maxlength=\"400\" class=\"wpcf7-form-control wpcf7-text wpcf7-validates-as-required\" aria-required=\"true\" aria-invalid=\"false\" placeholder=\"Ex : WordPress : comment cr\u00e9er de A \u00e0 Z son site Internet en total autonomie\" value=\"\" type=\"text\" name=\"txtSelectedTrainingIntraName\" \/><\/span>\n\t\t<\/p>\n\t<\/div>\n\t<div class=\"column one-second formMarginBotm\">\n\t\t<p><br \/>\n<label><i aria-hidden=\"true\" class=\"fas fa-map-marker-alt\"><\/i> Ville <\/label><br \/>\n<span class=\"wpcf7-form-control-wrap\" data-name=\"txtCityIntra\"><input size=\"40\" maxlength=\"400\" class=\"wpcf7-form-control wpcf7-text\" aria-invalid=\"false\" placeholder=\"Ex: Angers\" value=\"\" type=\"text\" name=\"txtCityIntra\" \/><\/span>\n\t\t<\/p>\n\t<\/div>\n\t<div class=\"column one-second formMarginBotm offectLeft\">\n\t\t<p><br \/>\n<label><i class=\"fas fa-tags\"><\/i> R\u00e9f\u00e9rence :<\/label><br \/>\n<span class=\"wpcf7-form-control-wrap\" data-name=\"txtSelectedTrainingIntra\"><input size=\"40\" maxlength=\"400\" class=\"wpcf7-form-control wpcf7-text\" aria-invalid=\"false\" placeholder=\"Ex : 6624\" value=\"\" type=\"text\" name=\"txtSelectedTrainingIntra\" \/><\/span>\n\t\t<\/p>\n\t<\/div>\n\t<div class=\"column one-second formMarginBotm\">\n\t\t<p><br \/>\n<label><i class=\"fas fa-tags\"><\/i> P\u00e9riode de formation souhait\u00e9e :<\/label><br \/>\n<span class=\"wpcf7-form-control-wrap\" data-name=\"txtDateIntra\"><input class=\"wpcf7-form-control wpcf7-date wpcf7-validates-as-date\" aria-invalid=\"false\" placeholder=\"S\u00e9lectionner une date\" value=\"\" type=\"date\" name=\"txtDateIntra\" \/><\/span>\n\t\t<\/p>\n\t<\/div>\n\t<div class=\"column one-second formMarginBotm offectLeft\">\n\t\t<p><br \/>\n<label><i class=\"fa fa-user\" aria-hidden=\"true\"><\/i> Nombre de personnes \u00e0 former :<\/label><br \/>\n<span class=\"wpcf7-form-control-wrap\" data-name=\"txtTraineesCountIntra\"><select class=\"wpcf7-form-control wpcf7-select\" aria-invalid=\"false\" name=\"txtTraineesCountIntra\"><option value=\"1\">1<\/option><option value=\"2\">2<\/option><option value=\"3\">3<\/option><option value=\"4\">4<\/option><option value=\"5\">5<\/option><option value=\"6\">6<\/option><option value=\"7\">7<\/option><option value=\"8\">8<\/option><option value=\"9\">9<\/option><option value=\"10\">10<\/option><option value=\"11\">11<\/option><option value=\"12\">12<\/option><\/select><\/span>\n\t\t<\/p>\n\t<\/div>\n\t<div class=\"column one formMarginBotm\">\n\t\t<div class=\"fileField\">\n\t\t\t<p><br \/>\n<span class=\"wpcf7-form-control-wrap\" data-name=\"fileIntra\"><input size=\"40\" class=\"wpcf7-form-control wpcf7-file\" accept=\".audio,.video,.image\" aria-invalid=\"false\" type=\"file\" name=\"fileIntra\" \/><\/span>\n\t\t\t<\/p>\n\t\t<\/div>\n\t<\/div>\n\t<div class=\"column one\">\n\t\t<p><br \/>\n<label>Votre demande concerne la formation :<\/label><br \/>\n<span class=\"wpcf7-form-control-wrap\" data-name=\"furtherinformation\"><textarea cols=\"5\" rows=\"30\" maxlength=\"2000\" class=\"wpcf7-form-control wpcf7-textarea\" aria-invalid=\"false\" placeholder=\"Informations compl\u00e9mentaires\" name=\"furtherinformation\"><\/textarea><\/span>\n\t\t<\/p>\n\t<\/div>\n\t<div class=\"column one\">\n\t\t<h3>Vos coordonn\u00e9es\n\t\t<\/h3>\n\t\t<p>* Tous les champs ci-dessous sont obligatoires\n\t\t<\/p>\n\t<\/div>\n\t<div class=\"column one formMarginBotm\">\n\t\t<p><br \/>\n<span class=\"wpcf7-form-control-wrap\" data-name=\"txtLastName\"><input size=\"40\" maxlength=\"400\" class=\"wpcf7-form-control wpcf7-text wpcf7-validates-as-required\" aria-required=\"true\" aria-invalid=\"false\" placeholder=\"Nom\" value=\"\" type=\"text\" name=\"txtLastName\" \/><\/span>\n\t\t<\/p>\n\t<\/div>\n\t<div class=\"column one formMarginBotm\">\n\t\t<p><br \/>\n<span class=\"wpcf7-form-control-wrap\" data-name=\"txtFirstName\"><input size=\"40\" maxlength=\"400\" class=\"wpcf7-form-control wpcf7-text wpcf7-validates-as-required\" aria-required=\"true\" aria-invalid=\"false\" placeholder=\"Pr\u00e9nom\" value=\"\" type=\"text\" name=\"txtFirstName\" \/><\/span>\n\t\t<\/p>\n\t<\/div>\n\t<div class=\"column one formMarginBotm\">\n\t\t<p><br \/>\n<span class=\"wpcf7-form-control-wrap\" data-name=\"txtFunction\"><input size=\"40\" maxlength=\"400\" class=\"wpcf7-form-control wpcf7-text wpcf7-validates-as-required\" aria-required=\"true\" aria-invalid=\"false\" placeholder=\"Fonction\" value=\"\" type=\"text\" name=\"txtFunction\" \/><\/span>\n\t\t<\/p>\n\t<\/div>\n\t<div class=\"column one formMarginBotm\">\n\t\t<p><br \/>\n<span class=\"wpcf7-form-control-wrap\" data-name=\"txtEmail\"><input size=\"40\" maxlength=\"400\" class=\"wpcf7-form-control wpcf7-email wpcf7-validates-as-required wpcf7-text wpcf7-validates-as-email\" aria-required=\"true\" aria-invalid=\"false\" placeholder=\"votre@email.com\" value=\"\" type=\"email\" name=\"txtEmail\" \/><\/span>\n\t\t<\/p>\n\t<\/div>\n\t<div class=\"column one formMarginBotm\">\n\t\t<p><br \/>\n<span class=\"wpcf7-form-control-wrap\" data-name=\"txtPhone\"><input size=\"40\" maxlength=\"400\" class=\"wpcf7-form-control wpcf7-text wpcf7-validates-as-required\" aria-required=\"true\" aria-invalid=\"false\" placeholder=\"00 00 00 00 00\" value=\"\" type=\"text\" name=\"txtPhone\" \/><\/span>\n\t\t<\/p>\n\t<\/div>\n\t<div class=\"column one formMarginBotm\">\n\t\t<p><br \/>\n<span class=\"wpcf7-form-control-wrap\" data-name=\"txtCompany\"><input size=\"40\" maxlength=\"400\" class=\"wpcf7-form-control wpcf7-text wpcf7-validates-as-required\" aria-required=\"true\" aria-invalid=\"false\" placeholder=\"Entreprise \/ Organisation\" value=\"\" type=\"text\" name=\"txtCompany\" \/><\/span>\n\t\t<\/p>\n\t<\/div>\n\t<div class=\"column one formMarginBotm\">\n\t\t<p><br \/>\n<span class=\"wpcf7-form-control-wrap\" data-name=\"accept-this-1\"><span class=\"wpcf7-form-control wpcf7-acceptance\"><span class=\"wpcf7-list-item\"><label><input type=\"checkbox\" name=\"accept-this-1\" value=\"1\" aria-invalid=\"false\" \/><span class=\"wpcf7-list-item-label\">\u00a0\n\niBoo collecte vos donn\u00e9es uniquement pour g\u00e9rer votre demande et la relation commerciale.\n\nVos donn\u00e9es sont gard\u00e9es 3 ans et accessibles uniquement par les services internes.\n\nVous pouvez demander \u00e0 acc\u00e9der, corriger ou effacer vos donn\u00e9es \u00e0 tout moment, ou vous opposer au traitement pour motif l\u00e9gitime.\u00a0\n\nPour exercer vos droits : dpd@ibooservices.com ou la CNIL si besoin.\u00a0\n\n\u00a0<\/span><\/label><\/span><\/span><\/span>\n\t\t<\/p>\n\t<\/div>\n<\/div>\n<div class=\"column one formMarginBotm\" style=\"text-align: center;\">\n\t<p><input class=\"wpcf7-form-control wpcf7-submit has-spinner\" type=\"submit\" value=\"Envoyer la demande\" \/>\n\t<\/p>\n<\/div><div class=\"wpcf7-response-output\" aria-hidden=\"true\"><\/div>\n<\/form>\n<\/div>\n\t\t\t\t\t\t\t\t<\/div>\n\t\t\t\t\t<\/div>\n\t\t<\/div>\n\t\t\t\t\t<\/div>\n\t\t<\/section>\n\t\t\t\t<\/div>\n\t\t","protected":false},"excerpt":{"rendered":"<p>INSCRIPTION \u00c0 UNE SESSION DE FORMATION Par t\u00e9l\u00e9phone 02 41 76 04 98Du lundi au vendredi9h00-12h30 et 14h00-17h30 Par courrier iBoo TECHNOLOGIES20 Rue de G\u00e9ricault49000&nbsp;Angers Par mail formation@ibooservices.com \u00a0 \u00a0 Venir nous voir<\/p>\n","protected":false},"author":1,"featured_media":0,"parent":0,"menu_order":0,"comment_status":"closed","ping_status":"closed","template":"elementor_header_footer","meta":{"_kad_post_transparent":"","_kad_post_title":"hide","_kad_post_layout":"fullwidth","_kad_post_sidebar_id":"","_kad_post_content_style":"unboxed","_kad_post_vertical_padding":"hide","_kad_post_feature":"hide","_kad_post_feature_position":"","_kad_post_header":false,"_kad_post_footer":false,"footnotes":""},"class_list":["post-611","page","type-page","status-publish","hentry"],"_links":{"self":[{"href":"https:\/\/www.new.iboo-formation.fr\/index.php\/wp-json\/wp\/v2\/pages\/611","targetHints":{"allow":["GET"]}}],"collection":[{"href":"https:\/\/www.new.iboo-formation.fr\/index.php\/wp-json\/wp\/v2\/pages"}],"about":[{"href":"https:\/\/www.new.iboo-formation.fr\/index.php\/wp-json\/wp\/v2\/types\/page"}],"author":[{"embeddable":true,"href":"https:\/\/www.new.iboo-formation.fr\/index.php\/wp-json\/wp\/v2\/users\/1"}],"replies":[{"embeddable":true,"href":"https:\/\/www.new.iboo-formation.fr\/index.php\/wp-json\/wp\/v2\/comments?post=611"}],"version-history":[{"count":19,"href":"https:\/\/www.new.iboo-formation.fr\/index.php\/wp-json\/wp\/v2\/pages\/611\/revisions"}],"predecessor-version":[{"id":683,"href":"https:\/\/www.new.iboo-formation.fr\/index.php\/wp-json\/wp\/v2\/pages\/611\/revisions\/683"}],"wp:attachment":[{"href":"https:\/\/www.new.iboo-formation.fr\/index.php\/wp-json\/wp\/v2\/media?parent=611"}],"curies":[{"name":"wp","href":"https:\/\/api.w.org\/{rel}","templated":true}]}}