{"id":627,"date":"2025-10-15T13:32:35","date_gmt":"2025-10-15T13:32:35","guid":{"rendered":"https:\/\/www.new.iboo-formation.fr\/?page_id=627"},"modified":"2025-10-15T15:44:28","modified_gmt":"2025-10-15T15:44:28","slug":"parcours-certifiants-2","status":"publish","type":"page","link":"https:\/\/www.new.iboo-formation.fr\/index.php\/parcours-certifiants-2\/","title":{"rendered":"Pack Productivit\u00e9"},"content":{"rendered":"\t\t<div data-elementor-type=\"wp-page\" data-elementor-id=\"627\" class=\"elementor elementor-627\">\n\t\t\t\t<div class=\"elementor-element elementor-element-59529c81 e-flex e-con-boxed e-con e-parent\" data-id=\"59529c81\" data-element_type=\"container\" data-settings=\"{&quot;background_background&quot;:&quot;classic&quot;}\">\n\t\t\t\t\t<div class=\"e-con-inner\">\n\t\t\t\t<div class=\"elementor-element elementor-element-150200e1 elementor-widget elementor-widget-text-editor\" data-id=\"150200e1\" data-element_type=\"widget\" data-widget_type=\"text-editor.default\">\n\t\t\t\t\t\t\t\t\t<!--\n  NOTE: This HTML file is designed to be used with Tailwind CSS.\n  Make sure you have the following line in your site's header:\n  <link href=\"https:\/\/cdnjs.cloudflare.com\/ajax\/libs\/tailwindcss\/2.2.19\/tailwind.min.css\" rel=\"stylesheet\">\n  And for the font:\n  <link href=\"https:\/\/fonts.googleapis.com\/css2?family=Inter:wght@400;500;600;700;800&display=swap\" rel=\"stylesheet\">\n-->\n<div class=\"bg-gray-50 text-gray-800 font-sans\">\n  <main class=\"container mx-auto px-6 py-12 md:py-20\">\n\n    <!-- Hero Section -->\n    <section class=\"text-center mb-16 md:mb-24\">\n      <h1 class=\"text-4xl md:text-6xl font-extrabold text-gray-900 mb-4\">Pack Productivit\u00e9 Compl\u00e8te<\/h1>\n      <p class=\"text-xl md:text-2xl text-blue-700 font-semibold\">Ma\u00eetrisez les outils essentiels du bureau : Excel, Word &#038; PowerPoint<\/p>\n    <\/section>\n\n    <!-- Content Section -->\n    <section class=\"max-w-4xl mx-auto mb-16 md:mb-24\">\n      <div class=\"bg-white p-8 md:p-12 rounded-2xl shadow-xl\">\n        <h2 class=\"text-2xl md:text-3xl font-bold text-gray-900 mb-6\">Ce que vous allez apprendre<\/h2>\n        <p class=\"text-gray-600 leading-relaxed mb-8\">Ce parcours est con\u00e7u pour vous donner une ma\u00eetrise compl\u00e8te des logiciels les plus utilis\u00e9s en entreprise. De l&#8217;analyse de donn\u00e9es \u00e0 la cr\u00e9ation de documents professionnels et de pr\u00e9sentations percutantes, vous deviendrez un expert de la suite Office.<\/p>\n\n        <!-- Modules -->\n        <div class=\"space-y-8\">\n          <!-- Module 1: Excel -->\n          <div class=\"flex items-start space-x-4\">\n            <div class=\"bg-green-100 p-3 rounded-full\">\n              <svg xmlns=\"http:\/\/www.w3.org\/2000\/svg\" class=\"h-7 w-7 text-green-600\" fill=\"none\" viewBox=\"0 0 24 24\" stroke=\"currentColor\" stroke-width=\"2\">\n                <path stroke-linecap=\"round\" stroke-linejoin=\"round\" d=\"M9 17v-2m3 2v-4m3 4v-6m2 10H7a2 2 0 01-2-2V7a2 2 0 012-2h5.586a1 1 0 01.707.293l5.414 5.414a1 1 0 01.293.707V19a2 2 0 01-2 2z\" \/>\n              <\/svg>\n            <\/div>\n            <div>\n              <h3 class=\"font-bold text-xl mb-1 text-gray-900\">Excel : De l&#8217;initiation \u00e0 l&#8217;analyse de donn\u00e9es<\/h3>\n              <p class=\"text-gray-600\">Apprenez \u00e0 organiser vos donn\u00e9es, \u00e0 utiliser les formules et fonctions essentielles, et \u00e0 cr\u00e9er des graphiques et tableaux crois\u00e9s dynamiques pour prendre des d\u00e9cisions \u00e9clair\u00e9es.<\/p>\n            <\/div>\n          <\/div>\n\n          <!-- Module 2: Word -->\n          <div class=\"flex items-start space-x-4\">\n            <div class=\"bg-blue-100 p-3 rounded-full\">\n               <svg xmlns=\"http:\/\/www.w3.org\/2000\/svg\" class=\"h-7 w-7 text-blue-600\" fill=\"none\" viewBox=\"0 0 24 24\" stroke=\"currentColor\" stroke-width=\"2\">\n                  <path stroke-linecap=\"round\" stroke-linejoin=\"round\" d=\"M9 12h6m-6 4h6m2 5H7a2 2 0 01-2-2V5a2 2 0 012-2h5.586a1 1 0 01.707.293l5.414 5.414a1 1 0 01.293.707V19a2 2 0 01-2 2z\" \/>\n               <\/svg>\n            <\/div>\n            <div>\n              <h3 class=\"font-bold text-xl mb-1 text-gray-900\">Word : Cr\u00e9ation de documents professionnels<\/h3>\n              <p class=\"text-gray-600\">Ma\u00eetrisez la mise en page, les styles, les mod\u00e8les et les fonctions de publipostage pour cr\u00e9er des rapports, courriers et CV impeccables.<\/p>\n            <\/div>\n          <\/div>\n\n          <!-- Module 3: PowerPoint -->\n          <div class=\"flex items-start space-x-4\">\n            <div class=\"bg-orange-100 p-3 rounded-full\">\n              <svg xmlns=\"http:\/\/www.w3.org\/2000\/svg\" class=\"h-7 w-7 text-orange-600\" fill=\"none\" viewBox=\"0 0 24 24\" stroke=\"currentColor\" stroke-width=\"2\">\n                <path stroke-linecap=\"round\" stroke-linejoin=\"round\" d=\"M9.75 17L9 20l-1 1h8l-1-1-.75-3M3 13h18M5 17h14a2 2 0 002-2V5a2 2 0 00-2-2H5a2 2 0 00-2 2v10a2 2 0 002 2z\" \/>\n              <\/svg>\n            <\/div>\n            <div>\n              <h3 class=\"font-bold text-xl mb-1 text-gray-900\">PowerPoint : L&#8217;art des pr\u00e9sentations impactantes<\/h3>\n              <p class=\"text-gray-600\">Apprenez \u00e0 structurer vos id\u00e9es, \u00e0 concevoir des diapositives claires et visuelles, et \u00e0 captiver votre audience avec des animations et des transitions professionnelles.<\/p>\n            <\/div>\n          <\/div>\n        <\/div>\n      <\/div>\n    <\/section>\n\n    <!-- CTA Section -->\n    <section class=\"text-center\">\n      <h2 class=\"text-3xl md:text-4xl font-bold text-gray-900\">Pr\u00eat \u00e0 devenir un pro de la bureautique ?<\/h2>\n      <p class=\"text-lg text-gray-600 mt-4 mb-8\">Contactez-nous pour vous inscrire \u00e0 ce parcours complet et booster votre carri\u00e8re.<\/p>\n      <a class=\"bg-blue-600 text-white font-bold py-3 px-8 rounded-lg text-lg cta-button inline-block\" href=\"https:\/\/iboo-formation.fr\/inscription-formation-angers\/?txtSelectedTrainingIntra=12P&#038;txtSelectedTrainingIntraName=pack+productivit\u00e9+compl\u00e8te\">\n        S&#8217;inscrire au Pack Productivit\u00e9\n      <\/a>\n    <\/section>\n\n  <\/main>\n<\/div>\n\n\t\t\t\t\t\t\t\t<\/div>\n\t\t\t\t\t<\/div>\n\t\t\t\t<\/div>\n\t\t\t\t<\/div>\n\t\t","protected":false},"excerpt":{"rendered":"<p>Pack Productivit\u00e9 Compl\u00e8te Ma\u00eetrisez les outils essentiels du bureau : Excel, Word &#038; PowerPoint Ce que vous allez apprendre Ce parcours est con\u00e7u pour vous donner une ma\u00eetrise compl\u00e8te des logiciels les plus utilis\u00e9s en entreprise. De l&#8217;analyse de donn\u00e9es \u00e0 la cr\u00e9ation de documents professionnels et de pr\u00e9sentations percutantes, vous deviendrez un expert de&#8230;<\/p>\n","protected":false},"author":1,"featured_media":0,"parent":0,"menu_order":0,"comment_status":"closed","ping_status":"closed","template":"elementor_header_footer","meta":{"_kad_post_transparent":"","_kad_post_title":"hide","_kad_post_layout":"fullwidth","_kad_post_sidebar_id":"","_kad_post_content_style":"unboxed","_kad_post_vertical_padding":"hide","_kad_post_feature":"hide","_kad_post_feature_position":"","_kad_post_header":false,"_kad_post_footer":false,"footnotes":""},"class_list":["post-627","page","type-page","status-publish","hentry"],"_links":{"self":[{"href":"https:\/\/www.new.iboo-formation.fr\/index.php\/wp-json\/wp\/v2\/pages\/627","targetHints":{"allow":["GET"]}}],"collection":[{"href":"https:\/\/www.new.iboo-formation.fr\/index.php\/wp-json\/wp\/v2\/pages"}],"about":[{"href":"https:\/\/www.new.iboo-formation.fr\/index.php\/wp-json\/wp\/v2\/types\/page"}],"author":[{"embeddable":true,"href":"https:\/\/www.new.iboo-formation.fr\/index.php\/wp-json\/wp\/v2\/users\/1"}],"replies":[{"embeddable":true,"href":"https:\/\/www.new.iboo-formation.fr\/index.php\/wp-json\/wp\/v2\/comments?post=627"}],"version-history":[{"count":4,"href":"https:\/\/www.new.iboo-formation.fr\/index.php\/wp-json\/wp\/v2\/pages\/627\/revisions"}],"predecessor-version":[{"id":631,"href":"https:\/\/www.new.iboo-formation.fr\/index.php\/wp-json\/wp\/v2\/pages\/627\/revisions\/631"}],"wp:attachment":[{"href":"https:\/\/www.new.iboo-formation.fr\/index.php\/wp-json\/wp\/v2\/media?parent=627"}],"curies":[{"name":"wp","href":"https:\/\/api.w.org\/{rel}","templated":true}]}}