{"id":632,"date":"2025-10-15T13:34:34","date_gmt":"2025-10-15T13:34:34","guid":{"rendered":"https:\/\/www.new.iboo-formation.fr\/?page_id=632"},"modified":"2025-10-15T13:52:17","modified_gmt":"2025-10-15T13:52:17","slug":"formations-communication","status":"publish","type":"page","link":"https:\/\/www.new.iboo-formation.fr\/index.php\/formations-communication\/","title":{"rendered":"Communication Visuelle"},"content":{"rendered":"\t\t<div data-elementor-type=\"wp-page\" data-elementor-id=\"632\" class=\"elementor elementor-632\">\n\t\t\t\t<div class=\"elementor-element elementor-element-6e66482e e-flex e-con-boxed e-con e-parent\" data-id=\"6e66482e\" data-element_type=\"container\" data-settings=\"{&quot;background_background&quot;:&quot;classic&quot;}\">\n\t\t\t\t\t<div class=\"e-con-inner\">\n\t\t\t\t<div class=\"elementor-element elementor-element-4fc6d57a elementor-widget elementor-widget-text-editor\" data-id=\"4fc6d57a\" data-element_type=\"widget\" data-widget_type=\"text-editor.default\">\n\t\t\t\t\t\t\t\t\t<!--\n  NOTE: This HTML file is designed to be used with Tailwind CSS.\n  Make sure you have the following line in your site's header:\n  <link href=\"https:\/\/cdnjs.cloudflare.com\/ajax\/libs\/tailwindcss\/2.2.19\/tailwind.min.css\" rel=\"stylesheet\">\n  And for the font:\n  <link href=\"https:\/\/fonts.googleapis.com\/css2?family=Inter:wght@400;500;600;700;800&display=swap\" rel=\"stylesheet\">\n-->\n<div class=\"bg-gray-50 text-gray-800 font-sans\">\n  <main class=\"container mx-auto px-6 py-12 md:py-20\">\n\n    <!-- Hero Section -->\n    <section class=\"text-center mb-16 md:mb-24\">\n      <h1 class=\"text-4xl md:text-6xl font-extrabold text-gray-900 mb-4\">Parcours Communication Visuelle<\/h1>\n      <p class=\"text-xl md:text-2xl text-red-700 font-semibold\">Cr\u00e9ez des supports qui marquent les esprits<\/p>\n    <\/section>\n\n    <!-- Content Section -->\n    <section class=\"max-w-4xl mx-auto mb-16 md:mb-24\">\n      <div class=\"bg-white p-8 md:p-12 rounded-2xl shadow-xl\">\n        <h2 class=\"text-2xl md:text-3xl font-bold text-gray-900 mb-6\">Devenez un communicant hors pair<\/h2>\n        <p class=\"text-gray-600 leading-relaxed mb-8\">Dans un monde o\u00f9 l&#8217;attention est limit\u00e9e, la clart\u00e9 et l&#8217;impact visuel de vos documents sont essentiels. Ce parcours vous apprend \u00e0 ma\u00eetriser les outils de r\u00e9f\u00e9rence, PowerPoint et Word, pour cr\u00e9er des pr\u00e9sentations captivantes et des documents longs parfaitement structur\u00e9s.<\/p>\n\n        <!-- Modules -->\n        <div class=\"space-y-8\">\n          <!-- Module 1: PowerPoint -->\n          <div class=\"flex items-start space-x-4\">\n            <div class=\"bg-orange-100 p-3 rounded-full\">\n              <svg xmlns=\"http:\/\/www.w3.org\/2000\/svg\" class=\"h-7 w-7 text-orange-600\" fill=\"none\" viewBox=\"0 0 24 24\" stroke=\"currentColor\" stroke-width=\"2\">\n                <path stroke-linecap=\"round\" stroke-linejoin=\"round\" d=\"M9.75 17L9 20l-1 1h8l-1-1-.75-3M3 13h18M5 17h14a2 2 0 002-2V5a2 2 0 00-2-2H5a2 2 0 00-2 2v10a2 2 0 002 2z\" \/>\n              <\/svg>\n            <\/div>\n            <div>\n              <h3 class=\"font-bold text-xl mb-1 text-gray-900\">PowerPoint : Ma\u00eetrise des pr\u00e9sentations<\/h3>\n              <p class=\"text-gray-600\">Apprenez les r\u00e8gles du design de diapositives, le storytelling visuel, l&#8217;utilisation avanc\u00e9e des masques, des animations et des transitions pour rendre chaque pr\u00e9sentation m\u00e9morable.<\/p>\n            <\/div>\n          <\/div>\n\n          <!-- Module 2: Word Avanc\u00e9 -->\n          <div class=\"flex items-start space-x-4\">\n            <div class=\"bg-blue-100 p-3 rounded-full\">\n               <svg xmlns=\"http:\/\/www.w3.org\/2000\/svg\" class=\"h-7 w-7 text-blue-600\" fill=\"none\" viewBox=\"0 0 24 24\" stroke=\"currentColor\" stroke-width=\"2\">\n                  <path stroke-linecap=\"round\" stroke-linejoin=\"round\" d=\"M9 12h6m-6 4h6m2 5H7a2 2 0 01-2-2V5a2 2 0 012-2h5.586a1 1 0 01.707.293l5.414 5.414a1 1 0 01.293.707V19a2 2 0 01-2 2z\" \/>\n               <\/svg>\n            <\/div>\n            <div>\n              <h3 class=\"font-bold text-xl mb-1 text-gray-900\">Word Avanc\u00e9 : Gestion des documents complexes<\/h3>\n              <p class=\"text-gray-600\">Allez plus loin avec Word en ma\u00eetrisant la gestion des styles, la cr\u00e9ation de tables des mati\u00e8res automatiques, d&#8217;index, de bibliographies et la mise en page de rapports longs et complexes.<\/p>\n            <\/div>\n          <\/div>\n        <\/div>\n      <\/div>\n    <\/section>\n\n    <!-- CTA Section -->\n    <section class=\"text-center\">\n      <h2 class=\"text-3xl md:text-4xl font-bold text-gray-900\">Pr\u00eat \u00e0 communiquer avec impact ?<\/h2>\n      <p class=\"text-lg text-gray-600 mt-4 mb-8\">Inscrivez-vous pour apprendre \u00e0 cr\u00e9er des supports visuels qui convainquent et inspirent.<\/p>\n      <a class=\"bg-red-600 text-white font-bold py-3 px-8 rounded-lg text-lg cta-button inline-block\" href=\"https:\/\/iboo-formation.fr\/inscription-formation-angers\/?txtSelectedTrainingIntra=14P&#038;txtSelectedTrainingIntraName=Parcours+communication+visuelle\">\n        S&#8217;inscrire au Parcours Communication\n      <\/a>\n    <\/section>\n\n  <\/main>\n<\/div>\n\n\t\t\t\t\t\t\t\t<\/div>\n\t\t\t\t\t<\/div>\n\t\t\t\t<\/div>\n\t\t\t\t<\/div>\n\t\t","protected":false},"excerpt":{"rendered":"<p>Parcours Communication Visuelle Cr\u00e9ez des supports qui marquent les esprits Devenez un communicant hors pair Dans un monde o\u00f9 l&#8217;attention est limit\u00e9e, la clart\u00e9 et l&#8217;impact visuel de vos documents sont essentiels. Ce parcours vous apprend \u00e0 ma\u00eetriser les outils de r\u00e9f\u00e9rence, PowerPoint et Word, pour cr\u00e9er des pr\u00e9sentations captivantes et des documents longs parfaitement&#8230;<\/p>\n","protected":false},"author":1,"featured_media":0,"parent":0,"menu_order":0,"comment_status":"closed","ping_status":"closed","template":"elementor_header_footer","meta":{"_kad_post_transparent":"","_kad_post_title":"hide","_kad_post_layout":"fullwidth","_kad_post_sidebar_id":"","_kad_post_content_style":"unboxed","_kad_post_vertical_padding":"hide","_kad_post_feature":"hide","_kad_post_feature_position":"","_kad_post_header":false,"_kad_post_footer":false,"footnotes":""},"class_list":["post-632","page","type-page","status-publish","hentry"],"_links":{"self":[{"href":"https:\/\/www.new.iboo-formation.fr\/index.php\/wp-json\/wp\/v2\/pages\/632","targetHints":{"allow":["GET"]}}],"collection":[{"href":"https:\/\/www.new.iboo-formation.fr\/index.php\/wp-json\/wp\/v2\/pages"}],"about":[{"href":"https:\/\/www.new.iboo-formation.fr\/index.php\/wp-json\/wp\/v2\/types\/page"}],"author":[{"embeddable":true,"href":"https:\/\/www.new.iboo-formation.fr\/index.php\/wp-json\/wp\/v2\/users\/1"}],"replies":[{"embeddable":true,"href":"https:\/\/www.new.iboo-formation.fr\/index.php\/wp-json\/wp\/v2\/comments?post=632"}],"version-history":[{"count":4,"href":"https:\/\/www.new.iboo-formation.fr\/index.php\/wp-json\/wp\/v2\/pages\/632\/revisions"}],"predecessor-version":[{"id":636,"href":"https:\/\/www.new.iboo-formation.fr\/index.php\/wp-json\/wp\/v2\/pages\/632\/revisions\/636"}],"wp:attachment":[{"href":"https:\/\/www.new.iboo-formation.fr\/index.php\/wp-json\/wp\/v2\/media?parent=632"}],"curies":[{"name":"wp","href":"https:\/\/api.w.org\/{rel}","templated":true}]}}