{"id":642,"date":"2025-10-15T13:39:42","date_gmt":"2025-10-15T13:39:42","guid":{"rendered":"https:\/\/www.new.iboo-formation.fr\/?page_id=642"},"modified":"2025-10-16T05:39:02","modified_gmt":"2025-10-16T05:39:02","slug":"formations-bureautique","status":"publish","type":"page","link":"https:\/\/www.new.iboo-formation.fr\/index.php\/formations-bureautique\/","title":{"rendered":"Excel &#038; Power BI"},"content":{"rendered":"\t\t<div data-elementor-type=\"wp-page\" data-elementor-id=\"642\" class=\"elementor elementor-642\">\n\t\t\t\t<div class=\"elementor-element elementor-element-363eb0d0 e-flex e-con-boxed e-con e-parent\" data-id=\"363eb0d0\" data-element_type=\"container\" data-settings=\"{&quot;background_background&quot;:&quot;classic&quot;}\">\n\t\t\t\t\t<div class=\"e-con-inner\">\n\t\t<div class=\"elementor-element elementor-element-6ae2c092 e-con-full e-flex e-con e-child\" data-id=\"6ae2c092\" data-element_type=\"container\">\n\t\t\t\t<div class=\"elementor-element elementor-element-3e2eeaea elementor-widget elementor-widget-text-editor\" data-id=\"3e2eeaea\" data-element_type=\"widget\" data-widget_type=\"text-editor.default\">\n\t\t\t\t\t\t\t\t\t<!-- Contenu HTML de la page Catalogue (sans les balises <script> et <link>) -->\n<div class=\"catalogue-page-container bg-gray-50 text-gray-800\">\n    <main class=\"container mx-auto px-6 py-12 md:py-20\">\n        <!-- Header Section -->\n        <section class=\"text-center mb-16 md:mb-24\">\n            <h1 class=\"text-4xl md:text-6xl font-extrabold text-gray-900 mb-4 section-fade-in\">Catalogue Excel &#038; Power BI<\/h1>\n            <p class=\"text-xl md:text-2xl text-green-700 font-semibold mb-6 section-fade-in stagger-1\">Ma\u00eetrisez l&#8217;analyse et l&#8217;automatisation des donn\u00e9es<\/p>\n            <p class=\"max-w-3xl mx-auto text-gray-600 leading-relaxed section-fade-in stagger-2\">\n                D\u00e9couvrez nos formations con\u00e7ues pour vous transformer en expert d&#8217;Excel et Power BI. De l&#8217;initiation \u00e0 la programmation VBA, chaque cours est une \u00e9tape vers une productivit\u00e9 accrue et une meilleure prise de d\u00e9cision.\n            <\/p>\n        <\/section>\n\n        <!-- Formations Grid -->\n        <section class=\"space-y-12\">\n\n            <!-- Excel Initiation -->\n            <div class=\"bg-white p-8 rounded-2xl shadow-lg flex flex-col md:flex-row items-center gap-8 section-fade-in stagger-1\">\n                <div class=\"flex-shrink-0 bg-green-100 p-5 rounded-full\">\n                    <svg class=\"w-12 h-12 text-green-700\" fill=\"none\" stroke=\"currentColor\" viewBox=\"0 0 24 24\" xmlns=\"http:\/\/www.w3.org\/2000\/svg\"><path stroke-linecap=\"round\" stroke-linejoin=\"round\" stroke-width=\"2\" d=\"M9.75 17.25v-2.25m3 2.25v-4.5m3 4.5v-6.75m2.25 11.25H7.5a2.25 2.25 0 01-2.25-2.25V7.5a2.25 2.25 0 012.25-2.25h5.438c.46 0 .907.184 1.237.513l5.812 5.812a1.75 1.75 0 01.513 1.237V19.5a2.25 2.25 0 01-2.25 2.25z\"><\/path><\/svg>\n                <\/div>\n                <div class=\"flex-grow text-center md:text-left\">\n                    <h2 class=\"text-2xl font-bold text-gray-900 mb-2\">Excel Initiation<\/h2>\n                    <p class=\"text-gray-600 mb-4\">Partez sur de bonnes bases. Apprenez \u00e0 naviguer, cr\u00e9er vos premiers tableaux, utiliser les formules essentielles et mettre en forme vos donn\u00e9es pour une lecture claire.<\/p>\n                    <a href=\"https:\/\/www.new.iboo-formation.fr\/index.php\/formations-bureautique-3\/\" class=\"text-green-600 font-semibold hover:underline\">En savoir plus &rarr;<\/a>\n                <\/div>\n            <\/div>\n\n            <!-- Excel Interm\u00e9diaire -->\n            <div class=\"bg-white p-8 rounded-2xl shadow-lg flex flex-col md:flex-row items-center gap-8 section-fade-in stagger-2\">\n                <div class=\"flex-shrink-0 bg-green-100 p-5 rounded-full\">\n                    <svg class=\"w-12 h-12 text-green-700\" fill=\"none\" stroke=\"currentColor\" viewBox=\"0 0 24 24\" xmlns=\"http:\/\/www.w3.org\/2000\/svg\"><path stroke-linecap=\"round\" stroke-linejoin=\"round\" stroke-width=\"2\" d=\"M2.25 18L9 11.25l4.306 4.307a11.95 11.95 0 015.814-5.519l2.74-1.22m0 0l-5.94-2.28m5.94 2.28l-2.28 5.941\"><\/path><\/svg>\n                <\/div>\n                <div class=\"flex-grow text-center md:text-left\">\n                    <h2 class=\"text-2xl font-bold text-gray-900 mb-2\">Excel Interm\u00e9diaire<\/h2>\n                    <p class=\"text-gray-600 mb-4\">Approfondissez vos connaissances avec les fonctions de recherche, les tableaux crois\u00e9s dynamiques et les graphiques avanc\u00e9s pour analyser vos donn\u00e9es efficacement.<\/p>\n                    <a href=\"https:\/\/www.new.iboo-formation.fr\/index.php\/formations-bureautique-4\/\" class=\"text-green-600 font-semibold hover:underline\">En savoir plus &rarr;<\/a>\n                <\/div>\n            <\/div>\n            \n            <!-- Excel Perfectionnement -->\n             <div class=\"bg-white p-8 rounded-2xl shadow-lg flex flex-col md:flex-row items-center gap-8 section-fade-in stagger-3\">\n                <div class=\"flex-shrink-0 bg-green-100 p-5 rounded-full\">\n                    <svg class=\"w-12 h-12 text-green-700\" fill=\"none\" stroke=\"currentColor\" viewBox=\"0 0 24 24\" xmlns=\"http:\/\/www.w3.org\/2000\/svg\"><path stroke-linecap=\"round\" stroke-linejoin=\"round\" stroke-width=\"2\" d=\"M3.75 3v11.25A2.25 2.25 0 006 16.5h12A2.25 2.25 0 0020.25 14.25V5.25A2.25 2.25 0 0018 3H6A2.25 2.25 0 003.75 3zM3.75 14.25V21a2.25 2.25 0 002.25 2.25h12a2.25 2.25 0 002.25-2.25v-5.25M6 18.75h12\"><\/path><\/svg>\n                <\/div>\n                <div class=\"flex-grow text-center md:text-left\">\n                    <h2 class=\"text-2xl font-bold text-gray-900 mb-2\">Excel Perfectionnement<\/h2>\n                    <p class=\"text-gray-600 mb-4\">Devenez un expert en ma\u00eetrisant les fonctions complexes, les macros, et les outils d&#8217;analyse de sc\u00e9narios pour optimiser vos classeurs et vos processus.<\/p>\n                    <a href=\"https:\/\/www.new.iboo-formation.fr\/index.php\/formations-bureautique-5\/\" class=\"text-green-600 font-semibold hover:underline\">En savoir plus &rarr;<\/a>\n                <\/div>\n            <\/div>\n            \n            <!-- Excel PowerPivot -->\n            <div class=\"bg-white p-8 rounded-2xl shadow-lg flex flex-col md:flex-row items-center gap-8 section-fade-in stagger-4\">\n                <div class=\"flex-shrink-0 bg-green-100 p-5 rounded-full\">\n                    <svg class=\"w-12 h-12 text-green-700\" fill=\"none\" stroke=\"currentColor\" viewBox=\"0 0 24 24\" xmlns=\"http:\/\/www.w3.org\/2000\/svg\"><path stroke-linecap=\"round\" stroke-linejoin=\"round\" stroke-width=\"2\" d=\"M20.25 6.375c0 2.278-3.694 4.125-8.25 4.125S3.75 8.653 3.75 6.375m16.5 0c0-2.278-3.694-4.125-8.25-4.125S3.75 4.097 3.75 6.375m16.5 0v11.25c0 2.278-3.694 4.125-8.25 4.125s-8.25-1.847-8.25-4.125V6.375m16.5 0v3.75m-16.5-3.75v3.75m16.5 0v3.75C20.25 16.153 16.556 18 12 18s-8.25-1.847-8.25-4.125v-3.75\"><\/path><\/svg>\n                <\/div>\n                <div class=\"flex-grow text-center md:text-left\">\n                    <h2 class=\"text-2xl font-bold text-gray-900 mb-2\">Excel PowerPivot<\/h2>\n                    <p class=\"text-gray-600 mb-4\">Manipulez des millions de lignes de donn\u00e9es, cr\u00e9ez des mod\u00e8les de donn\u00e9es relationnels et des calculs complexes avec les mesures DAX pour une analyse approfondie.<\/p>\n                    <a href=\"https:\/\/www.new.iboo-formation.fr\/index.php\/formations-bureautique-6\/\" class=\"text-green-600 font-semibold hover:underline\">En savoir plus &rarr;<\/a>\n                <\/div>\n            <\/div>\n\n            <!-- Excel VBA -->\n            <div class=\"bg-white p-8 rounded-2xl shadow-lg flex flex-col md:flex-row items-center gap-8 section-fade-in stagger-5\">\n                <div class=\"flex-shrink-0 bg-green-100 p-5 rounded-full\">\n                    <svg class=\"w-12 h-12 text-green-700\" fill=\"none\" stroke=\"currentColor\" viewBox=\"0 0 24 24\" xmlns=\"http:\/\/www.w3.org\/2000\/svg\"><path stroke-linecap=\"round\" stroke-linejoin=\"round\" stroke-width=\"2\" d=\"M17.25 6.75L22.5 12l-5.25 5.25m-10.5 0L1.5 12l5.25-5.25m7.5-3l-4.5 16.5\"><\/path><\/svg>\n                <\/div>\n                <div class=\"flex-grow text-center md:text-left\">\n                    <h2 class=\"text-2xl font-bold text-gray-900 mb-2\">Excel VBA<\/h2>\n                    <p class=\"text-gray-600 mb-4\">Automatisez les t\u00e2ches r\u00e9p\u00e9titives, cr\u00e9ez des fonctions personnalis\u00e9es et d\u00e9veloppez des applications complexes directement dans Excel pour un gain de temps maximal.<\/p>\n                    <a href=\"https:\/\/www.new.iboo-formation.fr\/index.php\/formations-bureautique-7\/\" class=\"text-green-600 font-semibold hover:underline\">En savoir plus &rarr;<\/a>\n                <\/div>\n            <\/div>\n\n            <!-- Power BI -->\n            <div class=\"bg-white p-8 rounded-2xl shadow-lg flex flex-col md:flex-row items-center gap-8 section-fade-in stagger-6\">\n                <div class=\"flex-shrink-0 bg-green-100 p-5 rounded-full\">\n                    <svg class=\"w-12 h-12 text-green-700\" fill=\"none\" stroke=\"currentColor\" viewBox=\"0 0 24 24\" xmlns=\"http:\/\/www.w3.org\/2000\/svg\"><path stroke-linecap=\"round\" stroke-linejoin=\"round\" stroke-width=\"2\" d=\"M10.5 6a7.5 7.5 0 100 12h-3a7.5 7.5 0 000-12h3z\"><\/path><path stroke-linecap=\"round\" stroke-linejoin=\"round\" stroke-width=\"2\" d=\"M10.5 9a2.25 2.25 0 11-4.5 0 2.25 2.25 0 014.5 0zM10.5 12a7.5 7.5 0 00-7.5 7.5h15a7.5 7.5 0 00-7.5-7.5z\"><\/path><\/svg>\n                <\/div>\n                <div class=\"flex-grow text-center md:text-left\">\n                    <h2 class=\"text-2xl font-bold text-gray-900 mb-2\">Power BI<\/h2>\n                    <p class=\"text-gray-600 mb-4\">Connectez-vous \u00e0 diverses sources de donn\u00e9es, mod\u00e9lisez-les et cr\u00e9ez des rapports et tableaux de bord interactifs pour partager des informations claires et percutantes.<\/p>\n                    <a href=\"https:\/\/www.new.iboo-formation.fr\/index.php\/power-bi\" class=\"text-green-600 font-semibold hover:underline\">En savoir plus &rarr;<\/a>\n                <\/div>\n            <\/div>\n\n        <\/section>\n\n        <!-- CTA Section -->\n        <section class=\"mt-20 md:mt-28 text-center bg-blue-600 text-white rounded-2xl p-8 md:p-12 section-fade-in\">\n            <h2 class=\"text-3xl font-bold mb-4\">Pr\u00eat \u00e0 transformer vos donn\u00e9es ?<\/h2>\n            <p class=\"text-blue-200 text-lg max-w-2xl mx-auto mb-8\">Nos conseillers sont l\u00e0 pour vous aider \u00e0 construire le parcours de formation qui correspond parfaitement \u00e0 vos ambitions professionnelles.<\/p>\n            <a href=\"https:\/\/www.new.iboo-formation.fr\/index.php\/demande-dinformation-ou-devis\" class=\"bg-white text-blue-600 font-bold py-3 px-8 rounded-lg text-lg cta-button inline-block\">\n                Demander un devis personnalis\u00e9\n            <\/a>\n        <\/section>\n    <\/main>\n<\/div>\n\n\t\t\t\t\t\t\t\t<\/div>\n\t\t\t\t<\/div>\n\t\t\t\t\t<\/div>\n\t\t\t\t<\/div>\n\t\t\t\t<\/div>\n\t\t","protected":false},"excerpt":{"rendered":"<p>Catalogue Excel &#038; Power BI Ma\u00eetrisez l&#8217;analyse et l&#8217;automatisation des donn\u00e9es D\u00e9couvrez nos formations con\u00e7ues pour vous transformer en expert d&#8217;Excel et Power BI. De l&#8217;initiation \u00e0 la programmation VBA, chaque cours est une \u00e9tape vers une productivit\u00e9 accrue et une meilleure prise de d\u00e9cision. Excel Initiation Partez sur de bonnes bases. Apprenez \u00e0 naviguer,&#8230;<\/p>\n","protected":false},"author":1,"featured_media":0,"parent":0,"menu_order":0,"comment_status":"closed","ping_status":"closed","template":"elementor_header_footer","meta":{"_kad_post_transparent":"","_kad_post_title":"hide","_kad_post_layout":"fullwidth","_kad_post_sidebar_id":"","_kad_post_content_style":"unboxed","_kad_post_vertical_padding":"hide","_kad_post_feature":"hide","_kad_post_feature_position":"","_kad_post_header":false,"_kad_post_footer":false,"footnotes":""},"class_list":["post-642","page","type-page","status-publish","hentry"],"_links":{"self":[{"href":"https:\/\/www.new.iboo-formation.fr\/index.php\/wp-json\/wp\/v2\/pages\/642","targetHints":{"allow":["GET"]}}],"collection":[{"href":"https:\/\/www.new.iboo-formation.fr\/index.php\/wp-json\/wp\/v2\/pages"}],"about":[{"href":"https:\/\/www.new.iboo-formation.fr\/index.php\/wp-json\/wp\/v2\/types\/page"}],"author":[{"embeddable":true,"href":"https:\/\/www.new.iboo-formation.fr\/index.php\/wp-json\/wp\/v2\/users\/1"}],"replies":[{"embeddable":true,"href":"https:\/\/www.new.iboo-formation.fr\/index.php\/wp-json\/wp\/v2\/comments?post=642"}],"version-history":[{"count":7,"href":"https:\/\/www.new.iboo-formation.fr\/index.php\/wp-json\/wp\/v2\/pages\/642\/revisions"}],"predecessor-version":[{"id":1041,"href":"https:\/\/www.new.iboo-formation.fr\/index.php\/wp-json\/wp\/v2\/pages\/642\/revisions\/1041"}],"wp:attachment":[{"href":"https:\/\/www.new.iboo-formation.fr\/index.php\/wp-json\/wp\/v2\/media?parent=642"}],"curies":[{"name":"wp","href":"https:\/\/api.w.org\/{rel}","templated":true}]}}