{"id":647,"date":"2025-10-15T13:43:19","date_gmt":"2025-10-15T13:43:19","guid":{"rendered":"https:\/\/www.new.iboo-formation.fr\/?page_id=647"},"modified":"2025-10-16T06:06:57","modified_gmt":"2025-10-16T06:06:57","slug":"formations-intelligence-artificielle","status":"publish","type":"page","link":"https:\/\/www.new.iboo-formation.fr\/index.php\/formations-intelligence-artificielle\/","title":{"rendered":"Boostez avec l\u2019IA"},"content":{"rendered":"\t\t<div data-elementor-type=\"wp-page\" data-elementor-id=\"647\" class=\"elementor elementor-647\">\n\t\t\t\t<div class=\"elementor-element elementor-element-56a4080e e-con-full e-flex e-con e-parent\" data-id=\"56a4080e\" data-element_type=\"container\" data-settings=\"{&quot;background_background&quot;:&quot;classic&quot;}\">\n\t\t<div class=\"elementor-element elementor-element-178ffd20 e-con-full e-flex e-con e-child\" data-id=\"178ffd20\" data-element_type=\"container\" data-settings=\"{&quot;background_background&quot;:&quot;classic&quot;}\">\n\t\t\t\t<div class=\"elementor-element elementor-element-3a62012e elementor-widget elementor-widget-text-editor\" data-id=\"3a62012e\" data-element_type=\"widget\" data-widget_type=\"text-editor.default\">\n\t\t\t\t\t\t\t\t\t<!-- Copiez et collez tout ce code dans un widget HTML ou Texte d'Elementor -->\n<div class=\"iboo-landing-container\">\n    <main>\n        <!-- Section 1 \u2013 Hero IA -->\n        <section id=\"iboo-hero-section-ia\" class=\"relative py-20 md:py-32 text-white\" style=\"background: linear-gradient(45deg, #1e3a8a, #3b82f6);\">\n            <!-- Overlay for readability -->\n            <div class=\"absolute inset-0 bg-black\/30\"><\/div>\n            \n            <div class=\"w-full px-6 text-center relative z-10\">\n                <h1 class=\"text-4xl md:text-6xl font-extrabold text-white\">Devenez acteur de l&#8217;IA : boostez vos connaissances et comp\u00e9tences<\/h1>\n                <p class=\"mt-4 text-lg md:text-xl text-gray-200 max-w-3xl mx-auto\">Des formations concr\u00e8tes et certifiantes pour ma\u00eetriser les technologies de l&#8217;intelligence artificielle et transformer votre quotidien.<\/p>\n                <div class=\"mt-8 flex justify-center gap-4 flex-wrap\">\n                    <a href=\"#formations-ia\" class=\"cta-primary font-bold py-3 px-8 rounded-lg shadow-lg transform hover:-translate-y-1 hover:scale-105 hover:shadow-2xl transition-all duration-300 ease-in-out\">Voir nos formations IA<\/a>\n                    <a href=\"https:\/\/www.new.iboo-formation.fr\/index.php\/demande-dinformation-ou-devis\/\" class=\"bg-transparent border-2 border-white text-white font-bold py-3 px-8 rounded-lg transform hover:-translate-y-1 hover:scale-105 hover:bg-white hover:text-blue-600 transition-all duration-300 ease-in-out\">Demander un devis<\/a>\n                <\/div>\n            <\/div>\n        <\/section>\n\n        <!-- Section 2 \u2013 Introduction IA -->\n        <section class=\"py-16 md:py-24 bg-white\">\n            <div class=\"container mx-auto px-6\">\n                <div class=\"max-w-4xl mx-auto\">\n                    <h2 class=\"text-3xl md:text-4xl font-bold text-gray-800 text-center md:text-left\">L&#8217;IA, une r\u00e9volution \u00e0 votre port\u00e9e<\/h2>\n                    <p class=\"mt-4 text-lg text-gray-700\">L\u2019intelligence artificielle (IA) bouleverse le monde du travail et offre de nouvelles opportunit\u00e9s. Notre centre de formation, expert en IT depuis 2005, vous accompagne pour :<\/p>\n                    <ul class=\"mt-6 space-y-3 text-gray-700\">\n                        <li class=\"flex items-start\"><span class=\"text-blue-500 mr-3 mt-1\">&#10003;<\/span>Comprendre les concepts fondamentaux de l\u2019IA<\/li>\n                        <li class=\"flex items-start\"><span class=\"text-blue-500 mr-3 mt-1\">&#10003;<\/span>Ma\u00eetriser les outils et technologies les plus r\u00e9centes<\/li>\n                        <li class=\"flex items-start\"><span class=\"text-blue-500 mr-3 mt-1\">&#10003;<\/span>D\u00e9velopper des applications concr\u00e8tes pour votre m\u00e9tier<\/li>\n                        <li class=\"flex items-start\"><span class=\"text-blue-500 mr-3 mt-1\">&#10003;<\/span>Gagner en efficacit\u00e9 et en productivit\u00e9<\/li>\n                         <li class=\"flex items-start\"><span class=\"text-blue-500 mr-3 mt-1\">&#10003;<\/span>Booster votre employabilit\u00e9 et vos perspectives d\u2019\u00e9volution<\/li>\n                    <\/ul>\n                    <p class=\"mt-6 font-bold text-gray-900\">N\u2019attendez plus, inscrivez-vous d\u00e8s aujourd\u2019hui et devenez acteur de l\u2019IA !<\/p>\n                <\/div>\n            <\/div>\n        <\/section>\n\n        <!-- Section 3 \u2013 Formations IA Phares -->\n        <section id=\"formations-ia\" class=\"py-16 md:py-24 bg-blue-50\">\n            <div class=\"container mx-auto px-6\">\n                <h2 class=\"section-title\">Nos formations en Intelligence Artificielle<\/h2>\n                <div class=\"mt-12 grid md:grid-cols-2 lg:grid-cols-3 gap-8\">\n                    <!-- ChatGPT -->\n                    <a href=\"https:\/\/www.new.iboo-formation.fr\/index.php\/formations-intelligence-artificielle-2\/\" class=\"bg-white rounded-lg shadow-lg overflow-hidden transform hover:-translate-y-2 hover:shadow-xl transition-all duration-300 flex flex-col no-underline\">\n                        <div class=\"p-8 text-center flex-grow flex flex-col justify-start items-center\">\n                            <div class=\"h-20 flex items-center justify-center\">\n                                <img decoding=\"async\" src=\"https:\/\/iboo-formation.fr\/wp-content\/uploads\/2025\/09\/chatgpt1-removebg-preview.png\" alt=\"Logo ChatGPT\" class=\"h-12 max-h-12 w-auto object-contain\">\n                            <\/div>\n                            <h3 class=\"text-xl font-bold text-gray-800 mt-4 min-h-14 flex items-center justify-center\">ChatGPT<\/h3>\n                        <\/div>\n                    <\/a>\n                    <!-- IA dans Microsoft 365 -->\n                    <a href=\"https:\/\/www.new.iboo-formation.fr\/index.php\/formations-intelligence-artificielle-3\/\" class=\"bg-white rounded-lg shadow-lg overflow-hidden transform hover:-translate-y-2 hover:shadow-xl transition-all duration-300 flex flex-col no-underline\">\n                        <div class=\"p-8 text-center flex-grow flex flex-col justify-start items-center\">\n                            <div class=\"h-20 flex items-center justify-center\">\n                                <img decoding=\"async\" src=\"https:\/\/iboo-formation.fr\/wp-content\/uploads\/2025\/09\/Office_365_img-removebg-preview.png\" alt=\"Logo Microsoft 365\" class=\"h-20 max-h-20 w-auto object-contain\">\n                            <\/div>\n                            <h3 class=\"text-xl font-bold text-gray-800 mt-4 min-h-14 flex items-center justify-center\">IA dans Microsoft 365 (IA Office)<\/h3>\n                        <\/div>\n                    <\/a>\n                    <!-- Copilot Pro -->\n                    <a href=\"https:\/\/www.new.iboo-formation.fr\/index.php\/formations-intelligence-artificielle-4\" class=\"bg-white rounded-lg shadow-lg overflow-hidden transform hover:-translate-y-2 hover:shadow-xl transition-all duration-300 flex flex-col no-underline\">\n                        <div class=\"p-8 text-center flex-grow flex flex-col justify-start items-center\">\n                            <div class=\"h-20 flex items-center justify-center\">\n                                <img decoding=\"async\" src=\"https:\/\/iboo-formation.fr\/wp-content\/uploads\/2025\/09\/copilot-removebg-preview.png\" alt=\"Logo Copilot\" class=\"h-12 max-h-12 w-auto object-contain\">\n                            <\/div>\n                            <h3 class=\"text-xl font-bold text-gray-800 mt-4 min-h-14 flex items-center justify-center\">Formation Copilot Pro<\/h3>\n                        <\/div>\n                    <\/a>\n                    <!-- Automatisation (Power Automate) -->\n                    <a href=\"https:\/\/www.new.iboo-formation.fr\/index.php\/formations-automatisation\/\" class=\"bg-white rounded-lg shadow-lg overflow-hidden transform hover:-translate-y-2 hover:shadow-xl transition-all duration-300 flex flex-col no-underline\">\n                        <div class=\"p-8 text-center flex-grow flex flex-col justify-start items-center\">\n                            <div class=\"h-20 flex items-center justify-center\">\n                                <img decoding=\"async\" src=\"https:\/\/iboo-formation.fr\/wp-content\/uploads\/2025\/09\/power_automate-removebg-preview.png\" alt=\"Logo Power Automate\" class=\"h-20 max-h-20 w-auto object-contain\">\n                            <\/div>\n                            <h3 class=\"text-xl font-bold text-gray-800 mt-4 min-h-14 flex items-center justify-center\">Automatisation (Power Automate)<\/h3>\n                        <\/div>\n                    <\/a>\n                    <!-- SharePoint (workflows) -->\n                    <a href=\"https:\/\/www.new.iboo-formation.fr\/index.php\/formations-automatisation-2\/\" class=\"bg-white rounded-lg shadow-lg overflow-hidden transform hover:-translate-y-2 hover:shadow-xl transition-all duration-300 flex flex-col no-underline\">\n                        <div class=\"p-8 text-center flex-grow flex flex-col justify-start items-center\">\n                            <div class=\"h-20 flex items-center justify-center\">\n                                <img decoding=\"async\" src=\"https:\/\/iboo-formation.fr\/wp-content\/uploads\/2025\/09\/Sharepoint_Logo-removebg-preview.png\" alt=\"Logo SharePoint\" class=\"h-12 max-h-12 w-auto object-contain\">\n                            <\/div>\n                            <h3 class=\"text-xl font-bold text-gray-800 mt-4 min-h-14 flex items-center justify-center\">SharePoint (workflows)<\/h3>\n                        <\/div>\n                    <\/a>\n                    <!-- IA et productivit\u00e9 -->\n                    <a href=\"https:\/\/www.new.iboo-formation.fr\/index.php\/formations-bureautique-8\/\" class=\"bg-white rounded-lg shadow-lg overflow-hidden transform hover:-translate-y-2 hover:shadow-xl transition-all duration-300 flex flex-col no-underline\">\n                        <div class=\"p-8 text-center flex-grow flex flex-col justify-start items-center\">\n                            <div class=\"h-20 flex items-center justify-center\">\n                                <svg xmlns=\"http:\/\/www.w3.org\/2000\/svg\" class=\"h-12 w-12 mx-auto text-blue-600\" fill=\"none\" viewBox=\"0 0 24 24\" stroke=\"currentColor\" stroke-width=\"2\"><path stroke-linecap=\"round\" stroke-linejoin=\"round\" d=\"M13 7h8m0 0v8m0-8l-8 8-4-4-6 6\" \/><\/svg>\n                            <\/div>\n                            <h3 class=\"text-xl font-bold text-gray-800 mt-4 min-h-14 flex items-center justify-center\">IA et productivit\u00e9<\/h3>\n                        <\/div>\n                    <\/a>\n                <\/div>\n            <\/div>\n        <\/section>\n        \n        <!-- Section 4 \u2013 Public Cible -->\n        <section class=\"py-16 md:py-24 bg-white\">\n            <div class=\"container mx-auto px-6\">\n                <h2 class=\"section-title\">\u00c0 qui s&#8217;adressent nos formations IA ?<\/h2>\n                <div class=\"mt-12 grid md:grid-cols-3 gap-8 text-center\">\n                    <div class=\"flex flex-col items-center p-6 rounded-lg transition-all duration-300 transform hover:scale-105 hover:shadow-lg\">\n                        <div class=\"bg-blue-100 p-4 rounded-full\"><svg xmlns=\"http:\/\/www.w3.org\/2000\/svg\" class=\"h-8 w-8 text-blue-600\" fill=\"none\" viewBox=\"0 0 24 24\" stroke=\"currentColor\" stroke-width=\"2\"><path stroke-linecap=\"round\" stroke-linejoin=\"round\" d=\"M21 13.255A23.931 23.931 0 0112 15c-3.183 0-6.22-.62-9-1.745M16 6V4a2 2 0 00-2-2h-4a2 2 0 00-2 2v2m4 6h.01M5 20h14a2 2 0 002-2V8a2 2 0 00-2-2H5a2 2 0 00-2 2v10a2 2 0 002 2z\" \/><\/svg><\/div>\n                        <h3 class=\"mt-4 font-bold text-lg text-gray-800\">Professionnels<\/h3>\n                        <p class=\"mt-2 text-gray-700\">Souhaitant d\u00e9velopper leurs comp\u00e9tences en IA.<\/p>\n                    <\/div>\n                    <div class=\"flex flex-col items-center p-6 rounded-lg transition-all duration-300 transform hover:scale-105 hover:shadow-lg\">\n                         <div class=\"bg-blue-100 p-4 rounded-full\"><svg xmlns=\"http:\/\/www.w3.org\/2000\/svg\" class=\"h-8 w-8 text-blue-600\" fill=\"none\" viewBox=\"0 0 24 24\" stroke=\"currentColor\" stroke-width=\"2\"><path d=\"M12 14l9-5-9-5-9 5 9 5z\" \/><path d=\"M12 14l6.16-3.422a12.083 12.083 0 01.665 6.479A11.952 11.952 0 0012 20.055a11.952 11.952 0 00-6.824-5.998 12.078 12.078 0 01.665-6.479L12 14z\" \/><path stroke-linecap=\"round\" stroke-linejoin=\"round\" d=\"M12 14l9-5-9-5-9 5 9 5zm0 0l6.16-3.422a12.083 12.083 0 01.665 6.479A11.952 11.952 0 0012 20.055a11.952 11.952 0 00-6.824-5.998 12.078 12.078 0 01.665-6.479L12 14zm-4 6v-7.5l4-2.222\" \/><\/svg><\/div>\n                        <h3 class=\"mt-4 font-bold text-lg text-gray-800\">\u00c9tudiants<\/h3>\n                        <p class=\"mt-2 text-gray-700\">En informatique, gestion, marketing, etc.<\/p>\n                    <\/div>\n                    <div class=\"flex flex-col items-center p-6 rounded-lg transition-all duration-300 transform hover:scale-105 hover:shadow-lg\">\n                         <div class=\"bg-blue-100 p-4 rounded-full\"><svg xmlns=\"http:\/\/www.w3.org\/2000\/svg\" class=\"h-8 w-8 text-blue-600\" fill=\"none\" viewBox=\"0 0 24 24\" stroke=\"currentColor\" stroke-width=\"2\"><path stroke-linecap=\"round\" stroke-linejoin=\"round\" d=\"M21 21l-6-6m2-5a7 7 0 11-14 0 7 7 0 0114 0z\" \/><\/svg><\/div>\n                        <h3 class=\"mt-4 font-bold text-lg text-gray-800\">Demandeurs d\u2019emploi<\/h3>\n                        <p class=\"mt-2 text-gray-700\">En reconversion ou recherche de qualification.<\/p>\n                    <\/div>\n                <\/div>\n            <\/div>\n        <\/section>\n        \n        <!-- Section 5 \u2013 Formations \u00e0 venir -->\n        <section class=\"py-16 md:py-24 bg-blue-50\">\n            <div class=\"container mx-auto px-6\">\n                <h2 class=\"section-title\">Liste des formations IA \u00e0 venir<\/h2>\n                 <p class=\"mt-4 text-lg text-gray-700 text-center max-w-2xl mx-auto\">Si d\u2019autres outils vous int\u00e9ressent, nous vous invitons \u00e0 nous contacter !<\/p>\n                <div class=\"max-w-3xl mx-auto mt-12 space-y-4\">\n                     <div class=\"block bg-white p-6 rounded-lg shadow-md transition-all duration-300 transform hover:-translate-y-1 hover:shadow-xl\"><p class=\"font-semibold text-gray-800\"><span class=\"text-blue-600 font-bold\">IA pour la gestion :<\/span> Analysez vos donn\u00e9es et prenez de meilleures d\u00e9cisions<\/p><\/div>\n                     <div class=\"block bg-white p-6 rounded-lg shadow-md transition-all duration-300 transform hover:-translate-y-1 hover:shadow-xl\"><p class=\"font-semibold text-gray-800\"><span class=\"text-blue-600 font-bold\">IA pour le management :<\/span> Optimisez votre planning et pilotez vos projets<\/p><\/div>\n                     <div class=\"block bg-white p-6 rounded-lg shadow-md transition-all duration-300 transform hover:-translate-y-1 hover:shadow-xl\"><p class=\"font-semibold text-gray-800\"><span class=\"text-blue-600 font-bold\">IA pour la PAO :<\/span> Cr\u00e9ez des contenus visuels impactants et personnalis\u00e9s<\/p><\/div>\n                     <div class=\"block bg-white p-6 rounded-lg shadow-md transition-all duration-300 transform hover:-translate-y-1 hover:shadow-xl\"><p class=\"font-semibold text-gray-800\"><span class=\"text-blue-600 font-bold\">IA pour le web :<\/span> D\u00e9veloppez des sites web intelligents et performants<\/p><\/div>\n                <\/div>\n            <\/div>\n        <\/section>\n        \n        <!-- Section 6 \u2013 Galerie IA -->\n        <section class=\"py-16 md:py-24 bg-white\">\n            <div class=\"container mx-auto px-6\">\n                <h2 class=\"section-title\">Image g\u00e9n\u00e9r\u00e9e avec l&#8217;IA<\/h2>\n                <div class=\"mt-12 flex justify-center\">\n                    <div class=\"text-center md:max-w-md\">\n                        <img decoding=\"async\" src=\"https:\/\/images.unsplash.com\/photo-1589254065909-b7086229d08c?q=80&#038;w=1887&#038;auto=format&#038;fit=crop\" alt=\"Robot sympathique, mascotte de l'IA\" class=\"rounded-lg shadow-lg w-full h-80 object-cover\">\n                        <p class=\"mt-4 font-semibold text-gray-800\">Notre mascotte Hysope<\/p>\n                    <\/div>\n                <\/div>\n            <\/div>\n        <\/section>\n\n        <!-- Section 7 \u2013 Localisation Angers -->\n        <section class=\"py-16 md:py-24 bg-blue-50\">\n            <div class=\"container mx-auto px-6\">\n                <div class=\"grid md:grid-cols-2 gap-12 items-center\">\n                    <div>\n                        <h2 class=\"text-3xl md:text-4xl font-bold text-gray-800\">Suivre une formation IA \u00e0 Angers<\/h2>\n                        <p class=\"mt-4 text-lg text-gray-700\">Nous proposons des sessions en pr\u00e9sentiel ou \u00e0 distance pour que vous puissiez apprendre dans un environnement interactif avec nos formateurs experts. D\u00e9couvrez notre gamme compl\u00e8te de formations d\u00e9di\u00e9es \u00e0 l\u2019intelligence artificielle, con\u00e7ues sp\u00e9cifiquement pour vous aider \u00e0 rester \u00e0 la pointe des innovations.<\/p>\n                        <p class=\"mt-4 text-lg text-gray-700\">Que vous soyez un professionnel, un gestionnaire ou un cr\u00e9ateur de contenu, nos formations sont con\u00e7ues pour r\u00e9pondre \u00e0 vos besoins. Rejoignez-nous dans cette aventure passionnante o\u00f9 le savoir-faire en IA devient un atout majeur pour fa\u00e7onner l\u2019avenir.<\/p>\n                    <\/div>\n                    <div class=\"text-center rounded-lg overflow-hidden shadow-xl\">\n                        <img decoding=\"async\" src=\"https:\/\/images.unsplash.com\/photo-1572021335469-31706a17aaef?q=80&#038;w=2070&#038;auto=format&#038;fit=crop\" alt=\"Salle de formation\" class=\"w-full h-auto object-cover transition-transform duration-300 transform hover:scale-105\">\n                    <\/div>\n                <\/div>\n            <\/div>\n        <\/section>\n\n        <!-- Section 8 \u2013 Call to Action final -->\n        <section id=\"contact-ia\" class=\"py-20 md:py-32 bg-gray-800 text-white\">\n            <div class=\"container mx-auto px-6 text-center\">\n                 <h2 class=\"text-3xl md:text-5xl font-extrabold text-white\">Pr\u00eat \u00e0 ma\u00eetriser l&#8217;IA ?<\/h2>\n                 <p class=\"mt-4 text-lg md:text-xl text-gray-100 max-w-2xl mx-auto\">Explorez, apprenez, et optimisez vos t\u00e2ches avec nos formations innovantes d\u00e8s aujourd\u2019hui !<\/p>\n                <div class=\"mt-8 flex justify-center gap-4 flex-wrap\">\n                     <a href=\"https:\/\/www.new.iboo-formation.fr\/index.php\/inscription-formation\/\" class=\"cta-primary font-bold py-3 px-8 rounded-lg shadow-lg transform hover:-translate-y-1 hover:scale-105 hover:shadow-2xl transition-all duration-300 ease-in-out\">Contactez-nous<\/a>\n                     <a href=\"https:\/\/www.new.iboo-formation.fr\/index.php\/demande-dinformation-ou-devis\/\" class=\"bg-transparent border-2 border-white text-white font-bold py-3 px-8 rounded-lg transform hover:-translate-y-1 hover:scale-105 hover:bg-white hover:text-blue-600 transition-all duration-300 ease-in-out\">Demander un devis gratuit<\/a>\n                <\/div>\n            <\/div>\n        <\/section>\n    <\/main>\n<\/div>\n\n\t\t\t\t\t\t\t\t<\/div>\n\t\t\t\t<\/div>\n\t\t\t\t<\/div>\n\t\t\t\t<\/div>\n\t\t","protected":false},"excerpt":{"rendered":"<p>Devenez acteur de l&#8217;IA : boostez vos connaissances et comp\u00e9tences Des formations concr\u00e8tes et certifiantes pour ma\u00eetriser les technologies de l&#8217;intelligence artificielle et transformer votre quotidien. Voir nos formations IA Demander un devis L&#8217;IA, une r\u00e9volution \u00e0 votre port\u00e9e L\u2019intelligence artificielle (IA) bouleverse le monde du travail et offre de nouvelles opportunit\u00e9s. Notre centre de&#8230;<\/p>\n","protected":false},"author":1,"featured_media":0,"parent":0,"menu_order":0,"comment_status":"closed","ping_status":"closed","template":"elementor_header_footer","meta":{"_kad_post_transparent":"","_kad_post_title":"hide","_kad_post_layout":"fullwidth","_kad_post_sidebar_id":"","_kad_post_content_style":"unboxed","_kad_post_vertical_padding":"hide","_kad_post_feature":"hide","_kad_post_feature_position":"","_kad_post_header":false,"_kad_post_footer":false,"footnotes":""},"class_list":["post-647","page","type-page","status-publish","hentry"],"_links":{"self":[{"href":"https:\/\/www.new.iboo-formation.fr\/index.php\/wp-json\/wp\/v2\/pages\/647","targetHints":{"allow":["GET"]}}],"collection":[{"href":"https:\/\/www.new.iboo-formation.fr\/index.php\/wp-json\/wp\/v2\/pages"}],"about":[{"href":"https:\/\/www.new.iboo-formation.fr\/index.php\/wp-json\/wp\/v2\/types\/page"}],"author":[{"embeddable":true,"href":"https:\/\/www.new.iboo-formation.fr\/index.php\/wp-json\/wp\/v2\/users\/1"}],"replies":[{"embeddable":true,"href":"https:\/\/www.new.iboo-formation.fr\/index.php\/wp-json\/wp\/v2\/comments?post=647"}],"version-history":[{"count":10,"href":"https:\/\/www.new.iboo-formation.fr\/index.php\/wp-json\/wp\/v2\/pages\/647\/revisions"}],"predecessor-version":[{"id":1048,"href":"https:\/\/www.new.iboo-formation.fr\/index.php\/wp-json\/wp\/v2\/pages\/647\/revisions\/1048"}],"wp:attachment":[{"href":"https:\/\/www.new.iboo-formation.fr\/index.php\/wp-json\/wp\/v2\/media?parent=647"}],"curies":[{"name":"wp","href":"https:\/\/api.w.org\/{rel}","templated":true}]}}