{"id":652,"date":"2025-10-15T13:46:30","date_gmt":"2025-10-15T13:46:30","guid":{"rendered":"https:\/\/www.new.iboo-formation.fr\/?page_id=652"},"modified":"2025-10-16T05:32:08","modified_gmt":"2025-10-16T05:32:08","slug":"formations-gestion-comptabilite-2","status":"publish","type":"page","link":"https:\/\/www.new.iboo-formation.fr\/index.php\/formations-gestion-comptabilite-2\/","title":{"rendered":"Gestion, Management, Communication, PAO &#038; Web"},"content":{"rendered":"\t\t<div data-elementor-type=\"wp-page\" data-elementor-id=\"652\" class=\"elementor elementor-652\">\n\t\t\t\t<div class=\"elementor-element elementor-element-6bbd87ad e-con-full e-flex e-con e-parent\" data-id=\"6bbd87ad\" data-element_type=\"container\" data-settings=\"{&quot;background_background&quot;:&quot;classic&quot;}\">\n\t\t<div class=\"elementor-element elementor-element-6f00809 e-con-full e-flex e-con e-child\" data-id=\"6f00809\" data-element_type=\"container\" data-settings=\"{&quot;background_background&quot;:&quot;classic&quot;}\">\n\t\t\t\t<div class=\"elementor-element elementor-element-34862bfa elementor-widget elementor-widget-text-editor\" data-id=\"34862bfa\" data-element_type=\"widget\" data-widget_type=\"text-editor.default\">\n\t\t\t\t\t\t\t\t\t<!-- Contenu HTML pour la nouvelle page (Gestion, Management, PAO, Web, Communication) -->\n<div class=\"iboo-formation-page-container bg-gradient-to-b from-white to-blue-50 text-gray-800\">\n\n    <!-- Main Content -->\n    <main class=\"container mx-auto px-6 py-12 md:py-20\">\n\n        <!-- Hero Section -->\n        <section class=\"text-center mb-20 md:mb-28\">\n            <h1 class=\"text-4xl md:text-6xl font-extrabold text-[#006ca8] mb-4 section-fade-in\">Nos Formations Sp\u00e9cialis\u00e9es<\/h1>\n            <p class=\"text-xl md:text-2xl text-[#006ca8] font-semibold mb-6 section-fade-in stagger-1\">Gestion, Management, PAO, Web &#038; Communication<\/p>\n            <div class=\"max-w-3xl mx-auto\">\n                <p class=\"text-gray-600 leading-relaxed mb-8 section-fade-in stagger-2\">D\u00e9veloppez des comp\u00e9tences cl\u00e9s dans les domaines qui transforment votre entreprise. Nos parcours sont con\u00e7us pour vous apporter une expertise concr\u00e8te et directement applicable.<\/p>\n                <a href=\"https:\/\/www.new.iboo-formation.fr\/index.php\/demande-dinformation-ou-devis\/\" class=\"bg-[#006ca8] hover:bg-blue-700 text-white font-bold py-3 px-8 rounded-lg text-lg cta-button inline-block section-fade-in stagger-3\">\n                    Demander un devis personnalis\u00e9\n                <\/a>\n            <\/div>\n        <\/section>\n\n        <!-- Section Gestion Commerciale et Comptabilit\u00e9 -->\n        <section class=\"mb-20 md:mb-28 section-fade-in\">\n            <a href=\"https:\/\/www.new.iboo-formation.fr\/index.php\/formations-gestion-comptabilite\/\" class=\"block text-center mb-12 group\">\n                <h2 class=\"text-3xl md:text-4xl font-bold text-[#006ca8] transition-colors duration-300\">Gestion Commerciale et Comptabilit\u00e9<\/h2>\n                <p class=\"text-lg text-gray-600 mt-2\">Ma\u00eetrisez les logiciels de Devis, Facturation et plus !<\/p>\n            <\/a>\n            <div class=\"max-w-4xl mx-auto bg-white p-8 rounded-xl shadow-lg\">\n                 <div class=\"flex justify-center text-[#006ca8] mb-6\">\n                    <svg xmlns=\"http:\/\/www.w3.org\/2000\/svg\" class=\"h-16 w-16\" fill=\"none\" viewBox=\"0 0 24 24\" stroke=\"currentColor\" stroke-width=\"1.5\"><path stroke-linecap=\"round\" stroke-linejoin=\"round\" d=\"M9 7h6m0 10v-3m-3 3h3m-3-10h.01M9 17h.01M9 14h.01M12 14h.01M15 11h.01M12 11h.01M9 11h.01M12 8h.01M15 8h.01M15 14h.01M18 17h.01M18 14h.01M18 11h.01M18 8h.01M3 3h18v18H3V3z\" \/><\/svg>\n                <\/div>\n                <p class=\"text-gray-600 mb-6 text-center\">Du param\u00e9trage aux fonctions avanc\u00e9es, formez-vous sur les logiciels de gestion EBP et SAGE. Que vous soyez d\u00e9butant ou expert, nos formations vous donnent les cl\u00e9s pour optimiser la gestion de votre entreprise et simplifier votre comptabilit\u00e9.<\/p>\n                <div class=\"grid md:grid-cols-2 gap-8 mb-8\">\n                    <div class=\"bg-gray-50 p-6 rounded-lg border border-gray-200\">\n                        <h3 class=\"font-bold text-xl mb-3 text-[#006ca8]\">Formation Initiation<\/h3>\n                        <p class=\"text-gray-700\">Id\u00e9ale pour d\u00e9buter, cette formation vous apprend les bases des logiciels de devis, de facturation et de comptabilit\u00e9, ainsi que les meilleures pratiques pour organiser vos finances.<\/p>\n                    <\/div>\n                    <div class=\"bg-gray-50 p-6 rounded-lg border border-gray-200\">\n                        <h3 class=\"font-bold text-xl mb-3 text-[#006ca8]\">Formation Avanc\u00e9e<\/h3>\n                        <p class=\"text-gray-700\">Approfondissez vos connaissances et ma\u00eetrisez les fonctionnalit\u00e9s avanc\u00e9es de ces logiciels pour gagner du temps et am\u00e9liorer votre gestion commerciale au quotidien.<\/p>\n                    <\/div>\n                <\/div>\n                <h4 class=\"font-semibold text-center text-gray-800 mb-4\">Logiciels couverts :<\/h4>\n                <div class=\"flex flex-wrap justify-center gap-4 text-center text-sm text-gray-700\">\n                    <a href=\"https:\/\/www.new.iboo-formation.fr\/index.php\/formations-gestion-comptabilite-5\/\" class=\"bg-green-100 text-green-800 py-2 px-4 rounded-full hover:bg-green-200 hover:shadow-md transform hover:-translate-y-1 transition-all duration-300\">EBP B\u00e2timent<\/a>\n                    <a href=\"https:\/\/www.new.iboo-formation.fr\/index.php\/formations-gestion-comptabilite-6\/\" class=\"bg-green-100 text-green-800 py-2 px-4 rounded-full hover:bg-green-200 hover:shadow-md transform hover:-translate-y-1 transition-all duration-300\">EBP Comptabilit\u00e9<\/a>\n                    <a href=\"https:\/\/www.new.iboo-formation.fr\/index.php\/formations-gestion-comptabilite-7\/\" class=\"bg-green-100 text-green-800 py-2 px-4 rounded-full hover:bg-green-200 hover:shadow-md transform hover:-translate-y-1 transition-all duration-300\">EBP Gestion Co.<\/a>\n                    <a href=\"https:\/\/www.new.iboo-formation.fr\/index.php\/formations-gestion-comptabilite-8\/\" class=\"bg-green-100 text-green-800 py-2 px-4 rounded-full hover:bg-green-200 hover:shadow-md transform hover:-translate-y-1 transition-all duration-300\">EBP Module SAV<\/a>\n                    <a href=\"https:\/\/www.new.iboo-formation.fr\/index.php\/formations-gestion-comptabilite-3\/\" class=\"bg-green-100 text-green-800 py-2 px-4 rounded-full hover:bg-green-200 hover:shadow-md transform hover:-translate-y-1 transition-all duration-300\">Batigest Connect<\/a>\n                    <a href=\"https:\/\/www.new.iboo-formation.fr\/index.php\/formations-gestion-comptabilite-9\/\" class=\"bg-green-100 text-green-800 py-2 px-4 rounded-full hover:bg-green-200 hover:shadow-md transform hover:-translate-y-1 transition-all duration-300\">Sage 50c<\/a>\n                    <a href=\"https:\/\/www.new.iboo-formation.fr\/index.php\/formations-gestion-comptabilite-4\/\" class=\"bg-green-100 text-green-800 py-2 px-4 rounded-full hover:bg-green-200 hover:shadow-md transform hover:-translate-y-1 transition-all duration-300\">Batigest i7<\/a>\n                    <a href=\"https:\/\/www.new.iboo-formation.fr\/index.php\/formations-gestion-comptabilite-10\/\" class=\"bg-green-100 text-green-800 py-2 px-4 rounded-full hover:bg-green-200 hover:shadow-md transform hover:-translate-y-1 transition-all duration-300\">Formation TVA<\/a>\n                <\/div>\n            <\/div>\n        <\/section>\n\n        <!-- Section Management & Gestion de Projet -->\n        <section class=\"mb-20 md:mb-28 section-fade-in\">\n            <a href=\"https:\/\/www.new.iboo-formation.fr\/index.php\/formations-management-communication\/\" class=\"block text-center mb-12 group\">\n                <h2 class=\"text-3xl md:text-4xl font-bold text-[#006ca8] transition-colors duration-300\">Management &#038; Gestion de Projet<\/h2>\n                <p class=\"text-lg text-gray-600 mt-2\">Pilotez vos projets avec efficacit\u00e9 et agilit\u00e9<\/p>\n            <\/a>\n            <div class=\"grid md:grid-cols-3 gap-8\">\n                <a href=\"https:\/\/www.new.iboo-formation.fr\/index.php\/formations-management-communication-2\/\" class=\"block bg-white text-center p-8 rounded-xl shadow-lg hover:shadow-2xl transform hover:-translate-y-2 transition-all duration-300\">\n                    <div class=\"text-[#006ca8] mb-4\"><svg xmlns=\"http:\/\/www.w3.org\/2000\/svg\" class=\"h-12 w-12 mx-auto\" fill=\"none\" viewBox=\"0 0 24 24\" stroke=\"currentColor\" stroke-width=\"1.5\"><path stroke-linecap=\"round\" stroke-linejoin=\"round\" d=\"M9 5H7a2 2 0 00-2 2v12a2 2 0 002 2h10a2 2 0 002-2V7a2 2 0 00-2-2h-2M9 5a2 2 0 002 2h2a2 2 0 002-2M9 5a2 2 0 012-2h2a2 2 0 012 2m-3 7h3m-3 4h3m-6-4h.01M9 16h.01\" \/><\/svg><\/div>\n                    <h3 class=\"font-bold text-xl mb-3\">Gestion de Projet<\/h3>\n                    <p class=\"text-gray-600\">Acqu\u00e9rez les comp\u00e9tences essentielles pour planifier, ex\u00e9cuter et superviser efficacement des projets.<\/p>\n                <\/a>\n                <a href=\"https:\/\/www.new.iboo-formation.fr\/index.php\/formations-management-communication-3\/\" class=\"block bg-white text-center p-8 rounded-xl shadow-lg hover:shadow-2xl transform hover:-translate-y-2 transition-all duration-300\">\n                    <div class=\"text-[#006ca8] mb-4\"><svg xmlns=\"http:\/\/www.w3.org\/2000\/svg\" class=\"h-12 w-12 mx-auto\" fill=\"none\" viewBox=\"0 0 24 24\" stroke=\"currentColor\" stroke-width=\"1.5\"><path stroke-linecap=\"round\" stroke-linejoin=\"round\" d=\"M8 7v8a2 2 0 002 2h6M8 7V5a2 2 0 012-2h4.586a1 1 0 01.707.293l4.414 4.414a1 1 0 01.293.707V15a2 2 0 01-2 2h-2M8 7H6a2 2 0 00-2 2v8a2 2 0 002 2h8a2 2 0 002-2v-2\" \/><\/svg><\/div>\n                    <h3 class=\"font-bold text-xl mb-3\">Microsoft Project<\/h3>\n                    <p class=\"text-gray-600\">D\u00e9couvrez la puissance de MS Project pour cr\u00e9er des plans d\u00e9taill\u00e9s, suivre les t\u00e2ches et g\u00e9rer les ressources.<\/p>\n                <\/a>\n                <a href=\"https:\/\/www.new.iboo-formation.fr\/index.php\/formations-management-communication-4\/\" class=\"block bg-white text-center p-8 rounded-xl shadow-lg hover:shadow-2xl transform hover:-translate-y-2 transition-all duration-300\">\n                    <div class=\"text-[#006ca8] mb-4\"><svg xmlns=\"http:\/\/www.w3.org\/2000\/svg\" class=\"h-12 w-12 mx-auto\" fill=\"none\" viewBox=\"0 0 24 24\" stroke=\"currentColor\" stroke-width=\"1.5\"><path stroke-linecap=\"round\" stroke-linejoin=\"round\" d=\"M4 4v5h5M4 18v-5h5M16 4h4v5h-4M16 18h4v-5h-4\" \/><\/svg><\/div>\n                    <h3 class=\"font-bold text-xl mb-3\">Agile &#038; Scrum<\/h3>\n                    <p class=\"text-gray-600\">Initiez-vous aux m\u00e9thodologies qui am\u00e9liorent la flexibilit\u00e9, la collaboration et la qualit\u00e9 de vos projets.<\/p>\n                <\/a>\n            <\/div>\n        <\/section>\n\n        <!-- Section PAO & Conception Graphique -->\n        <section class=\"mb-20 md:mb-28 section-fade-in\">\n             <a href=\"https:\/\/www.new.iboo-formation.fr\/index.php\/formations-web-creation-digitale\/\" class=\"block text-center mb-12 group\">\n                <h2 class=\"text-3xl md:text-4xl font-bold text-[#006ca8] transition-colors duration-300\">PAO &#038; Conception Graphique<\/h2>\n                <p class=\"text-lg text-gray-600 mt-2\">Donnez vie \u00e0 vos id\u00e9es avec les outils de cr\u00e9ation<\/p>\n            <\/a>\n             <div class=\"max-w-4xl mx-auto text-center\">\n                 <p class=\"text-gray-600 mb-8\">Que vous soyez d\u00e9butant ou professionnel, montez en comp\u00e9tences sur la typographie, la couleur, et la conception de logo. Apprenez \u00e0 utiliser les logiciels de r\u00e9f\u00e9rence pour des r\u00e9sultats \u00e9poustouflants.<\/p>\n                <div class=\"grid grid-cols-2 md:grid-cols-4 gap-8\">\n                     <a href=\"https:\/\/www.new.iboo-formation.fr\/index.php\/formations-web-creation-digitale-2\/\" class=\"block bg-white p-6 rounded-xl shadow-lg hover:shadow-2xl transform hover:-translate-y-2 transition-all duration-300 flex flex-col items-center justify-center\">\n                         <img decoding=\"async\" src=\"https:\/\/iboo-formation.fr\/wp-content\/uploads\/2022\/04\/Adobe-Photoshop-Logo.png\" alt=\"Logo Photoshop\" class=\"h-20 w-auto mb-4 object-contain\">\n                         <h3 class=\"font-semibold text-lg\">Photoshop<\/h3>\n                     <\/a>\n                     <a href=\"https:\/\/www.new.iboo-formation.fr\/index.php\/formations-web-creation-digitale-3\/\" class=\"block bg-white p-6 rounded-xl shadow-lg hover:shadow-2xl transform hover:-translate-y-2 transition-all duration-300 flex flex-col items-center justify-center\">\n                         <img decoding=\"async\" src=\"https:\/\/iboo-formation.fr\/wp-content\/uploads\/2022\/04\/Illustrator-Logo.png\" alt=\"Logo Adobe Illustrator\" class=\"h-20 w-auto mb-4 object-contain\">\n                         <h3 class=\"font-semibold text-lg\">Illustrator<\/h3>\n                     <\/a>\n                     <a href=\"https:\/\/www.new.iboo-formation.fr\/index.php\/formations-web-creation-digitale-4\/\" class=\"block bg-white p-6 rounded-xl shadow-lg hover:shadow-2xl transform hover:-translate-y-2 transition-all duration-300 flex flex-col items-center justify-center\">\n                         <img decoding=\"async\" src=\"https:\/\/iboo-formation.fr\/wp-content\/uploads\/2022\/04\/adobe-indesign-logo-1.png\" alt=\"Logo InDesign\" class=\"h-20 w-auto mb-4 object-contain\">\n                         <h3 class=\"font-semibold text-lg\">InDesign<\/h3>\n                     <\/a>\n                     <a href=\"https:\/\/www.new.iboo-formation.fr\/index.php\/formations-web-creation-digitale-5\/\" class=\"block bg-white p-6 rounded-xl shadow-lg hover:shadow-2xl transform hover:-translate-y-2 transition-all duration-300 flex flex-col items-center justify-center\">\n                         <img decoding=\"async\" src=\"https:\/\/iboo-formation.fr\/wp-content\/uploads\/2022\/04\/The_GIMP_icon_-_gnome.svg.png\" alt=\"Logo Gimp\" class=\"h-20 w-auto mb-4 object-contain\">\n                         <h3 class=\"font-semibold text-lg\">Gimp<\/h3>\n                     <\/a>\n                <\/div>\n            <\/div>\n        <\/section>\n\n        <!-- Section Web & R\u00e9f\u00e9rencement -->\n        <section class=\"mb-20 md:mb-28 section-fade-in\">\n            <a href=\"https:\/\/www.new.iboo-formation.fr\/index.php\/formations-web-creation-digitale-6\/\" class=\"block text-center mb-12 group\">\n                <h2 class=\"text-3xl md:text-4xl font-bold text-[#006ca8] transition-colors duration-300\">Cr\u00e9ation Web &#038; R\u00e9f\u00e9rencement<\/h2>\n                <p class=\"text-lg text-gray-600 mt-2\">Cr\u00e9ez votre site WordPress et optimisez votre visibilit\u00e9<\/p>\n            <\/a>\n            <div class=\"grid md:grid-cols-2 gap-8\">\n                <div class=\"bg-white p-8 rounded-xl shadow-lg hover:shadow-2xl transform hover:-translate-y-2 transition-all duration-300\">\n                    <div class=\"flex items-center gap-4 mb-4\">\n                        <img decoding=\"async\" src=\"https:\/\/iboo-formation.fr\/wp-content\/uploads\/2021\/12\/Logo-WordPress-CMS-Formation-iBoo-angers-pole-emploi.png\" alt=\"Logo WordPress\" class=\"h-14 w-14 object-contain\">\n                        <h3 class=\"font-bold text-xl text-[#006ca8]\">Formation WordPress<\/h3>\n                    <\/div>\n                    <p class=\"text-gray-700 mb-4\">Apprenez \u00e0 cr\u00e9er un site web de A \u00e0 Z, m\u00eame sans exp\u00e9rience. Devenez autonome pour concevoir un site fonctionnel, esth\u00e9tique et adapt\u00e9 \u00e0 votre projet.<\/p>\n                    <div class=\"flex flex-wrap gap-2\">\n                        <a href=\"https:\/\/www.new.iboo-formation.fr\/index.php\/formations-web-creation-digitale-7\/\" class=\"inline-block bg-blue-100 text-blue-800 text-sm font-medium px-3 py-1 rounded-full hover:bg-blue-200 transition-colors duration-300\">Initiation<\/a>\n                        <a href=\"https:\/\/www.new.iboo-formation.fr\/index.php\/formations-web-creation-digitale-8\/\" class=\"inline-block bg-blue-100 text-blue-800 text-sm font-medium px-3 py-1 rounded-full hover:bg-blue-200 transition-colors duration-300\">Perfectionnement<\/a>\n                        <a href=\"https:\/\/www.new.iboo-formation.fr\/index.php\/formations-web-creation-digitale-9\/\" class=\"inline-block bg-blue-100 text-blue-800 text-sm font-medium px-3 py-1 rounded-full hover:bg-blue-200 transition-colors duration-300\">Votre Template<\/a>\n                    <\/div>\n                <\/div>\n                <a href=\"https:\/\/www.new.iboo-formation.fr\/index.php\/formations-web-creation-digitale-10\/\" class=\"block bg-white p-8 rounded-xl shadow-lg hover:shadow-2xl transform hover:-translate-y-2 transition-all duration-300\">\n                    <div class=\"flex items-center gap-4 mb-4\">\n                        <img decoding=\"async\" src=\"https:\/\/iboo-formation.fr\/wp-content\/uploads\/2021\/12\/iboo-formation-seo-angers.png\" alt=\"Logo SEO\" class=\"h-14 w-14 object-contain\">\n                        <h3 class=\"font-bold text-xl text-[#006ca8]\">Formation SEO<\/h3>\n                    <\/div>\n                    <p class=\"text-gray-700\">Ma\u00eetrisez les techniques du r\u00e9f\u00e9rencement naturel pour am\u00e9liorer la visibilit\u00e9 de votre site sur Google. Apprenez tout sur la recherche de mots-cl\u00e9s, l&#8217;optimisation et la cr\u00e9ation de liens.<\/p>\n                <\/a>\n            <\/div>\n        <\/section>\n        \n        <!-- Section Prise de Parole & Strat\u00e9gie -->\n        <section class=\"bg-gradient-to-r from-blue-500 to-blue-800 rounded-2xl p-8 md:p-12 mb-20 md:mb-28 section-fade-in\">\n            <a href=\"https:\/\/www.new.iboo-formation.fr\/index.php\/formations-management-communication-5\/\" class=\"block text-center mb-10 group\">\n                <h2 class=\"text-3xl md:text-4xl font-bold text-white\">Prise de Parole &#038; Strat\u00e9gie<\/h2>\n                <p class=\"text-lg text-blue-200 mt-2\">D\u00e9veloppez une aisance \u00e0 l\u2019oral et une communication percutante<\/p>\n            <\/a>\n            <p class=\"text-center text-blue-200 max-w-3xl mx-auto mb-10\">Devenez acteur de votre communication. Nos formations concr\u00e8tes vous permettent de d\u00e9velopper votre confiance, d&#8217;adapter votre discours et de renforcer votre impact en toute situation professionnelle.<\/p>\n            <div class=\"grid md:grid-cols-2 lg:grid-cols-3 gap-8\">\n                <a href=\"https:\/\/www.new.iboo-formation.fr\/index.php\/formations-management-communication-6\/\" class=\"block bg-blue-900\/50 p-6 rounded-xl text-center backdrop-blur-sm hover:bg-white\/20 transform hover:-translate-y-2 transition-all duration-300\">\n                    <div class=\"text-blue-200 mb-3\"><svg xmlns=\"http:\/\/www.w3.org\/2000\/svg\" class=\"h-10 w-10 mx-auto\" fill=\"none\" viewBox=\"0 0 24 24\" stroke=\"currentColor\" stroke-width=\"1.5\"><path stroke-linecap=\"round\" stroke-linejoin=\"round\" d=\"M17 20h5v-2a3 3 0 00-5.356-1.857M17 20H7m10 0v-2c0-.656-.126-1.283-.356-1.857M7 20H2v-2a3 3 0 015.356-1.857M7 20v-2c0-.656.126-1.283-.356-1.857m0 0a5.002 5.002 0 019.288 0M15 7a3 3 0 11-6 0 3 3 0 016 0zm-9 5a2 2 0 100-4 2 2 0 000 4z\" \/><\/svg><\/div>\n                    <h3 class=\"font-bold text-xl mb-2 text-white\">Pour les \u00e9lus<\/h3>\n                    <p class=\"text-blue-200 text-sm\">Ma\u00eetrisez votre discours politique pour convaincre et incarner votre engagement.<\/p>\n                <\/a>\n                <a href=\"https:\/\/www.new.iboo-formation.fr\/index.php\/formations-management-communication-7\/\" class=\"block bg-blue-900\/50 p-6 rounded-xl text-center backdrop-blur-sm hover:bg-white\/20 transform hover:-translate-y-2 transition-all duration-300\">\n                     <div class=\"text-blue-200 mb-3\"><svg xmlns=\"http:\/\/www.w3.org\/2000\/svg\" class=\"h-10 w-10 mx-auto\" fill=\"none\" viewBox=\"0 0 24 24\" stroke=\"currentColor\" stroke-width=\"1.5\"><path stroke-linecap=\"round\" stroke-linejoin=\"round\" d=\"M21 13.255A23.931 23.931 0 0112 15c-3.183 0-6.22-.62-9-1.745M16 6V4a2 2 0 00-2-2h-4a2 2 0 00-2 2v2m4 6h.01M5 20h14a2 2 0 002-2V8a2 2 0 00-2-2H5a2 2 0 00-2 2v10a2 2 0 002 2z\" \/><\/svg><\/div>\n                    <h3 class=\"font-bold text-xl mb-2 text-white\">Pour les dirigeants<\/h3>\n                    <p class=\"text-blue-200 text-sm\">Affirmez votre posture de leader et mobilisez vos \u00e9quipes avec clart\u00e9.<\/p>\n                <\/a>\n                 <a href=\"https:\/\/www.new.iboo-formation.fr\/index.php\/formations-management-communication-9\/\" class=\"block bg-blue-900\/50 p-6 rounded-xl text-center backdrop-blur-sm hover:bg-white\/20 transform hover:-translate-y-2 transition-all duration-300\">\n                    <div class=\"text-blue-200 mb-3\"><svg xmlns=\"http:\/\/www.w3.org\/2000\/svg\" class=\"h-10 w-10 mx-auto\" fill=\"none\" viewBox=\"0 0 24 24\" stroke=\"currentColor\" stroke-width=\"1.5\"><path stroke-linecap=\"round\" stroke-linejoin=\"round\" d=\"M16 7a4 4 0 11-8 0 4 4 0 018 0zM12 14a7 7 0 00-7 7h14a7 7 0 00-7-7z\" \/><\/svg><\/div>\n                    <h3 class=\"font-bold text-xl mb-2 text-white\">Pour les salari\u00e9s<\/h3>\n                    <p class=\"text-blue-200 text-sm\">Gagnez en confiance lors des entretiens, n\u00e9gociations et pr\u00e9sentations.<\/p>\n                <\/a>\n                <a href=\"https:\/\/www.new.iboo-formation.fr\/index.php\/formations-management-communication-8\/\" class=\"block bg-blue-900\/50 p-6 rounded-xl text-center backdrop-blur-sm hover:bg-white\/20 transform hover:-translate-y-2 transition-all duration-300\">\n                    <div class=\"text-blue-200 mb-3\"><svg xmlns=\"http:\/\/www.w3.org\/2000\/svg\" class=\"h-10 w-10 mx-auto\" fill=\"none\" viewBox=\"0 0 24 24\" stroke=\"currentColor\" stroke-width=\"1.5\"><path d=\"M12 14l9-5-9-5-9 5 9 5z\" \/><path d=\"M12 14l6.16-3.422a12.083 12.083 0 01.665 6.479A11.952 11.952 0 0012 20.055a11.952 11.952 0 00-6.824-5.998 12.078 12.078 0 01.665-6.479L12 14z\" \/><path d=\"M12 14l9-5-9-5-9 5 9 5zm0 0l6.16-3.422a12.083 12.083 0 01.665 6.479A11.952 11.952 0 0012 20.055a11.952 11.952 0 00-6.824-5.998 12.078 12.078 0 01.665-6.479L12 14zm-4 6v-7.5l4-2.222 4 2.222V20M1 12v7a2 2 0 002 2h18a2 2 0 002-2v-7\" \/><\/svg><\/div>\n                    <h3 class=\"font-bold text-xl mb-2 text-white\">Pour les \u00e9tudiants<\/h3>\n                    <p class=\"text-blue-200 text-sm\">Pr\u00e9parez vos oraux et entretiens avec aisance pour r\u00e9ussir votre parcours.<\/p>\n                <\/a>\n                <a href=\"https:\/\/www.new.iboo-formation.fr\/index.php\/formations-management-communication-10\/\" class=\"block bg-blue-900\/50 p-6 rounded-xl text-center backdrop-blur-sm hover:bg-white\/20 transform hover:-translate-y-2 transition-all duration-300\">\n                    <div class=\"text-blue-200 mb-3\"><svg xmlns=\"http:\/\/www.w3.org\/2000\/svg\" class=\"h-10 w-10 mx-auto\" fill=\"none\" viewBox=\"0 0 24 24\" stroke=\"currentColor\" stroke-width=\"1.5\"><path stroke-linecap=\"round\" stroke-linejoin=\"round\" d=\"M17 15s1 4 4 4-4-4-4-4M7 9s1 4 4 4-4-4-4-4M12 21v-4M12 3v4M3 12h4M17 12h4M21 12a9 9 0 11-18 0 9 9 0 0118 0z\" \/><\/svg><\/div>\n                    <h3 class=\"font-bold text-xl mb-2 text-white\">Pour les formateurs<\/h3>\n                    <p class=\"text-blue-200 text-sm\">Captez l\u2019attention de votre public et structurez vos interventions avec impact.<\/p>\n                <\/a>\n            <\/div>\n        <\/section>\n\n        <!-- Contact Section -->\n        <section id=\"contact-elementor\" class=\"bg-white p-8 md:p-12 rounded-2xl shadow-xl section-fade-in\">\n            <div class=\"text-center\">\n                <h2 class=\"text-3xl md:text-4xl font-bold text-gray-900 mb-4\">Pr\u00eat \u00e0 d\u00e9velopper vos comp\u00e9tences ?<\/h2>\n                <p class=\"text-lg text-gray-600 mt-2 mb-8\">Contactez-nous pour discuter de votre projet de formation.<\/p>\n                <a href=\"https:\/\/www.new.iboo-formation.fr\/index.php\/inscription-formation\/\" class=\"bg-[#006ca8] hover:bg-blue-700 text-white font-bold py-3 px-8 rounded-lg text-lg cta-button inline-block\">\n                    Nous contacter\n                <\/a>\n            <\/div>\n        <\/section>\n\n    <\/main>\n\n<\/div>\n\n\t\t\t\t\t\t\t\t<\/div>\n\t\t\t\t<\/div>\n\t\t\t\t<\/div>\n\t\t\t\t<\/div>\n\t\t","protected":false},"excerpt":{"rendered":"<p>Nos Formations Sp\u00e9cialis\u00e9es Gestion, Management, PAO, Web &#038; Communication D\u00e9veloppez des comp\u00e9tences cl\u00e9s dans les domaines qui transforment votre entreprise. Nos parcours sont con\u00e7us pour vous apporter une expertise concr\u00e8te et directement applicable. Demander un devis personnalis\u00e9 Gestion Commerciale et Comptabilit\u00e9 Ma\u00eetrisez les logiciels de Devis, Facturation et plus ! Du param\u00e9trage aux fonctions avanc\u00e9es,&#8230;<\/p>\n","protected":false},"author":1,"featured_media":0,"parent":0,"menu_order":0,"comment_status":"closed","ping_status":"closed","template":"elementor_header_footer","meta":{"_kad_post_transparent":"","_kad_post_title":"hide","_kad_post_layout":"fullwidth","_kad_post_sidebar_id":"","_kad_post_content_style":"unboxed","_kad_post_vertical_padding":"hide","_kad_post_feature":"hide","_kad_post_feature_position":"","_kad_post_header":false,"_kad_post_footer":false,"footnotes":""},"class_list":["post-652","page","type-page","status-publish","hentry"],"_links":{"self":[{"href":"https:\/\/www.new.iboo-formation.fr\/index.php\/wp-json\/wp\/v2\/pages\/652","targetHints":{"allow":["GET"]}}],"collection":[{"href":"https:\/\/www.new.iboo-formation.fr\/index.php\/wp-json\/wp\/v2\/pages"}],"about":[{"href":"https:\/\/www.new.iboo-formation.fr\/index.php\/wp-json\/wp\/v2\/types\/page"}],"author":[{"embeddable":true,"href":"https:\/\/www.new.iboo-formation.fr\/index.php\/wp-json\/wp\/v2\/users\/1"}],"replies":[{"embeddable":true,"href":"https:\/\/www.new.iboo-formation.fr\/index.php\/wp-json\/wp\/v2\/comments?post=652"}],"version-history":[{"count":7,"href":"https:\/\/www.new.iboo-formation.fr\/index.php\/wp-json\/wp\/v2\/pages\/652\/revisions"}],"predecessor-version":[{"id":1038,"href":"https:\/\/www.new.iboo-formation.fr\/index.php\/wp-json\/wp\/v2\/pages\/652\/revisions\/1038"}],"wp:attachment":[{"href":"https:\/\/www.new.iboo-formation.fr\/index.php\/wp-json\/wp\/v2\/media?parent=652"}],"curies":[{"name":"wp","href":"https:\/\/api.w.org\/{rel}","templated":true}]}}