{"id":779,"date":"2025-10-16T00:19:54","date_gmt":"2025-10-16T00:19:54","guid":{"rendered":"https:\/\/www.new.iboo-formation.fr\/?page_id=779"},"modified":"2025-10-16T00:21:41","modified_gmt":"2025-10-16T00:21:41","slug":"formations-gestion-comptabilite","status":"publish","type":"page","link":"https:\/\/www.new.iboo-formation.fr\/index.php\/formations-gestion-comptabilite\/","title":{"rendered":"Gestion Commerciale et Comptabilit\u00e9"},"content":{"rendered":"\t\t<div data-elementor-type=\"wp-page\" data-elementor-id=\"779\" class=\"elementor elementor-779\">\n\t\t\t\t\t\t<section class=\"elementor-section elementor-top-section elementor-element elementor-element-1baa5a82 elementor-section-full_width elementor-section-height-full elementor-section-stretched elementor-section-height-default elementor-section-items-middle\" data-id=\"1baa5a82\" data-element_type=\"section\" data-settings=\"{&quot;stretch_section&quot;:&quot;section-stretched&quot;,&quot;background_background&quot;:&quot;classic&quot;,&quot;animation&quot;:&quot;none&quot;}\">\n\t\t\t\t\t\t<div class=\"elementor-container elementor-column-gap-default\">\n\t\t\t\t\t<div class=\"elementor-column elementor-col-100 elementor-top-column elementor-element elementor-element-52912860\" data-id=\"52912860\" data-element_type=\"column\">\n\t\t\t<div class=\"elementor-widget-wrap elementor-element-populated\">\n\t\t\t\t\t\t<div class=\"elementor-element elementor-element-352b876a elementor-widget elementor-widget-spacer\" data-id=\"352b876a\" data-element_type=\"widget\" data-widget_type=\"spacer.default\">\n\t\t\t\t\t\t\t<div class=\"elementor-spacer\">\n\t\t\t<div class=\"elementor-spacer-inner\"><\/div>\n\t\t<\/div>\n\t\t\t\t\t\t<\/div>\n\t\t\t\t<div class=\"elementor-element elementor-element-68828738 elementor-widget elementor-widget-text-editor\" data-id=\"68828738\" data-element_type=\"widget\" data-widget_type=\"text-editor.default\">\n\t\t\t\t\t\t\t\t\t<div class=\"w-full flex items-center justify-center\" style=\"height: 85vh;\">\n\n  <div class=\"text-center\">\n    <h1 class=\"text-white text-4xl sm:text-5xl md:text-6xl font-bold leading-tight\">\n      Gestion Commerciale et Comptabilit\u00e9\n    <\/h1>\n    \n    <p class=\"text-white mt-4 text-lg sm:text-xl md:text-2xl font-medium\">\n      &#8211; Ma\u00eetrisez les logiciels de Devis, Facturation et plus ! &#8211;\n    <\/p>\n  <\/div>\n\n<\/div>\t\t\t\t\t\t\t\t<\/div>\n\t\t\t\t\t<\/div>\n\t\t<\/div>\n\t\t\t\t\t<\/div>\n\t\t<\/section>\n\t\t\t\t<section class=\"elementor-section elementor-top-section elementor-element elementor-element-3c05d5ce elementor-section-boxed elementor-section-height-default elementor-section-height-default\" data-id=\"3c05d5ce\" data-element_type=\"section\">\n\t\t\t\t\t\t<div class=\"elementor-container elementor-column-gap-default\">\n\t\t\t\t\t<div class=\"elementor-column elementor-col-100 elementor-top-column elementor-element elementor-element-35d704c8\" data-id=\"35d704c8\" data-element_type=\"column\">\n\t\t\t<div class=\"elementor-widget-wrap elementor-element-populated\">\n\t\t\t\t\t\t<div class=\"elementor-element elementor-element-161df627 elementor-widget elementor-widget-heading\" data-id=\"161df627\" data-element_type=\"widget\" data-widget_type=\"heading.default\">\n\t\t\t\t\t<h1 class=\"elementor-heading-title elementor-size-default\">Gestion commerciale, devis, facture et comptabilit\u00e9\n<\/h1>\t\t\t\t<\/div>\n\t\t\t\t<div class=\"elementor-element elementor-element-479decd1 elementor-widget elementor-widget-heading\" data-id=\"479decd1\" data-element_type=\"widget\" data-widget_type=\"heading.default\">\n\t\t\t\t\t<h2 class=\"elementor-heading-title elementor-size-default\">Gestion Commerciale, Devis, Facture et Comptabilit\u00e9 : Apprenez \u00e0 ma\u00eetriser les logiciels essentiels<\/h2>\t\t\t\t<\/div>\n\t\t\t\t<div class=\"elementor-element elementor-element-2a321613 elementor-widget elementor-widget-text-editor\" data-id=\"2a321613\" data-element_type=\"widget\" data-widget_type=\"text-editor.default\">\n\t\t\t\t\t\t\t\t\t<p style=\"text-align: justify;\">Du param\u00e9trage aux fonctions avanc\u00e9es, ne passez plus \u00e0 c\u00f4t\u00e9 de nos formations. Formez vous sur les logiciels de gestion EBP et SAGE : Comptabilit\u00e9 &#8211; Facturation &#8211; Gestion &#8211; Paie. \u00c9diteur depuis 35 ans. Formations en ligne ou en pr\u00e9sentiel. Services: Installation, Param\u00e9trage, Accompagnement, Formations.<\/p><p style=\"text-align: justify;\">\u00cates-vous pr\u00eat \u00e0 optimiser la gestion de votre entreprise et \u00e0 simplifier la comptabilit\u00e9 ? Nos formations en Gestion Commerciale, Devis, Facture et Comptabilit\u00e9 sont con\u00e7ues pour vous. Quel que soit votre niveau, de l&#8217;initiation \u00e0 la ma\u00eetrise avanc\u00e9e, nous vous offrons les comp\u00e9tences n\u00e9cessaires pour g\u00e9rer efficacement vos op\u00e9rations commerciales. \u00cates-vous pr\u00eat \u00e0 optimiser la gestion de votre entreprise et \u00e0 simplifier la comptabilit\u00e9 ? Nos formations en Gestion Commerciale, Devis, Facture et Comptabilit\u00e9 sont con\u00e7ues pour vous. Quel que soit votre niveau, de l&#8217;initiation \u00e0 la ma\u00eetrise avanc\u00e9e, nous vous offrons les comp\u00e9tences n\u00e9cessaires pour g\u00e9rer efficacement vos op\u00e9rations commerciales<\/p><p style=\"text-align: justify;\">\u00a0<\/p>\t\t\t\t\t\t\t\t<\/div>\n\t\t\t\t<div class=\"elementor-element elementor-element-71b7c089 elementor-widget elementor-widget-heading\" data-id=\"71b7c089\" data-element_type=\"widget\" data-widget_type=\"heading.default\">\n\t\t\t\t\t<h2 class=\"elementor-heading-title elementor-size-default\">Formation Initiation<\/h2>\t\t\t\t<\/div>\n\t\t\t\t<div class=\"elementor-element elementor-element-21fa6743 elementor-widget elementor-widget-text-editor\" data-id=\"21fa6743\" data-element_type=\"widget\" data-widget_type=\"text-editor.default\">\n\t\t\t\t\t\t\t\t\t<p class=\"headline__title farbe \">Si vous d\u00e9butez dans le monde de la gestion commerciale et de la comptabilit\u00e9, notre formation d&#8217;initiation est parfaite pour vous. Vous apprendrez les bases des logiciels de devis, de facturation et de comptabilit\u00e9, ainsi que les meilleures pratiques pour organiser vos finances.<\/p>\t\t\t\t\t\t\t\t<\/div>\n\t\t\t\t<div class=\"elementor-element elementor-element-43cce49 elementor-widget elementor-widget-heading\" data-id=\"43cce49\" data-element_type=\"widget\" data-widget_type=\"heading.default\">\n\t\t\t\t\t<h2 class=\"elementor-heading-title elementor-size-default\">Formation Avanc\u00e9e<\/h2>\t\t\t\t<\/div>\n\t\t\t\t<div class=\"elementor-element elementor-element-61843692 elementor-widget elementor-widget-text-editor\" data-id=\"61843692\" data-element_type=\"widget\" data-widget_type=\"text-editor.default\">\n\t\t\t\t\t\t\t\t\t<p style=\"text-align: justify;\">Pour ceux qui cherchent \u00e0 approfondir leurs connaissances, notre formation avanc\u00e9e vous permettra de ma\u00eetriser ces logiciels et d&#8217;exploiter leur potentiel au maximum. Vous d\u00e9couvrirez des fonctionnalit\u00e9s avanc\u00e9es pour gagner du temps et am\u00e9liorer votre gestion commerciale.<\/p><p style=\"text-align: center;\"><em>Rejoignez notre formation en Gestion Commerciale, Devis, Facture et Comptabilit\u00e9 \u00e0 Angers et prenez le contr\u00f4le de vos finances d\u00e8s aujourd&#8217;hui.<\/em><\/p>\t\t\t\t\t\t\t\t<\/div>\n\t\t\t\t\t<\/div>\n\t\t<\/div>\n\t\t\t\t\t<\/div>\n\t\t<\/section>\n\t\t\t\t<section class=\"elementor-section elementor-top-section elementor-element elementor-element-2054af elementor-section-boxed elementor-section-height-default elementor-section-height-default\" data-id=\"2054af\" data-element_type=\"section\">\n\t\t\t\t\t\t<div class=\"elementor-container elementor-column-gap-default\">\n\t\t\t\t\t<div class=\"elementor-column elementor-col-25 elementor-top-column elementor-element elementor-element-66f70391\" data-id=\"66f70391\" data-element_type=\"column\">\n\t\t\t<div class=\"elementor-widget-wrap elementor-element-populated\">\n\t\t\t\t\t\t<div class=\"elementor-element elementor-element-1f0e87a9 elementor-widget elementor-widget-image\" data-id=\"1f0e87a9\" data-element_type=\"widget\" data-widget_type=\"image.default\">\n\t\t\t\t\t\t\t\t\t\t\t\t<figure class=\"wp-caption\">\n\t\t\t\t\t\t\t\t\t\t\t<a href=\"https:\/\/iboo-formation.fr\/formation-angers-ebp-batiment-formation-angers\/\">\n\t\t\t\t\t\t\t<img decoding=\"async\" width=\"150\" height=\"150\" src=\"https:\/\/www.new.iboo-formation.fr\/wp-content\/uploads\/2025\/10\/Formation-EBP-logiciel-batiment-angers-cpf-150x150.png\" class=\"attachment-thumbnail size-thumbnail wp-image-427\" alt=\"\" srcset=\"https:\/\/www.new.iboo-formation.fr\/wp-content\/uploads\/2025\/10\/Formation-EBP-logiciel-batiment-angers-cpf-150x150.png 150w, https:\/\/www.new.iboo-formation.fr\/wp-content\/uploads\/2025\/10\/Formation-EBP-logiciel-batiment-angers-cpf-300x300.png 300w, https:\/\/www.new.iboo-formation.fr\/wp-content\/uploads\/2025\/10\/Formation-EBP-logiciel-batiment-angers-cpf.png 500w\" sizes=\"(max-width: 150px) 100vw, 150px\" \/>\t\t\t\t\t\t\t\t<\/a>\n\t\t\t\t\t\t\t\t\t\t\t<figcaption class=\"widget-image-caption wp-caption-text\">EBP B\u00e2timent<\/figcaption>\n\t\t\t\t\t\t\t\t\t\t<\/figure>\n\t\t\t\t\t\t\t\t\t<\/div>\n\t\t\t\t\t<\/div>\n\t\t<\/div>\n\t\t\t\t<div class=\"elementor-column elementor-col-25 elementor-top-column elementor-element elementor-element-147a2d\" data-id=\"147a2d\" data-element_type=\"column\">\n\t\t\t<div class=\"elementor-widget-wrap elementor-element-populated\">\n\t\t\t\t\t\t<div class=\"elementor-element elementor-element-54bc24e elementor-widget elementor-widget-image\" data-id=\"54bc24e\" data-element_type=\"widget\" data-widget_type=\"image.default\">\n\t\t\t\t\t\t\t\t\t\t\t\t<figure class=\"wp-caption\">\n\t\t\t\t\t\t\t\t\t\t\t<a href=\"https:\/\/iboo-formation.fr\/formation-angers-ebp-compta-formation-angers-presentiel\/\">\n\t\t\t\t\t\t\t<img decoding=\"async\" width=\"150\" height=\"150\" src=\"https:\/\/www.new.iboo-formation.fr\/wp-content\/uploads\/2025\/10\/formation-ebp-logiciel-compta-classic-angers-cpf-150x150.png\" class=\"attachment-thumbnail size-thumbnail wp-image-428\" alt=\"\" srcset=\"https:\/\/www.new.iboo-formation.fr\/wp-content\/uploads\/2025\/10\/formation-ebp-logiciel-compta-classic-angers-cpf-150x150.png 150w, https:\/\/www.new.iboo-formation.fr\/wp-content\/uploads\/2025\/10\/formation-ebp-logiciel-compta-classic-angers-cpf.png 300w\" sizes=\"(max-width: 150px) 100vw, 150px\" \/>\t\t\t\t\t\t\t\t<\/a>\n\t\t\t\t\t\t\t\t\t\t\t<figcaption class=\"widget-image-caption wp-caption-text\">EBP Comptabilit\u00e9<\/figcaption>\n\t\t\t\t\t\t\t\t\t\t<\/figure>\n\t\t\t\t\t\t\t\t\t<\/div>\n\t\t\t\t\t<\/div>\n\t\t<\/div>\n\t\t\t\t<div class=\"elementor-column elementor-col-25 elementor-top-column elementor-element elementor-element-fd1e41\" data-id=\"fd1e41\" data-element_type=\"column\">\n\t\t\t<div class=\"elementor-widget-wrap elementor-element-populated\">\n\t\t\t\t\t\t<div class=\"elementor-element elementor-element-1d36cc74 elementor-widget elementor-widget-image\" data-id=\"1d36cc74\" data-element_type=\"widget\" data-widget_type=\"image.default\">\n\t\t\t\t\t\t\t\t\t\t\t\t<figure class=\"wp-caption\">\n\t\t\t\t\t\t\t\t\t\t\t<a href=\"https:\/\/iboo-formation.fr\/formation-angers-ebp-module-maintenance-sav-formation-angers\/\">\n\t\t\t\t\t\t\t<img decoding=\"async\" width=\"150\" height=\"150\" src=\"https:\/\/www.new.iboo-formation.fr\/wp-content\/uploads\/2025\/10\/formation-ebp-module-maintenance-angers-cpf.png\" class=\"attachment-thumbnail size-thumbnail wp-image-429\" alt=\"\" \/>\t\t\t\t\t\t\t\t<\/a>\n\t\t\t\t\t\t\t\t\t\t\t<figcaption class=\"widget-image-caption wp-caption-text\">EBP Module Maintenance &amp; SAV<\/figcaption>\n\t\t\t\t\t\t\t\t\t\t<\/figure>\n\t\t\t\t\t\t\t\t\t<\/div>\n\t\t\t\t\t<\/div>\n\t\t<\/div>\n\t\t\t\t<div class=\"elementor-column elementor-col-25 elementor-top-column elementor-element elementor-element-7e259270\" data-id=\"7e259270\" data-element_type=\"column\">\n\t\t\t<div class=\"elementor-widget-wrap elementor-element-populated\">\n\t\t\t\t\t\t<div class=\"elementor-element elementor-element-57dae32d elementor-widget elementor-widget-image\" data-id=\"57dae32d\" data-element_type=\"widget\" data-widget_type=\"image.default\">\n\t\t\t\t\t\t\t\t\t\t\t\t<figure class=\"wp-caption\">\n\t\t\t\t\t\t\t\t\t\t\t<a href=\"https:\/\/iboo-formation.fr\/formation-angers-ebp-gestion-commerciale-formation\/\">\n\t\t\t\t\t\t\t<img loading=\"lazy\" decoding=\"async\" width=\"150\" height=\"150\" src=\"https:\/\/www.new.iboo-formation.fr\/wp-content\/uploads\/2025\/10\/formation-ebp-logiciel-gestion-commerciale-angers-cpf-150x150.png\" class=\"attachment-thumbnail size-thumbnail wp-image-430\" alt=\"\" srcset=\"https:\/\/www.new.iboo-formation.fr\/wp-content\/uploads\/2025\/10\/formation-ebp-logiciel-gestion-commerciale-angers-cpf-150x150.png 150w, https:\/\/www.new.iboo-formation.fr\/wp-content\/uploads\/2025\/10\/formation-ebp-logiciel-gestion-commerciale-angers-cpf.png 300w\" sizes=\"(max-width: 150px) 100vw, 150px\" \/>\t\t\t\t\t\t\t\t<\/a>\n\t\t\t\t\t\t\t\t\t\t\t<figcaption class=\"widget-image-caption wp-caption-text\">EBP Gestion commerciale<\/figcaption>\n\t\t\t\t\t\t\t\t\t\t<\/figure>\n\t\t\t\t\t\t\t\t\t<\/div>\n\t\t\t\t\t<\/div>\n\t\t<\/div>\n\t\t\t\t\t<\/div>\n\t\t<\/section>\n\t\t\t\t<section class=\"elementor-section elementor-top-section elementor-element elementor-element-3c29f531 elementor-section-boxed elementor-section-height-default elementor-section-height-default\" data-id=\"3c29f531\" data-element_type=\"section\">\n\t\t\t\t\t\t<div class=\"elementor-container elementor-column-gap-default\">\n\t\t\t\t\t<div class=\"elementor-column elementor-col-25 elementor-top-column elementor-element elementor-element-c166a90\" data-id=\"c166a90\" data-element_type=\"column\">\n\t\t\t<div class=\"elementor-widget-wrap elementor-element-populated\">\n\t\t\t\t\t\t<div class=\"elementor-element elementor-element-51940b52 elementor-widget elementor-widget-image\" data-id=\"51940b52\" data-element_type=\"widget\" data-widget_type=\"image.default\">\n\t\t\t\t\t\t\t\t\t\t\t\t<figure class=\"wp-caption\">\n\t\t\t\t\t\t\t\t\t\t\t<a href=\"https:\/\/iboo-formation.fr\/formation-angers-batigest-connect-angers-presentiel\/\">\n\t\t\t\t\t\t\t<img loading=\"lazy\" decoding=\"async\" width=\"150\" height=\"150\" src=\"https:\/\/www.new.iboo-formation.fr\/wp-content\/uploads\/2025\/10\/formation-sage_BatigestConnect-angers-cpf-150x150.png\" class=\"attachment-thumbnail size-thumbnail wp-image-431\" alt=\"\" srcset=\"https:\/\/www.new.iboo-formation.fr\/wp-content\/uploads\/2025\/10\/formation-sage_BatigestConnect-angers-cpf-150x150.png 150w, https:\/\/www.new.iboo-formation.fr\/wp-content\/uploads\/2025\/10\/formation-sage_BatigestConnect-angers-cpf-300x300.png 300w, https:\/\/www.new.iboo-formation.fr\/wp-content\/uploads\/2025\/10\/formation-sage_BatigestConnect-angers-cpf.png 400w\" sizes=\"(max-width: 150px) 100vw, 150px\" \/>\t\t\t\t\t\t\t\t<\/a>\n\t\t\t\t\t\t\t\t\t\t\t<figcaption class=\"widget-image-caption wp-caption-text\">Batigest Connect<\/figcaption>\n\t\t\t\t\t\t\t\t\t\t<\/figure>\n\t\t\t\t\t\t\t\t\t<\/div>\n\t\t\t\t\t<\/div>\n\t\t<\/div>\n\t\t\t\t<div class=\"elementor-column elementor-col-25 elementor-top-column elementor-element elementor-element-251e9865\" data-id=\"251e9865\" data-element_type=\"column\">\n\t\t\t<div class=\"elementor-widget-wrap elementor-element-populated\">\n\t\t\t\t\t\t<div class=\"elementor-element elementor-element-68f0f635 elementor-widget elementor-widget-image\" data-id=\"68f0f635\" data-element_type=\"widget\" data-widget_type=\"image.default\">\n\t\t\t\t\t\t\t\t\t\t\t\t<figure class=\"wp-caption\">\n\t\t\t\t\t\t\t\t\t\t\t<a href=\"https:\/\/iboo-formation.fr\/formation-angers-sage-50c-formation-angers\/\">\n\t\t\t\t\t\t\t<img loading=\"lazy\" decoding=\"async\" width=\"150\" height=\"150\" src=\"https:\/\/www.new.iboo-formation.fr\/wp-content\/uploads\/2025\/10\/formation-sage_50cloudCiel_ComptaFacturation-angers-cpf-150x150.png\" class=\"attachment-thumbnail size-thumbnail wp-image-432\" alt=\"\" srcset=\"https:\/\/www.new.iboo-formation.fr\/wp-content\/uploads\/2025\/10\/formation-sage_50cloudCiel_ComptaFacturation-angers-cpf-150x150.png 150w, https:\/\/www.new.iboo-formation.fr\/wp-content\/uploads\/2025\/10\/formation-sage_50cloudCiel_ComptaFacturation-angers-cpf-300x300.png 300w, https:\/\/www.new.iboo-formation.fr\/wp-content\/uploads\/2025\/10\/formation-sage_50cloudCiel_ComptaFacturation-angers-cpf.png 400w\" sizes=\"(max-width: 150px) 100vw, 150px\" \/>\t\t\t\t\t\t\t\t<\/a>\n\t\t\t\t\t\t\t\t\t\t\t<figcaption class=\"widget-image-caption wp-caption-text\">Sage 50c<\/figcaption>\n\t\t\t\t\t\t\t\t\t\t<\/figure>\n\t\t\t\t\t\t\t\t\t<\/div>\n\t\t\t\t\t<\/div>\n\t\t<\/div>\n\t\t\t\t<div class=\"elementor-column elementor-col-25 elementor-top-column elementor-element elementor-element-1686d927\" data-id=\"1686d927\" data-element_type=\"column\">\n\t\t\t<div class=\"elementor-widget-wrap elementor-element-populated\">\n\t\t\t\t\t\t<div class=\"elementor-element elementor-element-5aef0f1 elementor-widget elementor-widget-image\" data-id=\"5aef0f1\" data-element_type=\"widget\" data-widget_type=\"image.default\">\n\t\t\t\t\t\t\t\t\t\t\t\t<figure class=\"wp-caption\">\n\t\t\t\t\t\t\t\t\t\t\t<a href=\"https:\/\/iboo-formation.fr\/formation-angers-batigest-i7-angers-presentiel-angers\/\">\n\t\t\t\t\t\t\t<img loading=\"lazy\" decoding=\"async\" width=\"150\" height=\"150\" src=\"https:\/\/www.new.iboo-formation.fr\/wp-content\/uploads\/2025\/10\/formation-sage_BatigestI7-angers-cpf-150x150.png\" class=\"attachment-thumbnail size-thumbnail wp-image-433\" alt=\"\" srcset=\"https:\/\/www.new.iboo-formation.fr\/wp-content\/uploads\/2025\/10\/formation-sage_BatigestI7-angers-cpf-150x150.png 150w, https:\/\/www.new.iboo-formation.fr\/wp-content\/uploads\/2025\/10\/formation-sage_BatigestI7-angers-cpf.png 300w\" sizes=\"(max-width: 150px) 100vw, 150px\" \/>\t\t\t\t\t\t\t\t<\/a>\n\t\t\t\t\t\t\t\t\t\t\t<figcaption class=\"widget-image-caption wp-caption-text\">Batigest i7<\/figcaption>\n\t\t\t\t\t\t\t\t\t\t<\/figure>\n\t\t\t\t\t\t\t\t\t<\/div>\n\t\t\t\t\t<\/div>\n\t\t<\/div>\n\t\t\t\t<div class=\"elementor-column elementor-col-25 elementor-top-column elementor-element elementor-element-5fba9381\" data-id=\"5fba9381\" data-element_type=\"column\">\n\t\t\t<div class=\"elementor-widget-wrap elementor-element-populated\">\n\t\t\t\t\t\t<div class=\"elementor-element elementor-element-15cf9d5 elementor-widget elementor-widget-image\" data-id=\"15cf9d5\" data-element_type=\"widget\" data-widget_type=\"image.default\">\n\t\t\t\t\t\t\t\t\t\t\t\t<figure class=\"wp-caption\">\n\t\t\t\t\t\t\t\t\t\t\t<a href=\"https:\/\/iboo-formation.fr\/formation-angers-a-la-declaration-de-la-tva-formation-angers\/\">\n\t\t\t\t\t\t\t<img loading=\"lazy\" decoding=\"async\" width=\"150\" height=\"150\" src=\"https:\/\/www.new.iboo-formation.fr\/wp-content\/uploads\/2025\/10\/manager-man-checking-finance-working-scaled-1-150x150.jpg\" class=\"attachment-thumbnail size-thumbnail wp-image-434\" alt=\"\" \/>\t\t\t\t\t\t\t\t<\/a>\n\t\t\t\t\t\t\t\t\t\t\t<figcaption class=\"widget-image-caption wp-caption-text\">Formation \u00e0 la TVA<\/figcaption>\n\t\t\t\t\t\t\t\t\t\t<\/figure>\n\t\t\t\t\t\t\t\t\t<\/div>\n\t\t\t\t\t<\/div>\n\t\t<\/div>\n\t\t\t\t\t<\/div>\n\t\t<\/section>\n\t\t\t\t<section class=\"elementor-section elementor-top-section elementor-element elementor-element-460fcf33 elementor-section-boxed elementor-section-height-default elementor-section-height-default\" data-id=\"460fcf33\" data-element_type=\"section\">\n\t\t\t\t\t\t<div class=\"elementor-container elementor-column-gap-default\">\n\t\t\t\t\t<div class=\"elementor-column elementor-col-100 elementor-top-column elementor-element elementor-element-229f7754\" data-id=\"229f7754\" data-element_type=\"column\">\n\t\t\t<div class=\"elementor-widget-wrap elementor-element-populated\">\n\t\t\t\t\t\t<div class=\"elementor-element elementor-element-260fed54 elementor-widget elementor-widget-heading\" data-id=\"260fed54\" data-element_type=\"widget\" data-widget_type=\"heading.default\">\n\t\t\t\t\t<h2 class=\"elementor-heading-title elementor-size-small\">Suivre une formation gestion commerciale, Devis, Facture et Comptabilit\u00e9 \u00e0 Angers<\/h2>\t\t\t\t<\/div>\n\t\t\t\t<div class=\"elementor-element elementor-element-8df109 elementor-widget elementor-widget-text-editor\" data-id=\"8df109\" data-element_type=\"widget\" data-widget_type=\"text-editor.default\">\n\t\t\t\t\t\t\t\t\t<p style=\"text-align: justify;\">\u00c0 Angers, nous proposons des sessions de formation en personne pour que vous puissiez apprendre dans un environnement interactif avec l&#8217;aide de nos formateurs experts. D\u00e9couvrez comment optimiser votre gestion commerciale, \u00e9tablir des devis et des factures professionnels, et g\u00e9rer votre comptabilit\u00e9 avec pr\u00e9cision.<\/p><p style=\"text-align: justify;\">Ne laissez pas la gestion commerciale et comptable freiner votre entreprise. Inscrivez-vous \u00e0 notre formation d\u00e8s maintenant et transformez vos comp\u00e9tences en un atout commercial.<\/p>\t\t\t\t\t\t\t\t<\/div>\n\t\t\t\t\t<\/div>\n\t\t<\/div>\n\t\t\t\t\t<\/div>\n\t\t<\/section>\n\t\t<div class=\"elementor-element elementor-element-4bf17a6d e-flex e-con-boxed e-con e-parent\" data-id=\"4bf17a6d\" data-element_type=\"container\">\n\t\t\t\t\t<div class=\"e-con-inner\">\n\t\t<div class=\"elementor-element elementor-element-6959eff4 e-con-full e-flex e-con e-child\" data-id=\"6959eff4\" data-element_type=\"container\">\n\t\t\t\t<\/div>\n\t\t<div class=\"elementor-element elementor-element-45cf35f3 e-con-full e-flex e-con e-child\" data-id=\"45cf35f3\" data-element_type=\"container\">\n\t\t\t\t<\/div>\n\t\t\t\t\t<\/div>\n\t\t\t\t<\/div>\n\t\t\t\t<\/div>\n\t\t","protected":false},"excerpt":{"rendered":"<p>Gestion Commerciale et Comptabilit\u00e9 &#8211; Ma\u00eetrisez les logiciels de Devis, Facturation et plus ! &#8211; Gestion commerciale, devis, facture et comptabilit\u00e9 Gestion Commerciale, Devis, Facture et Comptabilit\u00e9 : Apprenez \u00e0 ma\u00eetriser les logiciels essentiels Du param\u00e9trage aux fonctions avanc\u00e9es, ne passez plus \u00e0 c\u00f4t\u00e9 de nos formations. Formez vous sur les logiciels de gestion EBP&#8230;<\/p>\n","protected":false},"author":1,"featured_media":0,"parent":0,"menu_order":0,"comment_status":"closed","ping_status":"closed","template":"elementor_header_footer","meta":{"_kad_post_transparent":"","_kad_post_title":"hide","_kad_post_layout":"fullwidth","_kad_post_sidebar_id":"","_kad_post_content_style":"unboxed","_kad_post_vertical_padding":"hide","_kad_post_feature":"hide","_kad_post_feature_position":"","_kad_post_header":false,"_kad_post_footer":false,"footnotes":""},"class_list":["post-779","page","type-page","status-publish","hentry"],"_links":{"self":[{"href":"https:\/\/www.new.iboo-formation.fr\/index.php\/wp-json\/wp\/v2\/pages\/779","targetHints":{"allow":["GET"]}}],"collection":[{"href":"https:\/\/www.new.iboo-formation.fr\/index.php\/wp-json\/wp\/v2\/pages"}],"about":[{"href":"https:\/\/www.new.iboo-formation.fr\/index.php\/wp-json\/wp\/v2\/types\/page"}],"author":[{"embeddable":true,"href":"https:\/\/www.new.iboo-formation.fr\/index.php\/wp-json\/wp\/v2\/users\/1"}],"replies":[{"embeddable":true,"href":"https:\/\/www.new.iboo-formation.fr\/index.php\/wp-json\/wp\/v2\/comments?post=779"}],"version-history":[{"count":4,"href":"https:\/\/www.new.iboo-formation.fr\/index.php\/wp-json\/wp\/v2\/pages\/779\/revisions"}],"predecessor-version":[{"id":783,"href":"https:\/\/www.new.iboo-formation.fr\/index.php\/wp-json\/wp\/v2\/pages\/779\/revisions\/783"}],"wp:attachment":[{"href":"https:\/\/www.new.iboo-formation.fr\/index.php\/wp-json\/wp\/v2\/media?parent=779"}],"curies":[{"name":"wp","href":"https:\/\/api.w.org\/{rel}","templated":true}]}}