{"id":856,"date":"2025-10-16T01:34:31","date_gmt":"2025-10-16T01:34:31","guid":{"rendered":"https:\/\/www.new.iboo-formation.fr\/?page_id=856"},"modified":"2025-10-16T01:36:10","modified_gmt":"2025-10-16T01:36:10","slug":"formations-management-communication","status":"publish","type":"page","link":"https:\/\/www.new.iboo-formation.fr\/index.php\/formations-management-communication\/","title":{"rendered":"Management &#038; Gestion de Projet"},"content":{"rendered":"\t\t<div data-elementor-type=\"wp-page\" data-elementor-id=\"856\" class=\"elementor elementor-856\">\n\t\t\t\t\t\t<section class=\"elementor-section elementor-top-section elementor-element elementor-element-5970424d elementor-section-boxed elementor-section-height-default elementor-section-height-default\" data-id=\"5970424d\" data-element_type=\"section\" data-settings=\"{&quot;animation&quot;:&quot;none&quot;}\">\n\t\t\t\t\t\t<div class=\"elementor-container elementor-column-gap-default\">\n\t\t\t\t\t<div class=\"elementor-column elementor-col-100 elementor-top-column elementor-element elementor-element-3e4659aa\" data-id=\"3e4659aa\" data-element_type=\"column\">\n\t\t\t<div class=\"elementor-widget-wrap elementor-element-populated\">\n\t\t\t\t\t\t<div class=\"elementor-element elementor-element-5a843576 elementor-widget elementor-widget-heading\" data-id=\"5a843576\" data-element_type=\"widget\" data-widget_type=\"heading.default\">\n\t\t\t\t\t<h1 class=\"elementor-heading-title elementor-size-default\">Management, conduite et gestion de projet\n<\/h1>\t\t\t\t<\/div>\n\t\t\t\t<div class=\"elementor-element elementor-element-3c80eccc elementor-widget elementor-widget-text-editor\" data-id=\"3c80eccc\" data-element_type=\"widget\" data-widget_type=\"text-editor.default\">\n\t\t\t\t\t\t\t\t\t<p class=\"headline__title farbe \">Vous souhaitez plus d&#8217;efficacit\u00e9 et de transparence dans vos projets et processus ? Dans nos formations, vous apprendrez \u00e0 planifier, contr\u00f4ler et surveiller vos projets et \u00e0 mieux visualiser votre processus m\u00e9tier.<\/p>\t\t\t\t\t\t\t\t<\/div>\n\t\t\t\t<div class=\"elementor-element elementor-element-75590a88 elementor-widget elementor-widget-text-editor\" data-id=\"75590a88\" data-element_type=\"widget\" data-widget_type=\"text-editor.default\">\n\t\t\t\t\t\t\t\t\t<p class=\"headline__title farbe \">Explorez un large \u00e9ventail de formation en gestion de projet et obtenez un aper\u00e7u complet de la planification, de l&#8217;ex\u00e9cution et du suivi efficaces des projets. Nous proposons diff\u00e9rents types de formation de gestion de projet.<\/p><p>Avec nos formations en gestion de projet sur Angers ou \u00e0 distance, vous apprendrez \u00e0 planifier, \u00e0 analyser les ressources, \u00e0 g\u00e9rer les d\u00e9lais et \u00e0 mesurer les progr\u00e8s en un clin d&#8217;\u0153il. D\u00e9couvrez comment superviser des t\u00e2ches individuelles, soumettre des feuilles de temps, signaler des probl\u00e8mes et collaborer avec les membres de l&#8217;\u00e9quipe.<\/p>\t\t\t\t\t\t\t\t<\/div>\n\t\t\t\t\t<\/div>\n\t\t<\/div>\n\t\t\t\t\t<\/div>\n\t\t<\/section>\n\t\t\t\t<section class=\"elementor-section elementor-top-section elementor-element elementor-element-730f05ee elementor-section-boxed elementor-section-height-default elementor-section-height-default\" data-id=\"730f05ee\" data-element_type=\"section\">\n\t\t\t\t\t\t<div class=\"elementor-container elementor-column-gap-default\">\n\t\t\t\t\t<div class=\"elementor-column elementor-col-100 elementor-top-column elementor-element elementor-element-ca16cdb\" data-id=\"ca16cdb\" data-element_type=\"column\">\n\t\t\t<div class=\"elementor-widget-wrap elementor-element-populated\">\n\t\t\t\t\t\t<section class=\"elementor-section elementor-inner-section elementor-element elementor-element-59a3130e elementor-section-boxed elementor-section-height-default elementor-section-height-default\" data-id=\"59a3130e\" data-element_type=\"section\">\n\t\t\t\t\t\t<div class=\"elementor-container elementor-column-gap-default\">\n\t\t\t\t\t<div class=\"elementor-column elementor-col-50 elementor-inner-column elementor-element elementor-element-1cf1c650\" data-id=\"1cf1c650\" data-element_type=\"column\">\n\t\t\t<div class=\"elementor-widget-wrap elementor-element-populated\">\n\t\t\t\t\t\t<div class=\"elementor-element elementor-element-2c670c43 elementor-widget elementor-widget-image\" data-id=\"2c670c43\" data-element_type=\"widget\" data-widget_type=\"image.default\">\n\t\t\t\t\t\t\t\t\t\t\t\t<figure class=\"wp-caption\">\n\t\t\t\t\t\t\t\t\t\t\t<a href=\"https:\/\/iboo-formation.fr\/ms-project\/\">\n\t\t\t\t\t\t\t<img fetchpriority=\"high\" decoding=\"async\" width=\"300\" height=\"221\" src=\"https:\/\/www.new.iboo-formation.fr\/wp-content\/uploads\/2025\/10\/formation-angers-gestion-de-projet-300x221.jpg\" class=\"attachment-medium size-medium wp-image-438\" alt=\"\" srcset=\"https:\/\/www.new.iboo-formation.fr\/wp-content\/uploads\/2025\/10\/formation-angers-gestion-de-projet-300x221.jpg 300w, https:\/\/www.new.iboo-formation.fr\/wp-content\/uploads\/2025\/10\/formation-angers-gestion-de-projet.jpg 335w\" sizes=\"(max-width: 300px) 100vw, 300px\" \/>\t\t\t\t\t\t\t\t<\/a>\n\t\t\t\t\t\t\t\t\t\t\t<figcaption class=\"widget-image-caption wp-caption-text\"><\/figcaption>\n\t\t\t\t\t\t\t\t\t\t<\/figure>\n\t\t\t\t\t\t\t\t\t<\/div>\n\t\t\t\t\t<\/div>\n\t\t<\/div>\n\t\t\t\t<div class=\"elementor-column elementor-col-50 elementor-inner-column elementor-element elementor-element-3f6b1a7d\" data-id=\"3f6b1a7d\" data-element_type=\"column\">\n\t\t\t<div class=\"elementor-widget-wrap elementor-element-populated\">\n\t\t\t\t\t\t<div class=\"elementor-element elementor-element-f6ee1b elementor-widget elementor-widget-heading\" data-id=\"f6ee1b\" data-element_type=\"widget\" data-widget_type=\"heading.default\">\n\t\t\t\t\t<h2 class=\"elementor-heading-title elementor-size-default\">Gestion de projet<\/h2>\t\t\t\t<\/div>\n\t\t\t\t<div class=\"elementor-element elementor-element-cd863e7 elementor-widget elementor-widget-text-editor\" data-id=\"cd863e7\" data-element_type=\"widget\" data-widget_type=\"text-editor.default\">\n\t\t\t\t\t\t\t\t\t<p style=\"text-align: justify;\">Bienvenue dans notre formation en <a href=\"https:\/\/iboo-formation.fr\/gestion-de-projet-a-angers\/\"><strong>gestion de projet<\/strong><\/a>. Vous \u00eates sur le point de d\u00e9couvrir les comp\u00e9tences essentielles n\u00e9cessaires pour planifier, ex\u00e9cuter et superviser efficacement des projets. Que vous soyez un <strong>chef de projet<\/strong> exp\u00e9riment\u00e9 ou que vous cherchiez \u00e0 acqu\u00e9rir de nouvelles comp\u00e9tences en <a href=\"https:\/\/iboo-formation.fr\/gestion-de-projet-a-angers\/\"><strong>gestion de projet<\/strong><\/a>, notre programme vous fournira les connaissances et les outils n\u00e9cessaires pour r\u00e9ussir dans le domaine de la <a href=\"https:\/\/iboo-formation.fr\/gestion-de-projet-a-angers\/\">gestion de projet<\/a>.<\/p>\t\t\t\t\t\t\t\t<\/div>\n\t\t\t\t<div class=\"elementor-element elementor-element-71fb25eb elementor-align-center elementor-widget elementor-widget-button\" data-id=\"71fb25eb\" data-element_type=\"widget\" data-widget_type=\"button.default\">\n\t\t\t\t\t\t\t\t\t\t<a class=\"elementor-button elementor-button-link elementor-size-sm\" href=\"https:\/\/iboo-formation.fr\/gestion-de-projet-a-angers\/\">\n\t\t\t\t\t\t<span class=\"elementor-button-content-wrapper\">\n\t\t\t\t\t\t\t\t\t<span class=\"elementor-button-text\">Gestion de projet<\/span>\n\t\t\t\t\t<\/span>\n\t\t\t\t\t<\/a>\n\t\t\t\t\t\t\t\t<\/div>\n\t\t\t\t\t<\/div>\n\t\t<\/div>\n\t\t\t\t\t<\/div>\n\t\t<\/section>\n\t\t\t\t\t<\/div>\n\t\t<\/div>\n\t\t\t\t\t<\/div>\n\t\t<\/section>\n\t\t\t\t<section class=\"elementor-section elementor-top-section elementor-element elementor-element-64210a03 elementor-section-boxed elementor-section-height-default elementor-section-height-default\" data-id=\"64210a03\" data-element_type=\"section\">\n\t\t\t\t\t\t<div class=\"elementor-container elementor-column-gap-default\">\n\t\t\t\t\t<div class=\"elementor-column elementor-col-100 elementor-top-column elementor-element elementor-element-7ffb8dd6\" data-id=\"7ffb8dd6\" data-element_type=\"column\">\n\t\t\t<div class=\"elementor-widget-wrap elementor-element-populated\">\n\t\t\t\t\t\t<section class=\"elementor-section elementor-inner-section elementor-element elementor-element-65bd13db elementor-section-boxed elementor-section-height-default elementor-section-height-default\" data-id=\"65bd13db\" data-element_type=\"section\">\n\t\t\t\t\t\t<div class=\"elementor-container elementor-column-gap-default\">\n\t\t\t\t\t<div class=\"elementor-column elementor-col-50 elementor-inner-column elementor-element elementor-element-72b2972f\" data-id=\"72b2972f\" data-element_type=\"column\">\n\t\t\t<div class=\"elementor-widget-wrap elementor-element-populated\">\n\t\t\t\t\t\t<div class=\"elementor-element elementor-element-52707814 elementor-widget elementor-widget-heading\" data-id=\"52707814\" data-element_type=\"widget\" data-widget_type=\"heading.default\">\n\t\t\t\t\t<h2 class=\"elementor-heading-title elementor-size-default\">Microsoft Project<\/h2>\t\t\t\t<\/div>\n\t\t\t\t<div class=\"elementor-element elementor-element-16034542 elementor-widget__width-initial elementor-widget elementor-widget-text-editor\" data-id=\"16034542\" data-element_type=\"widget\" data-widget_type=\"text-editor.default\">\n\t\t\t\t\t\t\t\t\t<p>D\u00e9couvrez la puissance de <a href=\"https:\/\/iboo-formation.fr\/ms-project-formation-angers\/\">Microsoft Project<\/a> avec notre formation d\u00e9di\u00e9e. <strong>Microsoft Project<\/strong> est un outil essentiel pour la planification, le suivi et la gestion de projets complexes. Dans cette formation, vous apprendrez \u00e0 utiliser <a href=\"https:\/\/iboo-formation.fr\/ms-project-formation-angers\/\">Ms Project<\/a> de mani\u00e8re efficace pour cr\u00e9er des plans de projet d\u00e9taill\u00e9s, suivre les t\u00e2ches, g\u00e9rer les ressources et bien plus encore. Que vous soyez un professionnel de la gestion de projet ou que vous souhaitiez ma\u00eetriser <a href=\"https:\/\/iboo-formation.fr\/ms-project-formation-angers\/\"><strong>Ms Project<\/strong><\/a>, notre programme vous guidera \u00e0 travers les comp\u00e9tences n\u00e9cessaires pour r\u00e9ussir.<\/p>\t\t\t\t\t\t\t\t<\/div>\n\t\t\t\t<div class=\"elementor-element elementor-element-5180573f elementor-align-center elementor-widget elementor-widget-button\" data-id=\"5180573f\" data-element_type=\"widget\" data-widget_type=\"button.default\">\n\t\t\t\t\t\t\t\t\t\t<a class=\"elementor-button elementor-button-link elementor-size-sm\" href=\"https:\/\/iboo-formation.fr\/ms-project-formation-angers\/\">\n\t\t\t\t\t\t<span class=\"elementor-button-content-wrapper\">\n\t\t\t\t\t\t\t\t\t<span class=\"elementor-button-text\">Ms Project<\/span>\n\t\t\t\t\t<\/span>\n\t\t\t\t\t<\/a>\n\t\t\t\t\t\t\t\t<\/div>\n\t\t\t\t\t<\/div>\n\t\t<\/div>\n\t\t\t\t<div class=\"elementor-column elementor-col-50 elementor-inner-column elementor-element elementor-element-7030f5a3\" data-id=\"7030f5a3\" data-element_type=\"column\">\n\t\t\t<div class=\"elementor-widget-wrap elementor-element-populated\">\n\t\t\t\t\t\t<div class=\"elementor-element elementor-element-7627c66b elementor-widget__width-initial elementor-widget elementor-widget-image\" data-id=\"7627c66b\" data-element_type=\"widget\" data-widget_type=\"image.default\">\n\t\t\t\t\t\t\t\t\t\t\t\t<figure class=\"wp-caption\">\n\t\t\t\t\t\t\t\t\t\t\t<a href=\"https:\/\/iboo-formation.fr\/ms-project\/\">\n\t\t\t\t\t\t\t<img decoding=\"async\" width=\"200\" height=\"200\" src=\"https:\/\/www.new.iboo-formation.fr\/wp-content\/uploads\/2025\/10\/ms-project.png\" class=\"attachment-medium_large size-medium_large wp-image-439\" alt=\"\" srcset=\"https:\/\/www.new.iboo-formation.fr\/wp-content\/uploads\/2025\/10\/ms-project.png 200w, https:\/\/www.new.iboo-formation.fr\/wp-content\/uploads\/2025\/10\/ms-project-150x150.png 150w\" sizes=\"(max-width: 200px) 100vw, 200px\" \/>\t\t\t\t\t\t\t\t<\/a>\n\t\t\t\t\t\t\t\t\t\t\t<figcaption class=\"widget-image-caption wp-caption-text\">     Ms Project 2016, 2019, 365<\/figcaption>\n\t\t\t\t\t\t\t\t\t\t<\/figure>\n\t\t\t\t\t\t\t\t\t<\/div>\n\t\t\t\t\t<\/div>\n\t\t<\/div>\n\t\t\t\t\t<\/div>\n\t\t<\/section>\n\t\t\t\t\t<\/div>\n\t\t<\/div>\n\t\t\t\t\t<\/div>\n\t\t<\/section>\n\t\t\t\t<section class=\"elementor-section elementor-top-section elementor-element elementor-element-16f866b9 elementor-section-boxed elementor-section-height-default elementor-section-height-default\" data-id=\"16f866b9\" data-element_type=\"section\">\n\t\t\t\t\t\t<div class=\"elementor-container elementor-column-gap-default\">\n\t\t\t\t\t<div class=\"elementor-column elementor-col-100 elementor-top-column elementor-element elementor-element-1401207f\" data-id=\"1401207f\" data-element_type=\"column\">\n\t\t\t<div class=\"elementor-widget-wrap elementor-element-populated\">\n\t\t\t\t\t\t<section class=\"elementor-section elementor-inner-section elementor-element elementor-element-27133a7 elementor-section-boxed elementor-section-height-default elementor-section-height-default\" data-id=\"27133a7\" data-element_type=\"section\">\n\t\t\t\t\t\t<div class=\"elementor-container elementor-column-gap-default\">\n\t\t\t\t\t<div class=\"elementor-column elementor-col-50 elementor-inner-column elementor-element elementor-element-25a82e55\" data-id=\"25a82e55\" data-element_type=\"column\">\n\t\t\t<div class=\"elementor-widget-wrap elementor-element-populated\">\n\t\t\t\t\t\t<div class=\"elementor-element elementor-element-3a75cd77 elementor-widget elementor-widget-image\" data-id=\"3a75cd77\" data-element_type=\"widget\" data-widget_type=\"image.default\">\n\t\t\t\t\t\t\t\t\t\t\t\t<figure class=\"wp-caption\">\n\t\t\t\t\t\t\t\t\t\t\t<a href=\"https:\/\/iboo-formation.fr\/ms-project\/\">\n\t\t\t\t\t\t\t<img decoding=\"async\" width=\"399\" height=\"252\" src=\"https:\/\/www.new.iboo-formation.fr\/wp-content\/uploads\/2025\/10\/formation-angers-methode-agile-scrum-gestion-de-projet.jpg\" class=\"attachment-medium_large size-medium_large wp-image-440\" alt=\"\" srcset=\"https:\/\/www.new.iboo-formation.fr\/wp-content\/uploads\/2025\/10\/formation-angers-methode-agile-scrum-gestion-de-projet.jpg 399w, https:\/\/www.new.iboo-formation.fr\/wp-content\/uploads\/2025\/10\/formation-angers-methode-agile-scrum-gestion-de-projet-300x189.jpg 300w\" sizes=\"(max-width: 399px) 100vw, 399px\" \/>\t\t\t\t\t\t\t\t<\/a>\n\t\t\t\t\t\t\t\t\t\t\t<figcaption class=\"widget-image-caption wp-caption-text\"><\/figcaption>\n\t\t\t\t\t\t\t\t\t\t<\/figure>\n\t\t\t\t\t\t\t\t\t<\/div>\n\t\t\t\t\t<\/div>\n\t\t<\/div>\n\t\t\t\t<div class=\"elementor-column elementor-col-50 elementor-inner-column elementor-element elementor-element-4efff93f\" data-id=\"4efff93f\" data-element_type=\"column\">\n\t\t\t<div class=\"elementor-widget-wrap elementor-element-populated\">\n\t\t\t\t\t\t<div class=\"elementor-element elementor-element-1e32da41 elementor-widget elementor-widget-heading\" data-id=\"1e32da41\" data-element_type=\"widget\" data-widget_type=\"heading.default\">\n\t\t\t\t\t<h2 class=\"elementor-heading-title elementor-size-default\">Introduction pour la formation sensibilisation \u00e0 Agile et Scrum<\/h2>\t\t\t\t<\/div>\n\t\t\t\t<div class=\"elementor-element elementor-element-40287985 elementor-widget elementor-widget-text-editor\" data-id=\"40287985\" data-element_type=\"widget\" data-widget_type=\"text-editor.default\">\n\t\t\t\t\t\t\t\t\t<p style=\"text-align: justify;\">Bienvenue dans notre <a href=\"https:\/\/iboo-formation.fr\/sensibilisation-a-agile-et-scrum-angers\/\">formation de sensibilisation \u00e0 Agile et Scrum<\/a>. Dans le monde de la gestion de projet, les <strong>m\u00e9thodologies Agile et Scrum<\/strong> sont de plus en plus importantes pour am\u00e9liorer la flexibilit\u00e9, la collaboration et la qualit\u00e9 des projets. Cette formation vous initiera aux principes de l&#8217;Agile et vous plongera dans les pratiques Scrum. Que vous soyez un gestionnaire de projet curieux ou un membre d&#8217;\u00e9quipe souhaitant comprendre ces approches, notre programme vous offrira un aper\u00e7u complet de l&#8217;<a href=\"https:\/\/iboo-formation.fr\/sensibilisation-a-agile-et-scrum-angers\/\">Agile et de Scrum<\/a>.<\/p>\t\t\t\t\t\t\t\t<\/div>\n\t\t\t\t<div class=\"elementor-element elementor-element-602d1f36 elementor-align-center elementor-widget elementor-widget-button\" data-id=\"602d1f36\" data-element_type=\"widget\" data-widget_type=\"button.default\">\n\t\t\t\t\t\t\t\t\t\t<a class=\"elementor-button elementor-button-link elementor-size-sm\" href=\"https:\/\/iboo-formation.fr\/sensibilisation-a-agile-et-scrum-angers\/\">\n\t\t\t\t\t\t<span class=\"elementor-button-content-wrapper\">\n\t\t\t\t\t\t\t\t\t<span class=\"elementor-button-text\">Formation Agile et Scrum<\/span>\n\t\t\t\t\t<\/span>\n\t\t\t\t\t<\/a>\n\t\t\t\t\t\t\t\t<\/div>\n\t\t\t\t\t<\/div>\n\t\t<\/div>\n\t\t\t\t\t<\/div>\n\t\t<\/section>\n\t\t\t\t\t<\/div>\n\t\t<\/div>\n\t\t\t\t\t<\/div>\n\t\t<\/section>\n\t\t\t\t<\/div>\n\t\t","protected":false},"excerpt":{"rendered":"<p>Management, conduite et gestion de projet Vous souhaitez plus d&#8217;efficacit\u00e9 et de transparence dans vos projets et processus ? Dans nos formations, vous apprendrez \u00e0 planifier, contr\u00f4ler et surveiller vos projets et \u00e0 mieux visualiser votre processus m\u00e9tier. Explorez un large \u00e9ventail de formation en gestion de projet et obtenez un aper\u00e7u complet de la&#8230;<\/p>\n","protected":false},"author":1,"featured_media":0,"parent":0,"menu_order":0,"comment_status":"closed","ping_status":"closed","template":"elementor_header_footer","meta":{"_kad_post_transparent":"","_kad_post_title":"hide","_kad_post_layout":"fullwidth","_kad_post_sidebar_id":"","_kad_post_content_style":"unboxed","_kad_post_vertical_padding":"hide","_kad_post_feature":"hide","_kad_post_feature_position":"","_kad_post_header":false,"_kad_post_footer":false,"footnotes":""},"class_list":["post-856","page","type-page","status-publish","hentry"],"_links":{"self":[{"href":"https:\/\/www.new.iboo-formation.fr\/index.php\/wp-json\/wp\/v2\/pages\/856","targetHints":{"allow":["GET"]}}],"collection":[{"href":"https:\/\/www.new.iboo-formation.fr\/index.php\/wp-json\/wp\/v2\/pages"}],"about":[{"href":"https:\/\/www.new.iboo-formation.fr\/index.php\/wp-json\/wp\/v2\/types\/page"}],"author":[{"embeddable":true,"href":"https:\/\/www.new.iboo-formation.fr\/index.php\/wp-json\/wp\/v2\/users\/1"}],"replies":[{"embeddable":true,"href":"https:\/\/www.new.iboo-formation.fr\/index.php\/wp-json\/wp\/v2\/comments?post=856"}],"version-history":[{"count":4,"href":"https:\/\/www.new.iboo-formation.fr\/index.php\/wp-json\/wp\/v2\/pages\/856\/revisions"}],"predecessor-version":[{"id":860,"href":"https:\/\/www.new.iboo-formation.fr\/index.php\/wp-json\/wp\/v2\/pages\/856\/revisions\/860"}],"wp:attachment":[{"href":"https:\/\/www.new.iboo-formation.fr\/index.php\/wp-json\/wp\/v2\/media?parent=856"}],"curies":[{"name":"wp","href":"https:\/\/api.w.org\/{rel}","templated":true}]}}