{"id":885,"date":"2025-10-16T02:03:44","date_gmt":"2025-10-16T02:03:44","guid":{"rendered":"https:\/\/www.new.iboo-formation.fr\/?page_id=885"},"modified":"2025-10-16T02:07:59","modified_gmt":"2025-10-16T02:07:59","slug":"formations-web-creation-digitale","status":"publish","type":"page","link":"https:\/\/www.new.iboo-formation.fr\/index.php\/formations-web-creation-digitale\/","title":{"rendered":"PAO &#038; Conception Graphique"},"content":{"rendered":"\t\t<div data-elementor-type=\"wp-page\" data-elementor-id=\"885\" class=\"elementor elementor-885\">\n\t\t\t\t\t\t<section class=\"elementor-section elementor-top-section elementor-element elementor-element-243796f9 elementor-section-boxed elementor-section-height-default elementor-section-height-default\" data-id=\"243796f9\" data-element_type=\"section\">\n\t\t\t\t\t\t<div class=\"elementor-container elementor-column-gap-default\">\n\t\t\t\t\t<div class=\"elementor-column elementor-col-100 elementor-top-column elementor-element elementor-element-80c39b7\" data-id=\"80c39b7\" data-element_type=\"column\">\n\t\t\t<div class=\"elementor-widget-wrap elementor-element-populated\">\n\t\t\t\t\t\t<div class=\"elementor-element elementor-element-7c147f45 elementor-widget elementor-widget-heading\" data-id=\"7c147f45\" data-element_type=\"widget\" data-widget_type=\"heading.default\">\n\t\t\t\t\t<h1 class=\"elementor-heading-title elementor-size-default\">La Publication Assist\u00e9e par Ordinateur chez vous, c'est possible !<\/h1>\t\t\t\t<\/div>\n\t\t\t\t<div class=\"elementor-element elementor-element-11f79026 elementor-widget elementor-widget-text-editor\" data-id=\"11f79026\" data-element_type=\"widget\" data-widget_type=\"text-editor.default\">\n\t\t\t\t\t\t\t\t\t<p class=\"headline__title farbe \">Lorsque vous vous formez avec les <strong>outils de conception<\/strong> graphique comme\u00a0<a href=\"https:\/\/www.adobe.com\/fr\/\">Adobe<\/a>\u00a0ou the\u00a0<a href=\"https:\/\/www.gimp.org\/downloads\/\">Gimp<\/a>, vous b\u00e9n\u00e9ficiez d&#8217;une formation pratique dispens\u00e9e par des formateurs confirm\u00e9s poss\u00e9dant une <strong>exp\u00e9rience approfondie des produits<\/strong>.<\/p>\t\t\t\t\t\t\t\t<\/div>\n\t\t\t\t<div class=\"elementor-element elementor-element-1da9fabd elementor-widget elementor-widget-heading\" data-id=\"1da9fabd\" data-element_type=\"widget\" data-widget_type=\"heading.default\">\n\t\t\t\t\t<h2 class=\"elementor-heading-title elementor-size-default\">Explorez nos formations de conception graphique<\/h2>\t\t\t\t<\/div>\n\t\t\t\t<div class=\"elementor-element elementor-element-70ff7432 elementor-widget elementor-widget-text-editor\" data-id=\"70ff7432\" data-element_type=\"widget\" data-widget_type=\"text-editor.default\">\n\t\t\t\t\t\t\t\t\t<p style=\"margin-bottom: 20px; color: #274171;\">Avec nos formations, vous pouvez explorer un large \u00e9ventail de sujets, d&#8217;outils, de techniques et de principes pour obtenir des r\u00e9sultats \u00e9poustouflant. Que vous soyez un <b>professionnel exp\u00e9riment\u00e9<\/b> ou que vous recherchiez une conception graphique assist\u00e9e par ordinateur (<b>PAO<\/b>) pour d\u00e9butants, montez en <b>comp\u00e9tences <\/b>avec nos th\u00e9matiques sur la <b>typographie<\/b>, <b>la couleur<\/b>, <b>les tendances de conception<\/b>, la conception de logo, la conception de polices personnalis\u00e9es, le lettrage \u00e0 la main, l&#8217;illustration, et au-del\u00e0, tous enseign\u00e9s par des graphistes passionn\u00e9s et des professionnels en activit\u00e9.<\/p>\t\t\t\t\t\t\t\t<\/div>\n\t\t\t\t<div class=\"elementor-element elementor-element-7f9832a0 elementor-widget elementor-widget-heading\" data-id=\"7f9832a0\" data-element_type=\"widget\" data-widget_type=\"heading.default\">\n\t\t\t\t\t<h2 class=\"elementor-heading-title elementor-size-default\">La solution compl\u00e8te Adobe Creative<\/h2>\t\t\t\t<\/div>\n\t\t\t\t<div class=\"elementor-element elementor-element-44b08208 elementor-widget elementor-widget-text-editor\" data-id=\"44b08208\" data-element_type=\"widget\" data-widget_type=\"text-editor.default\">\n\t\t\t\t\t\t\t\t\t<p><span style=\"color: #274171;\">Vous pouvez apprendre \u00e0 utiliser des logiciels de conception graphique tels <b>qu&#8217;Adobe<\/b> <b>Photoshop<\/b>, <b>Illustrator <\/b>et <b>InDesign<\/b>, et vous obtiendrez une exp\u00e9rience pratique en r\u00e9alisant et en partageant vos propres projets de conception graphique. Avec&nbsp;<\/span><a href=\"https:\/\/iboo-formation.fr\/\" target=\"_blank\">iBoo FORMATION<\/a><span style=\"color: #274171;\">, vous pouvez apprendre toute la suite Adobe ou acc\u00e9dez \u00e0 des formations organis\u00e9es par solution, pour acqu\u00e9rir une expertise dans des domaines et des <b>offres sp\u00e9cifiques<\/b>.<\/span><\/p>\t\t\t\t\t\t\t\t<\/div>\n\t\t\t\t\t<\/div>\n\t\t<\/div>\n\t\t\t\t\t<\/div>\n\t\t<\/section>\n\t\t\t\t<section class=\"elementor-section elementor-top-section elementor-element elementor-element-3866aac8 elementor-section-height-full elementor-section-boxed elementor-section-height-default elementor-section-items-middle\" data-id=\"3866aac8\" data-element_type=\"section\">\n\t\t\t\t\t\t<div class=\"elementor-container elementor-column-gap-default\">\n\t\t\t\t\t<div class=\"elementor-column elementor-col-25 elementor-top-column elementor-element elementor-element-228138ba\" data-id=\"228138ba\" data-element_type=\"column\">\n\t\t\t<div class=\"elementor-widget-wrap elementor-element-populated\">\n\t\t\t\t\t\t<div class=\"elementor-element elementor-element-9dcc33b elementor-widget elementor-widget-image\" data-id=\"9dcc33b\" data-element_type=\"widget\" data-widget_type=\"image.default\">\n\t\t\t\t\t\t\t\t\t\t\t\t<figure class=\"wp-caption\">\n\t\t\t\t\t\t\t\t\t\t\t<a href=\"https:\/\/iboo-formation.fr\/formation-angers-photoshop\">\n\t\t\t\t\t\t\t<img decoding=\"async\" src=\"https:\/\/www.new.iboo-formation.fr\/wp-content\/uploads\/2025\/10\/Adobe-Photoshop-Logo-scaled.png\" title=\"Adobe-Photoshop-Logo.png\" alt=\"Adobe-Photoshop-Logo.png\" loading=\"lazy\" \/>\t\t\t\t\t\t\t\t<\/a>\n\t\t\t\t\t\t\t\t\t\t\t<figcaption class=\"widget-image-caption wp-caption-text\">Photoshop<\/figcaption>\n\t\t\t\t\t\t\t\t\t\t<\/figure>\n\t\t\t\t\t\t\t\t\t<\/div>\n\t\t\t\t\t<\/div>\n\t\t<\/div>\n\t\t\t\t<div class=\"elementor-column elementor-col-25 elementor-top-column elementor-element elementor-element-b068cc\" data-id=\"b068cc\" data-element_type=\"column\">\n\t\t\t<div class=\"elementor-widget-wrap elementor-element-populated\">\n\t\t\t\t\t\t<div class=\"elementor-element elementor-element-55fd1267 elementor-widget elementor-widget-image\" data-id=\"55fd1267\" data-element_type=\"widget\" data-widget_type=\"image.default\">\n\t\t\t\t\t\t\t\t\t\t\t\t<figure class=\"wp-caption\">\n\t\t\t\t\t\t\t\t\t\t\t<a href=\"https:\/\/iboo-formation.fr\/formation-angers-adobe-illustrator\">\n\t\t\t\t\t\t\t<img decoding=\"async\" src=\"https:\/\/www.new.iboo-formation.fr\/wp-content\/uploads\/2025\/10\/Illustrator-Logo-scaled.png\" title=\"Illustrator-Logo.png\" alt=\"Illustrator-Logo.png\" loading=\"lazy\" \/>\t\t\t\t\t\t\t\t<\/a>\n\t\t\t\t\t\t\t\t\t\t\t<figcaption class=\"widget-image-caption wp-caption-text\">Adobe Illustrator<\/figcaption>\n\t\t\t\t\t\t\t\t\t\t<\/figure>\n\t\t\t\t\t\t\t\t\t<\/div>\n\t\t\t\t\t<\/div>\n\t\t<\/div>\n\t\t\t\t<div class=\"elementor-column elementor-col-25 elementor-top-column elementor-element elementor-element-345d3e4a\" data-id=\"345d3e4a\" data-element_type=\"column\">\n\t\t\t<div class=\"elementor-widget-wrap elementor-element-populated\">\n\t\t\t\t\t\t<div class=\"elementor-element elementor-element-1b3055c3 elementor-widget elementor-widget-image\" data-id=\"1b3055c3\" data-element_type=\"widget\" data-widget_type=\"image.default\">\n\t\t\t\t\t\t\t\t\t\t\t\t<figure class=\"wp-caption\">\n\t\t\t\t\t\t\t\t\t\t\t<a href=\"https:\/\/iboo-formation.fr\/formation-angers-indesign-pao-angers\">\n\t\t\t\t\t\t\t<img decoding=\"async\" src=\"https:\/\/www.new.iboo-formation.fr\/wp-content\/uploads\/2025\/10\/adobe-indesign-logo-1.png\" title=\"adobe-indesign-logo-1.png\" alt=\"adobe-indesign-logo-1.png\" loading=\"lazy\" \/>\t\t\t\t\t\t\t\t<\/a>\n\t\t\t\t\t\t\t\t\t\t\t<figcaption class=\"widget-image-caption wp-caption-text\">InDesign<\/figcaption>\n\t\t\t\t\t\t\t\t\t\t<\/figure>\n\t\t\t\t\t\t\t\t\t<\/div>\n\t\t\t\t\t<\/div>\n\t\t<\/div>\n\t\t\t\t<div class=\"elementor-column elementor-col-25 elementor-top-column elementor-element elementor-element-592359ed\" data-id=\"592359ed\" data-element_type=\"column\">\n\t\t\t<div class=\"elementor-widget-wrap elementor-element-populated\">\n\t\t\t\t\t\t<div class=\"elementor-element elementor-element-6a9c2bf4 elementor-widget elementor-widget-image\" data-id=\"6a9c2bf4\" data-element_type=\"widget\" data-widget_type=\"image.default\">\n\t\t\t\t\t\t\t\t\t\t\t\t<figure class=\"wp-caption\">\n\t\t\t\t\t\t\t\t\t\t\t<a href=\"https:\/\/iboo-formation.fr\/formation-angers-gimp-pao-logiciel-libre\">\n\t\t\t\t\t\t\t<img decoding=\"async\" src=\"https:\/\/www.new.iboo-formation.fr\/wp-content\/uploads\/2025\/10\/The_GIMP_icon_-_gnome.svg.png\" title=\"The_GIMP_icon_-_gnome.svg.png\" alt=\"The_GIMP_icon_-_gnome.svg.png\" loading=\"lazy\" \/>\t\t\t\t\t\t\t\t<\/a>\n\t\t\t\t\t\t\t\t\t\t\t<figcaption class=\"widget-image-caption wp-caption-text\">Gimp<\/figcaption>\n\t\t\t\t\t\t\t\t\t\t<\/figure>\n\t\t\t\t\t\t\t\t\t<\/div>\n\t\t\t\t\t<\/div>\n\t\t<\/div>\n\t\t\t\t\t<\/div>\n\t\t<\/section>\n\t\t\t\t<\/div>\n\t\t","protected":false},"excerpt":{"rendered":"<p>La Publication Assist\u00e9e par Ordinateur chez vous, c&#8217;est possible ! Lorsque vous vous formez avec les outils de conception graphique comme\u00a0Adobe\u00a0ou the\u00a0Gimp, vous b\u00e9n\u00e9ficiez d&#8217;une formation pratique dispens\u00e9e par des formateurs confirm\u00e9s poss\u00e9dant une exp\u00e9rience approfondie des produits. Explorez nos formations de conception graphique Avec nos formations, vous pouvez explorer un large \u00e9ventail de sujets,&#8230;<\/p>\n","protected":false},"author":1,"featured_media":0,"parent":0,"menu_order":0,"comment_status":"closed","ping_status":"closed","template":"elementor_header_footer","meta":{"_kad_post_transparent":"","_kad_post_title":"hide","_kad_post_layout":"fullwidth","_kad_post_sidebar_id":"","_kad_post_content_style":"unboxed","_kad_post_vertical_padding":"hide","_kad_post_feature":"hide","_kad_post_feature_position":"","_kad_post_header":false,"_kad_post_footer":false,"footnotes":""},"class_list":["post-885","page","type-page","status-publish","hentry"],"_links":{"self":[{"href":"https:\/\/www.new.iboo-formation.fr\/index.php\/wp-json\/wp\/v2\/pages\/885","targetHints":{"allow":["GET"]}}],"collection":[{"href":"https:\/\/www.new.iboo-formation.fr\/index.php\/wp-json\/wp\/v2\/pages"}],"about":[{"href":"https:\/\/www.new.iboo-formation.fr\/index.php\/wp-json\/wp\/v2\/types\/page"}],"author":[{"embeddable":true,"href":"https:\/\/www.new.iboo-formation.fr\/index.php\/wp-json\/wp\/v2\/users\/1"}],"replies":[{"embeddable":true,"href":"https:\/\/www.new.iboo-formation.fr\/index.php\/wp-json\/wp\/v2\/comments?post=885"}],"version-history":[{"count":4,"href":"https:\/\/www.new.iboo-formation.fr\/index.php\/wp-json\/wp\/v2\/pages\/885\/revisions"}],"predecessor-version":[{"id":889,"href":"https:\/\/www.new.iboo-formation.fr\/index.php\/wp-json\/wp\/v2\/pages\/885\/revisions\/889"}],"wp:attachment":[{"href":"https:\/\/www.new.iboo-formation.fr\/index.php\/wp-json\/wp\/v2\/media?parent=885"}],"curies":[{"name":"wp","href":"https:\/\/api.w.org\/{rel}","templated":true}]}}