{"id":922,"date":"2025-10-16T02:33:49","date_gmt":"2025-10-16T02:33:49","guid":{"rendered":"https:\/\/www.new.iboo-formation.fr\/?page_id=922"},"modified":"2025-10-16T02:35:30","modified_gmt":"2025-10-16T02:35:30","slug":"formations-web-creation-digitale-6","status":"publish","type":"page","link":"https:\/\/www.new.iboo-formation.fr\/index.php\/formations-web-creation-digitale-6\/","title":{"rendered":"Cr\u00e9ation Web &#038; R\u00e9f\u00e9rencement"},"content":{"rendered":"\t\t<div data-elementor-type=\"wp-page\" data-elementor-id=\"922\" class=\"elementor elementor-922\">\n\t\t\t\t\t\t<section class=\"elementor-section elementor-top-section elementor-element elementor-element-1be7aee elementor-section-boxed elementor-section-height-default elementor-section-height-default\" data-id=\"1be7aee\" data-element_type=\"section\">\n\t\t\t\t\t\t<div class=\"elementor-container elementor-column-gap-default\">\n\t\t\t\t\t<div class=\"elementor-column elementor-col-100 elementor-top-column elementor-element elementor-element-100efb5c\" data-id=\"100efb5c\" data-element_type=\"column\">\n\t\t\t<div class=\"elementor-widget-wrap elementor-element-populated\">\n\t\t\t\t\t\t<div class=\"elementor-element elementor-element-44677c70 elementor-widget elementor-widget-heading\" data-id=\"44677c70\" data-element_type=\"widget\" data-widget_type=\"heading.default\">\n\t\t\t\t\t<h1 class=\"elementor-heading-title elementor-size-default\">Formation\nWordPress \u00e0 Angers (49) et \nR\u00e9f\u00e9rencement <\/h1>\t\t\t\t<\/div>\n\t\t\t\t<div class=\"elementor-element elementor-element-7863a7e4 elementor-widget elementor-widget-text-editor\" data-id=\"7863a7e4\" data-element_type=\"widget\" data-widget_type=\"text-editor.default\">\n\t\t\t\t\t\t\t\t\t<p style=\"color: #274171;\"><span class=\"goog-text-highlight\">Cr\u00e9ez\u00a0<strong>votre propre site Web<\/strong>\u00a0\u00e0 partir de z\u00e9ro en utilisant WordPress.\u00a0<\/span>M\u00eame si vous n&#8217;avez jamais cr\u00e9\u00e9 de site Web auparavant !<\/p><p style=\"margin-bottom: 20px; color: #274171;\"><span class=\"goog-text-highlight\">Dans cette formation, iBoo vous propose d&#8217;apprendre \u00e0 cr\u00e9er un site Web \u00e0 partir de z\u00e9ro en utilisant\u00a0<strong>WordPress,\u00a0<\/strong>un th\u00e8me et un \u00e9diteur au choix.\u00a0<\/span>M\u00eame si vous \u00eates nouveau sur WordPress, gr\u00e2ce \u00e0 cette formation, vous deviendrez un expert WordPress !\u00a0<\/p>\t\t\t\t\t\t\t\t<\/div>\n\t\t\t\t<div class=\"elementor-element elementor-element-799b2ea7 elementor-widget elementor-widget-heading\" data-id=\"799b2ea7\" data-element_type=\"widget\" data-widget_type=\"heading.default\">\n\t\t\t\t\t<h2 class=\"elementor-heading-title elementor-size-default\">Comp\u00e9tences recherch\u00e9es avec cette formation WordPress<\/h2>\t\t\t\t<\/div>\n\t\t\t\t<div class=\"elementor-element elementor-element-7e718f77 elementor-widget elementor-widget-text-editor\" data-id=\"7e718f77\" data-element_type=\"widget\" data-widget_type=\"text-editor.default\">\n\t\t\t\t\t\t\t\t\t<ul style=\"color: #274171;\"><li>Concevoir un site Web efficacement.<\/li><li>Impl\u00e9mentation de mod\u00e8les.<\/li><li>Param\u00e9trage des plugins et widgets.<\/li><li>Configuration des curseurs et des menus.<\/li><li>Mise en ligne, optimisation et gestion du site web<\/li><li>\u00catre autonome pour la suite de votre projet web<\/li><\/ul><p style=\"margin-bottom: 20px; color: #274171;\">Dans ces sessions <b>WordPress \u00e0 Angers<\/b> ou \u00e0 distance, vous apprendrez tout ce que vous devez savoir sur la fa\u00e7on de cr\u00e9er un site Web WordPress pour votre entreprise, de la configuration de votre domaine \u00e0 la cr\u00e9ation de votre site Web \u00e0 la fois fonctionnel, beau et optimis\u00e9 sur <b>Google<\/b>.<\/p>\t\t\t\t\t\t\t\t<\/div>\n\t\t\t\t<div class=\"elementor-element elementor-element-1f7c24fc elementor-widget elementor-widget-heading\" data-id=\"1f7c24fc\" data-element_type=\"widget\" data-widget_type=\"heading.default\">\n\t\t\t\t\t<h2 class=\"elementor-heading-title elementor-size-default\">Formation SEO \/ r\u00e9f\u00e9rencement naturel<\/h2>\t\t\t\t<\/div>\n\t\t\t\t<div class=\"elementor-element elementor-element-2c440735 elementor-widget elementor-widget-text-editor\" data-id=\"2c440735\" data-element_type=\"widget\" data-widget_type=\"text-editor.default\">\n\t\t\t\t\t\t\t\t\t<p><span style=\"color: #274171;\"><b>L&#8217;optimisation des moteurs de recherche<\/b> (SEO) est le processus d&#8217;am\u00e9lioration de votre site Web pour augmenter sa visibilit\u00e9 sur les moteurs de recherche populaires tels que <b>Google <\/b>et <b>Bing<\/b>.&nbsp;Dans cette formation, vous apprendrez tout sur le r\u00e9f\u00e9rencement, y compris <b>l&#8217;optimisation de sites Web<\/b>, la cr\u00e9ation de liens, la <b>recherche de mots cl\u00e9s <\/b>et bien plus encore.<\/span><\/p>\t\t\t\t\t\t\t\t<\/div>\n\t\t\t\t\t<\/div>\n\t\t<\/div>\n\t\t\t\t\t<\/div>\n\t\t<\/section>\n\t\t\t\t<section class=\"elementor-section elementor-top-section elementor-element elementor-element-4ed6c8da elementor-section-height-full elementor-section-boxed elementor-section-height-default elementor-section-items-middle\" data-id=\"4ed6c8da\" data-element_type=\"section\">\n\t\t\t\t\t\t<div class=\"elementor-container elementor-column-gap-default\">\n\t\t\t\t\t<div class=\"elementor-column elementor-col-25 elementor-top-column elementor-element elementor-element-731d3fc8\" data-id=\"731d3fc8\" data-element_type=\"column\">\n\t\t\t<div class=\"elementor-widget-wrap elementor-element-populated\">\n\t\t\t\t\t\t<div class=\"elementor-element elementor-element-b0045a4 elementor-widget elementor-widget-image\" data-id=\"b0045a4\" data-element_type=\"widget\" data-widget_type=\"image.default\">\n\t\t\t\t\t\t\t\t\t\t\t\t<figure class=\"wp-caption\">\n\t\t\t\t\t\t\t\t\t\t\t<a href=\"https:\/\/iboo-formation.fr\/formation-angers-referencement-web-seo-sea-angers\/\">\n\t\t\t\t\t\t\t<img decoding=\"async\" src=\"https:\/\/www.new.iboo-formation.fr\/wp-content\/uploads\/2025\/10\/iboo-formation-seo-angers.png\" title=\"iboo-formation-seo-angers.png\" alt=\"iboo-formation-seo-angers.png\" loading=\"lazy\" \/>\t\t\t\t\t\t\t\t<\/a>\n\t\t\t\t\t\t\t\t\t\t\t<figcaption class=\"widget-image-caption wp-caption-text\">R\u00e9f\u00e9rencement Web<\/figcaption>\n\t\t\t\t\t\t\t\t\t\t<\/figure>\n\t\t\t\t\t\t\t\t\t<\/div>\n\t\t\t\t\t<\/div>\n\t\t<\/div>\n\t\t\t\t<div class=\"elementor-column elementor-col-25 elementor-top-column elementor-element elementor-element-1ab0cdba\" data-id=\"1ab0cdba\" data-element_type=\"column\">\n\t\t\t<div class=\"elementor-widget-wrap elementor-element-populated\">\n\t\t\t\t\t\t<div class=\"elementor-element elementor-element-2ba50c32 elementor-widget elementor-widget-image\" data-id=\"2ba50c32\" data-element_type=\"widget\" data-widget_type=\"image.default\">\n\t\t\t\t\t\t\t\t\t\t\t\t<figure class=\"wp-caption\">\n\t\t\t\t\t\t\t\t\t\t\t<a href=\"https:\/\/iboo-formation.fr\/wordpress-initiation-angers-formation-angers-et-a-distance\/\">\n\t\t\t\t\t\t\t<img decoding=\"async\" src=\"https:\/\/www.new.iboo-formation.fr\/wp-content\/uploads\/2025\/10\/wordpress.png\" title=\"wordpress.png\" alt=\"wordpress.png\" loading=\"lazy\" \/>\t\t\t\t\t\t\t\t<\/a>\n\t\t\t\t\t\t\t\t\t\t\t<figcaption class=\"widget-image-caption wp-caption-text\">WordPress initiation<\/figcaption>\n\t\t\t\t\t\t\t\t\t\t<\/figure>\n\t\t\t\t\t\t\t\t\t<\/div>\n\t\t\t\t\t<\/div>\n\t\t<\/div>\n\t\t\t\t<div class=\"elementor-column elementor-col-25 elementor-top-column elementor-element elementor-element-1838c12c\" data-id=\"1838c12c\" data-element_type=\"column\">\n\t\t\t<div class=\"elementor-widget-wrap elementor-element-populated\">\n\t\t\t\t\t\t<div class=\"elementor-element elementor-element-4b76bcc8 elementor-widget elementor-widget-image\" data-id=\"4b76bcc8\" data-element_type=\"widget\" data-widget_type=\"image.default\">\n\t\t\t\t\t\t\t\t\t\t\t\t<figure class=\"wp-caption\">\n\t\t\t\t\t\t\t\t\t\t\t<a href=\"https:\/\/iboo-formation.fr\/wordpress-perfectionnement-angers-formation-angers-et-a-distance\/\">\n\t\t\t\t\t\t\t<img decoding=\"async\" src=\"https:\/\/www.new.iboo-formation.fr\/wp-content\/uploads\/2025\/10\/wordpress.png\" title=\"wordpress.png\" alt=\"wordpress.png\" loading=\"lazy\" \/>\t\t\t\t\t\t\t\t<\/a>\n\t\t\t\t\t\t\t\t\t\t\t<figcaption class=\"widget-image-caption wp-caption-text\">WordPress perfectionnement<\/figcaption>\n\t\t\t\t\t\t\t\t\t\t<\/figure>\n\t\t\t\t\t\t\t\t\t<\/div>\n\t\t\t\t\t<\/div>\n\t\t<\/div>\n\t\t\t\t<div class=\"elementor-column elementor-col-25 elementor-top-column elementor-element elementor-element-103ce5ba\" data-id=\"103ce5ba\" data-element_type=\"column\">\n\t\t\t<div class=\"elementor-widget-wrap elementor-element-populated\">\n\t\t\t\t\t\t<div class=\"elementor-element elementor-element-1c2d577c elementor-widget elementor-widget-image\" data-id=\"1c2d577c\" data-element_type=\"widget\" data-widget_type=\"image.default\">\n\t\t\t\t\t\t\t\t\t\t\t\t<figure class=\"wp-caption\">\n\t\t\t\t\t\t\t\t\t\t\t<a href=\"https:\/\/iboo-formation.fr\/formation-angers-wordpress-votre-template-formation-angers\/\">\n\t\t\t\t\t\t\t<img decoding=\"async\" src=\"https:\/\/www.new.iboo-formation.fr\/wp-content\/uploads\/2025\/10\/wordpress.png\" title=\"wordpress.png\" alt=\"wordpress.png\" loading=\"lazy\" \/>\t\t\t\t\t\t\t\t<\/a>\n\t\t\t\t\t\t\t\t\t\t\t<figcaption class=\"widget-image-caption wp-caption-text\">WordPress votre template<\/figcaption>\n\t\t\t\t\t\t\t\t\t\t<\/figure>\n\t\t\t\t\t\t\t\t\t<\/div>\n\t\t\t\t\t<\/div>\n\t\t<\/div>\n\t\t\t\t\t<\/div>\n\t\t<\/section>\n\t\t\t\t<\/div>\n\t\t","protected":false},"excerpt":{"rendered":"<p>Formation WordPress \u00e0 Angers (49) et R\u00e9f\u00e9rencement Cr\u00e9ez\u00a0votre propre site Web\u00a0\u00e0 partir de z\u00e9ro en utilisant WordPress.\u00a0M\u00eame si vous n&#8217;avez jamais cr\u00e9\u00e9 de site Web auparavant ! Dans cette formation, iBoo vous propose d&#8217;apprendre \u00e0 cr\u00e9er un site Web \u00e0 partir de z\u00e9ro en utilisant\u00a0WordPress,\u00a0un th\u00e8me et un \u00e9diteur au choix.\u00a0M\u00eame si vous \u00eates nouveau&#8230;<\/p>\n","protected":false},"author":1,"featured_media":0,"parent":0,"menu_order":0,"comment_status":"closed","ping_status":"closed","template":"elementor_header_footer","meta":{"_kad_post_transparent":"","_kad_post_title":"hide","_kad_post_layout":"fullwidth","_kad_post_sidebar_id":"","_kad_post_content_style":"unboxed","_kad_post_vertical_padding":"hide","_kad_post_feature":"hide","_kad_post_feature_position":"","_kad_post_header":false,"_kad_post_footer":false,"footnotes":""},"class_list":["post-922","page","type-page","status-publish","hentry"],"_links":{"self":[{"href":"https:\/\/www.new.iboo-formation.fr\/index.php\/wp-json\/wp\/v2\/pages\/922","targetHints":{"allow":["GET"]}}],"collection":[{"href":"https:\/\/www.new.iboo-formation.fr\/index.php\/wp-json\/wp\/v2\/pages"}],"about":[{"href":"https:\/\/www.new.iboo-formation.fr\/index.php\/wp-json\/wp\/v2\/types\/page"}],"author":[{"embeddable":true,"href":"https:\/\/www.new.iboo-formation.fr\/index.php\/wp-json\/wp\/v2\/users\/1"}],"replies":[{"embeddable":true,"href":"https:\/\/www.new.iboo-formation.fr\/index.php\/wp-json\/wp\/v2\/comments?post=922"}],"version-history":[{"count":4,"href":"https:\/\/www.new.iboo-formation.fr\/index.php\/wp-json\/wp\/v2\/pages\/922\/revisions"}],"predecessor-version":[{"id":926,"href":"https:\/\/www.new.iboo-formation.fr\/index.php\/wp-json\/wp\/v2\/pages\/922\/revisions\/926"}],"wp:attachment":[{"href":"https:\/\/www.new.iboo-formation.fr\/index.php\/wp-json\/wp\/v2\/media?parent=922"}],"curies":[{"name":"wp","href":"https:\/\/api.w.org\/{rel}","templated":true}]}}